{"id":11596,"date":"2021-08-17T17:08:16","date_gmt":"2021-08-17T15:08:16","guid":{"rendered":"https:\/\/www.cemis.bg\/?page_id=11596"},"modified":"2021-09-09T17:29:44","modified_gmt":"2021-09-09T15:29:44","slug":"marieta-karanikova","status":"publish","type":"page","link":"http:\/\/www.cemis.bg\/fr\/aboutus\/marieta-karanikova\/","title":{"rendered":"\u041c\u0430\u0440\u0438\u0435\u0442\u0430 \u041a\u0430\u0440\u0430\u043d\u0438\u043a\u043e\u0432\u0430"},"content":{"rendered":"<div data-elementor-type=\"wp-page\" data-elementor-id=\"11596\" class=\"elementor elementor-11596\">\n\t\t\t\t\t\t<div class=\"elementor-inner\">\n\t\t\t\t<div class=\"elementor-section-wrap\">\n\t\t\t\t\t\t\t\t\t<section class=\"elementor-section elementor-top-section elementor-element elementor-element-2334d65 elementor-section-full_width elementor-section-stretched elementor-section-height-default elementor-section-height-default\" data-id=\"2334d65\" data-element_type=\"section\" data-settings=\"{&quot;stretch_section&quot;:&quot;section-stretched&quot;}\">\n\t\t\t\t\t\t<div class=\"elementor-container elementor-column-gap-default\">\n\t\t\t\t\t\t\t<div class=\"elementor-row\">\n\t\t\t\t\t<div class=\"elementor-column elementor-col-100 elementor-top-column elementor-element elementor-element-33cb6a4\" data-id=\"33cb6a4\" data-element_type=\"column\" data-settings=\"{&quot;background_background&quot;:&quot;classic&quot;}\">\n\t\t\t<div class=\"elementor-column-wrap elementor-element-populated\">\n\t\t\t\t\t<div class=\"elementor-background-overlay\"><\/div>\n\t\t\t\t\t\t\t<div class=\"elementor-widget-wrap\">\n\t\t\t\t\t\t<section class=\"elementor-section elementor-inner-section elementor-element elementor-element-736768c elementor-section-full_width elementor-section-height-default elementor-section-height-default\" data-id=\"736768c\" data-element_type=\"section\">\n\t\t\t\t\t\t<div class=\"elementor-container elementor-column-gap-no\">\n\t\t\t\t\t\t\t<div class=\"elementor-row\">\n\t\t\t\t\t<div class=\"elementor-column elementor-col-100 elementor-inner-column elementor-element elementor-element-2b51eed\" data-id=\"2b51eed\" data-element_type=\"column\">\n\t\t\t<div class=\"elementor-column-wrap elementor-element-populated\">\n\t\t\t\t\t\t\t<div class=\"elementor-widget-wrap\">\n\t\t\t\t\t\t<div class=\"elementor-element elementor-element-c3cbc73 elementor-widget elementor-widget-text-editor\" data-id=\"c3cbc73\" data-element_type=\"widget\" data-widget_type=\"text-editor.default\">\n\t\t\t\t<div class=\"elementor-widget-container\">\n\t\t\t\t\t\t\t\t<div class=\"elementor-text-editor elementor-clearfix\">\n\t\t\t\t<img loading=\"lazy\" decoding=\"async\" class=\"size-full wp-image-11633 alignleft\" src=\"https:\/\/www.cemis.bg\/wp-content\/uploads\/2021\/08\/Marieta_Karanikova_300x300-300x300.jpg\" alt=\"\u041c\u0430\u0440\u0438\u0435\u0442\u0430 \u041a\u0430\u0440\u0430\u043d\u0438\u043a\u043e\u0432\u0430\" width=\"260\" height=\"260\" srcset=\"https:\/\/www.cemis.bg\/wp-content\/uploads\/2021\/08\/Marieta_Karanikova_300x300.jpg 300w, https:\/\/www.cemis.bg\/wp-content\/uploads\/2021\/08\/Marieta_Karanikova_300x300-150x150.jpg 150w, https:\/\/www.cemis.bg\/wp-content\/uploads\/2021\/08\/Marieta_Karanikova_300x300-12x12.jpg 12w\" sizes=\"auto, (max-width: 260px) 100vw, 260px\" \/>\n<div style=\"position: absolute; top: 100px; left: 275px;\">\n<p style=\"font-size: 15px; font-weight: 900; text-align: left;\">MARIETA KARANIKOVA<\/p>\n<p style=\"line-height: 30px; font-family: Verdana; font-size: 15px; font-weight: 400;\">Gestion des d\u00e9chets<br clear=\"none\" \/>MAGISTERIUM Ltd<\/p>\n\n<\/div>\t\t\t\t\t<\/div>\n\t\t\t\t\t\t<\/div>\n\t\t\t\t<\/div>\n\t\t\t\t<div class=\"elementor-element elementor-element-7e9be32 elementor-widget elementor-widget-spacer\" data-id=\"7e9be32\" data-element_type=\"widget\" data-widget_type=\"spacer.default\">\n\t\t\t\t<div class=\"elementor-widget-container\">\n\t\t\t\t\t<div class=\"elementor-spacer\">\n\t\t\t<div class=\"elementor-spacer-inner\"><\/div>\n\t\t<\/div>\n\t\t\t\t<\/div>\n\t\t\t\t<\/div>\n\t\t\t\t\t\t<\/div>\n\t\t\t\t\t<\/div>\n\t\t<\/div>\n\t\t\t\t\t\t\t\t<\/div>\n\t\t\t\t\t<\/div>\n\t\t<\/section>\n\t\t\t\t<div class=\"elementor-element elementor-element-9657be5 elementor-widget elementor-widget-text-editor\" data-id=\"9657be5\" data-element_type=\"widget\" data-widget_type=\"text-editor.default\">\n\t\t\t\t<div class=\"elementor-widget-container\">\n\t\t\t\t\t\t\t\t<div class=\"elementor-text-editor elementor-clearfix\">\n\t\t\t\t<p style=\"line-height: 30px; font-family: Verdana; font-size: 15px; font-weight: 400; text-align: justify;\">Marieta Karanikova est titulaire d'une ma\u00eetrise en marketing, acquise \u00e0 l'Universit\u00e9 libre de Burgas. Il est actuellement expert dans l'\u00e9quipe de MAGISTERIUM Ltd.<br clear=\"none\" \/>Avec plus de 21 ans d'exp\u00e9rience professionnelle pratique dans la pr\u00e9paration de propositions de projets et de documentation pour les march\u00e9s publics, g\u00e8re et coordonne la mise en \u0153uvre des activit\u00e9s sur divers projets.<br clear=\"none\" \/>Il a de l'exp\u00e9rience dans le programme op\u00e9rationnel \"D\u00e9veloppement des ressources humaines\", \"Leonardo da Vinci\", \"Erasmus +\" et autres. Il est formateur certifi\u00e9 par l'Organisation internationale du travail dans le cadre du programme \"Cr\u00e9ez votre id\u00e9e d'entreprise\", \"D\u00e9marrez votre propre entreprise\" et \"D\u00e9veloppez votre entreprise\".<\/p>\t\t\t\t\t<\/div>\n\t\t\t\t\t\t<\/div>\n\t\t\t\t<\/div>\n\t\t\t\t\t\t<\/div>\n\t\t\t\t\t<\/div>\n\t\t<\/div>\n\t\t\t\t\t\t\t\t<\/div>\n\t\t\t\t\t<\/div>\n\t\t<\/section>\n\t\t\t\t\t\t\t\t\t<\/div>\n\t\t\t<\/div>\n\t\t\t\t\t<\/div>","protected":false},"excerpt":{"rendered":"<p>MARIETA KARANIKOVA Gestion des d\u00e9chetsMAGISTERIUM Ltd Marieta Karanikova est titulaire d'un master en marketing, acquis \u00e0 l'Universit\u00e9 libre de Burgas. Il est actuellement expert dans l'\u00e9quipe de MAGISTERIUM Ltd.Avec plus de 21 ans d'exp\u00e9rience professionnelle pratique dans la pr\u00e9paration de propositions de projets et de documentation pour les march\u00e9s publics, g\u00e8re et coordonne la mise en \u0153uvre des activit\u00e9s sur [...]<\/p>","protected":false},"author":1,"featured_media":0,"parent":154,"menu_order":0,"comment_status":"closed","ping_status":"closed","template":"","meta":{"_mi_skip_tracking":false,"_monsterinsights_sitenote_active":false,"_monsterinsights_sitenote_note":"","_monsterinsights_sitenote_category":0,"footnotes":""},"class_list":["post-11596","page","type-page","status-publish","hentry","entry"],"yoast_head":"<!-- This site is optimized with the Yoast SEO plugin v20.10 - https:\/\/yoast.com\/wordpress\/plugins\/seo\/ -->\n<title>\u041c\u0430\u0440\u0438\u0435\u0442\u0430 \u041a\u0430\u0440\u0430\u043d\u0438\u043a\u043e\u0432\u0430 - CEMIS<\/title>\n<meta name=\"robots\" content=\"index, follow, max-snippet:-1, max-image-preview:large, max-video-preview:-1\" \/>\n<link rel=\"canonical\" href=\"http:\/\/www.cemis.bg\/fr\/aboutus\/marieta-karanikova\/\" \/>\n<meta property=\"og:locale\" content=\"fr_FR\" \/>\n<meta property=\"og:type\" content=\"article\" \/>\n<meta property=\"og:title\" content=\"\u041c\u0430\u0440\u0438\u0435\u0442\u0430 \u041a\u0430\u0440\u0430\u043d\u0438\u043a\u043e\u0432\u0430 - CEMIS\" \/>\n<meta property=\"og:description\" content=\"MARIETA KARANIKOVA Waste managementMAGISTERIUM Ltd Marieta Karanikova has a master&#8217;s degree in Marketing, acquired at Burgas Free University. He is currently an expert in the team of MAGISTERIUM Ltd.With over 21 years of practical professional experience in the preparation of project proposals and documentation for public procurement, manages and coordinates the implementation of activities on [&hellip;]\" \/>\n<meta property=\"og:url\" content=\"http:\/\/www.cemis.bg\/fr\/aboutus\/marieta-karanikova\/\" \/>\n<meta property=\"og:site_name\" content=\"CEMIS\" \/>\n<meta property=\"article:modified_time\" content=\"2021-09-09T15:29:44+00:00\" \/>\n<meta property=\"og:image\" content=\"https:\/\/www.cemis.bg\/wp-content\/uploads\/2021\/08\/Marieta_Karanikova_300x300-300x300.jpg\" \/>\n<meta name=\"twitter:card\" content=\"summary_large_image\" \/>\n<script type=\"application\/ld+json\" class=\"yoast-schema-graph\">{\"@context\":\"https:\/\/schema.org\",\"@graph\":[{\"@type\":\"WebPage\",\"@id\":\"https:\/\/www.cemis.bg\/aboutus\/marieta-karanikova\/\",\"url\":\"https:\/\/www.cemis.bg\/aboutus\/marieta-karanikova\/\",\"name\":\"\u041c\u0430\u0440\u0438\u0435\u0442\u0430 \u041a\u0430\u0440\u0430\u043d\u0438\u043a\u043e\u0432\u0430 - CEMIS\",\"isPartOf\":{\"@id\":\"https:\/\/www.cemis.bg\/en\/#website\"},\"datePublished\":\"2021-08-17T15:08:16+00:00\",\"dateModified\":\"2021-09-09T15:29:44+00:00\",\"breadcrumb\":{\"@id\":\"https:\/\/www.cemis.bg\/aboutus\/marieta-karanikova\/#breadcrumb\"},\"inLanguage\":\"fr-FR\",\"potentialAction\":[{\"@type\":\"ReadAction\",\"target\":[\"https:\/\/www.cemis.bg\/aboutus\/marieta-karanikova\/\"]}]},{\"@type\":\"BreadcrumbList\",\"@id\":\"https:\/\/www.cemis.bg\/aboutus\/marieta-karanikova\/#breadcrumb\",\"itemListElement\":[{\"@type\":\"ListItem\",\"position\":1,\"name\":\"Home\",\"item\":\"https:\/\/www.cemis.bg\/\"},{\"@type\":\"ListItem\",\"position\":2,\"name\":\"\u0417\u0430 CEMIS\",\"item\":\"https:\/\/www.cemis.bg\/aboutus\/\"},{\"@type\":\"ListItem\",\"position\":3,\"name\":\"\u041c\u0430\u0440\u0438\u0435\u0442\u0430 \u041a\u0430\u0440\u0430\u043d\u0438\u043a\u043e\u0432\u0430\"}]},{\"@type\":\"WebSite\",\"@id\":\"https:\/\/www.cemis.bg\/en\/#website\",\"url\":\"https:\/\/www.cemis.bg\/en\/\",\"name\":\"CEMIS\",\"description\":\"Circular Economy Management Information System\",\"publisher\":{\"@id\":\"https:\/\/www.cemis.bg\/en\/#organization\"},\"potentialAction\":[{\"@type\":\"SearchAction\",\"target\":{\"@type\":\"EntryPoint\",\"urlTemplate\":\"https:\/\/www.cemis.bg\/en\/?s={search_term_string}\"},\"query-input\":\"required name=search_term_string\"}],\"inLanguage\":\"fr-FR\"},{\"@type\":\"Organization\",\"@id\":\"https:\/\/www.cemis.bg\/en\/#organization\",\"name\":\"CEMIS\",\"url\":\"https:\/\/www.cemis.bg\/en\/\",\"logo\":{\"@type\":\"ImageObject\",\"inLanguage\":\"fr-FR\",\"@id\":\"https:\/\/www.cemis.bg\/en\/#\/schema\/logo\/image\/\",\"url\":\"https:\/\/www.cemis.bg\/wp-content\/uploads\/2021\/10\/CEMIS-Logo-White1-2048x757-1.gif\",\"contentUrl\":\"https:\/\/www.cemis.bg\/wp-content\/uploads\/2021\/10\/CEMIS-Logo-White1-2048x757-1.gif\",\"width\":2048,\"height\":757,\"caption\":\"CEMIS\"},\"image\":{\"@id\":\"https:\/\/www.cemis.bg\/en\/#\/schema\/logo\/image\/\"}}]}<\/script>\n<!-- \/ Yoast SEO plugin. -->","yoast_head_json":{"title":"\u041c\u0430\u0440\u0438\u0435\u0442\u0430 \u041a\u0430\u0440\u0430\u043d\u0438\u043a\u043e\u0432\u0430 - CEMIS","robots":{"index":"index","follow":"follow","max-snippet":"max-snippet:-1","max-image-preview":"max-image-preview:large","max-video-preview":"max-video-preview:-1"},"canonical":"http:\/\/www.cemis.bg\/fr\/aboutus\/marieta-karanikova\/","og_locale":"fr_FR","og_type":"article","og_title":"\u041c\u0430\u0440\u0438\u0435\u0442\u0430 \u041a\u0430\u0440\u0430\u043d\u0438\u043a\u043e\u0432\u0430 - CEMIS","og_description":"MARIETA KARANIKOVA Waste managementMAGISTERIUM Ltd Marieta Karanikova has a master&#8217;s degree in Marketing, acquired at Burgas Free University. He is currently an expert in the team of MAGISTERIUM Ltd.With over 21 years of practical professional experience in the preparation of project proposals and documentation for public procurement, manages and coordinates the implementation of activities on [&hellip;]","og_url":"http:\/\/www.cemis.bg\/fr\/aboutus\/marieta-karanikova\/","og_site_name":"CEMIS","article_modified_time":"2021-09-09T15:29:44+00:00","og_image":[{"url":"https:\/\/www.cemis.bg\/wp-content\/uploads\/2021\/08\/Marieta_Karanikova_300x300-300x300.jpg"}],"twitter_card":"summary_large_image","schema":{"@context":"https:\/\/schema.org","@graph":[{"@type":"WebPage","@id":"https:\/\/www.cemis.bg\/aboutus\/marieta-karanikova\/","url":"https:\/\/www.cemis.bg\/aboutus\/marieta-karanikova\/","name":"\u041c\u0430\u0440\u0438\u0435\u0442\u0430 \u041a\u0430\u0440\u0430\u043d\u0438\u043a\u043e\u0432\u0430 - CEMIS","isPartOf":{"@id":"https:\/\/www.cemis.bg\/en\/#website"},"datePublished":"2021-08-17T15:08:16+00:00","dateModified":"2021-09-09T15:29:44+00:00","breadcrumb":{"@id":"https:\/\/www.cemis.bg\/aboutus\/marieta-karanikova\/#breadcrumb"},"inLanguage":"fr-FR","potentialAction":[{"@type":"ReadAction","target":["https:\/\/www.cemis.bg\/aboutus\/marieta-karanikova\/"]}]},{"@type":"BreadcrumbList","@id":"https:\/\/www.cemis.bg\/aboutus\/marieta-karanikova\/#breadcrumb","itemListElement":[{"@type":"ListItem","position":1,"name":"Home","item":"https:\/\/www.cemis.bg\/"},{"@type":"ListItem","position":2,"name":"\u0417\u0430 CEMIS","item":"https:\/\/www.cemis.bg\/aboutus\/"},{"@type":"ListItem","position":3,"name":"\u041c\u0430\u0440\u0438\u0435\u0442\u0430 \u041a\u0430\u0440\u0430\u043d\u0438\u043a\u043e\u0432\u0430"}]},{"@type":"WebSite","@id":"https:\/\/www.cemis.bg\/en\/#website","url":"https:\/\/www.cemis.bg\/en\/","name":"CEMIS","description":"Circular Economy Management Information System","publisher":{"@id":"https:\/\/www.cemis.bg\/en\/#organization"},"potentialAction":[{"@type":"SearchAction","target":{"@type":"EntryPoint","urlTemplate":"https:\/\/www.cemis.bg\/en\/?s={search_term_string}"},"query-input":"required name=search_term_string"}],"inLanguage":"fr-FR"},{"@type":"Organization","@id":"https:\/\/www.cemis.bg\/en\/#organization","name":"CEMIS","url":"https:\/\/www.cemis.bg\/en\/","logo":{"@type":"ImageObject","inLanguage":"fr-FR","@id":"https:\/\/www.cemis.bg\/en\/#\/schema\/logo\/image\/","url":"https:\/\/www.cemis.bg\/wp-content\/uploads\/2021\/10\/CEMIS-Logo-White1-2048x757-1.gif","contentUrl":"https:\/\/www.cemis.bg\/wp-content\/uploads\/2021\/10\/CEMIS-Logo-White1-2048x757-1.gif","width":2048,"height":757,"caption":"CEMIS"},"image":{"@id":"https:\/\/www.cemis.bg\/en\/#\/schema\/logo\/image\/"}}]}},"_links":{"self":[{"href":"http:\/\/www.cemis.bg\/fr\/wp-json\/wp\/v2\/pages\/11596","targetHints":{"allow":["GET"]}}],"collection":[{"href":"http:\/\/www.cemis.bg\/fr\/wp-json\/wp\/v2\/pages"}],"about":[{"href":"http:\/\/www.cemis.bg\/fr\/wp-json\/wp\/v2\/types\/page"}],"author":[{"embeddable":true,"href":"http:\/\/www.cemis.bg\/fr\/wp-json\/wp\/v2\/users\/1"}],"replies":[{"embeddable":true,"href":"http:\/\/www.cemis.bg\/fr\/wp-json\/wp\/v2\/comments?post=11596"}],"version-history":[{"count":12,"href":"http:\/\/www.cemis.bg\/fr\/wp-json\/wp\/v2\/pages\/11596\/revisions"}],"predecessor-version":[{"id":11642,"href":"http:\/\/www.cemis.bg\/fr\/wp-json\/wp\/v2\/pages\/11596\/revisions\/11642"}],"up":[{"embeddable":true,"href":"http:\/\/www.cemis.bg\/fr\/wp-json\/wp\/v2\/pages\/154"}],"wp:attachment":[{"href":"http:\/\/www.cemis.bg\/fr\/wp-json\/wp\/v2\/media?parent=11596"}],"curies":[{"name":"wp","href":"https:\/\/api.w.org\/{rel}","templated":true}]}}