{"id":3392,"date":"2021-04-05T14:23:45","date_gmt":"2021-04-05T12:23:45","guid":{"rendered":"https:\/\/www.cemis.bg\/?page_id=3392"},"modified":"2021-12-13T17:23:54","modified_gmt":"2021-12-13T15:23:54","slug":"general-information","status":"publish","type":"page","link":"http:\/\/www.cemis.bg\/fr\/useful\/information\/general-information\/","title":{"rendered":"\u041e\u0431\u0449\u0430 \u0438\u043d\u0444\u043e\u0440\u043c\u0430\u0446\u0438\u044f"},"content":{"rendered":"<div data-elementor-type=\"wp-page\" data-elementor-id=\"3392\" class=\"elementor elementor-3392\">\n\t\t\t\t\t\t<div class=\"elementor-inner\">\n\t\t\t\t<div class=\"elementor-section-wrap\">\n\t\t\t\t\t\t\t\t\t<section class=\"elementor-section elementor-top-section elementor-element elementor-element-5d00866 elementor-section-boxed elementor-section-height-default elementor-section-height-default\" data-id=\"5d00866\" data-element_type=\"section\" data-settings=\"{&quot;background_background&quot;:&quot;classic&quot;}\">\n\t\t\t\t\t\t<div class=\"elementor-container elementor-column-gap-default\">\n\t\t\t\t\t\t\t<div class=\"elementor-row\">\n\t\t\t\t\t<div class=\"elementor-column elementor-col-100 elementor-top-column elementor-element elementor-element-46dc330\" data-id=\"46dc330\" data-element_type=\"column\">\n\t\t\t<div class=\"elementor-column-wrap elementor-element-populated\">\n\t\t\t\t\t\t\t<div class=\"elementor-widget-wrap\">\n\t\t\t\t\t\t<section class=\"elementor-section elementor-inner-section elementor-element elementor-element-d0e6420 elementor-section-boxed elementor-section-height-default elementor-section-height-default\" data-id=\"d0e6420\" data-element_type=\"section\">\n\t\t\t\t\t\t<div class=\"elementor-container elementor-column-gap-default\">\n\t\t\t\t\t\t\t<div class=\"elementor-row\">\n\t\t\t\t\t<div class=\"elementor-column elementor-col-100 elementor-inner-column elementor-element elementor-element-2324f6b\" data-id=\"2324f6b\" data-element_type=\"column\" data-settings=\"{&quot;background_background&quot;:&quot;classic&quot;}\">\n\t\t\t<div class=\"elementor-column-wrap elementor-element-populated\">\n\t\t\t\t\t\t\t<div class=\"elementor-widget-wrap\">\n\t\t\t\t\t\t<div class=\"elementor-element elementor-element-fb7b809 elementor-widget elementor-widget-heading\" data-id=\"fb7b809\" data-element_type=\"widget\" data-widget_type=\"heading.default\">\n\t\t\t\t<div class=\"elementor-widget-container\">\n\t\t\t<h4 class=\"elementor-heading-title elementor-size-default\">QU'EST-CE QUE L'\u00c9CONOMIE CIRCULAIRE ?<\/h4>\t\t<\/div>\n\t\t\t\t<\/div>\n\t\t\t\t<div class=\"elementor-element elementor-element-6d031b6 elementor-widget elementor-widget-text-editor\" data-id=\"6d031b6\" data-element_type=\"widget\" data-settings=\"{&quot;_animation&quot;:&quot;none&quot;}\" data-widget_type=\"text-editor.default\">\n\t\t\t\t<div class=\"elementor-widget-container\">\n\t\t\t\t\t\t\t\t<div class=\"elementor-text-editor elementor-clearfix\">\n\t\t\t\tL'\u00e9conomie circulaire est un mod\u00e8le de production et de consommation qui implique le partage, la location, la r\u00e9utilisation, la r\u00e9paration, la remise \u00e0 neuf et le recyclage des mat\u00e9riaux et produits existants aussi longtemps que possible. De cette mani\u00e8re, le cycle de vie des produits est prolong\u00e9.<br clear=\"none\" \/><br clear=\"none\" \/>Lorsqu'un produit arrive en fin de vie, ses mat\u00e9riaux sont conserv\u00e9s au sein de l'\u00e9conomie dans la mesure du possible. Celles-ci peuvent \u00eatre r\u00e9utilis\u00e9es de mani\u00e8re productive, cr\u00e9ant ainsi une valeur suppl\u00e9mentaire. En pratique, cela implique de r\u00e9duire les d\u00e9chets au minimum.<br clear=\"none\" \/><br clear=\"none\" \/>Il s'agit d'une rupture par rapport au mod\u00e8le \u00e9conomique traditionnel, lin\u00e9aire, dans lequel les mati\u00e8res premi\u00e8res sont utilis\u00e9es, les objets sont fabriqu\u00e9s \u00e0 partir de celles-ci puis consomm\u00e9s et les restes sont jet\u00e9s. Le mod\u00e8le \u00e9conomique lin\u00e9aire traditionnel repose sur un sch\u00e9ma \"prendre-fabriquer-consommer-jeter\". Ce mod\u00e8le repose sur de grandes quantit\u00e9s de mat\u00e9riaux et d'\u00e9nergie bon march\u00e9 et facilement accessibles.<br clear=\"none\" \/><br clear=\"none\" \/>L'obsolescence planifi\u00e9e fait \u00e9galement partie de ce mod\u00e8le, lorsqu'un produit a \u00e9t\u00e9 con\u00e7u pour avoir une dur\u00e9e de vie limit\u00e9e afin d'encourager les consommateurs \u00e0 le racheter ou lorsque la valeur de la partie d\u00e9fectueuse du produit est la m\u00eame que celle d'un produit neuf.\n<p id=\"Benefits\"><\/p>\t\t\t\t\t<\/div>\n\t\t\t\t\t\t<\/div>\n\t\t\t\t<\/div>\n\t\t\t\t\t\t<\/div>\n\t\t\t\t\t<\/div>\n\t\t<\/div>\n\t\t\t\t\t\t\t\t<\/div>\n\t\t\t\t\t<\/div>\n\t\t<\/section>\n\t\t\t\t<section class=\"elementor-section elementor-inner-section elementor-element elementor-element-31c3e6b elementor-section-boxed elementor-section-height-default elementor-section-height-default\" data-id=\"31c3e6b\" data-element_type=\"section\">\n\t\t\t\t\t\t<div class=\"elementor-container elementor-column-gap-default\">\n\t\t\t\t\t\t\t<div class=\"elementor-row\">\n\t\t\t\t\t<div class=\"elementor-column elementor-col-100 elementor-inner-column elementor-element elementor-element-9359bdc\" data-id=\"9359bdc\" data-element_type=\"column\" data-settings=\"{&quot;background_background&quot;:&quot;classic&quot;}\">\n\t\t\t<div class=\"elementor-column-wrap elementor-element-populated\">\n\t\t\t\t\t\t\t<div class=\"elementor-widget-wrap\">\n\t\t\t\t\t\t<div class=\"elementor-element elementor-element-7ee5be1 elementor-widget elementor-widget-heading\" data-id=\"7ee5be1\" data-element_type=\"widget\" id=\"what-are-the-benefits\" data-widget_type=\"heading.default\">\n\t\t\t\t<div class=\"elementor-widget-container\">\n\t\t\t<h4 class=\"elementor-heading-title elementor-size-default\">QUELS SONT LES AVANTAGES DE L'\u00c9CONOMIE CIRCULAIRE ?<\/h4>\t\t<\/div>\n\t\t\t\t<\/div>\n\t\t\t\t<div class=\"elementor-element elementor-element-5276bf7 elementor-widget elementor-widget-text-editor\" data-id=\"5276bf7\" data-element_type=\"widget\" data-settings=\"{&quot;_animation&quot;:&quot;none&quot;}\" data-widget_type=\"text-editor.default\">\n\t\t\t\t<div class=\"elementor-widget-container\">\n\t\t\t\t\t\t\t\t<div class=\"elementor-text-editor elementor-clearfix\">\n\t\t\t\t<ul class=\"leaf\">\n \t<li>Utilisation plus longue de nos objets pr\u00e9f\u00e9r\u00e9s ou de ceux auxquels nous nous sommes habitu\u00e9s.<\/li>\n \t<li>\u00c9conomiser de l'argent en r\u00e9duisant l'achat de biens inutiles, m\u00eame s'ils sont propos\u00e9s \u00e0 bas prix.<\/li>\n \t<li>Soutenir les entreprises locales et de quartier, les ateliers de r\u00e9paration et d'entretien, vos voisins, des professions sp\u00e9cifiques, etc.<\/li>\n \t<li>R\u00e9duire la pollution de l'environnement.<\/li>\n \t<li>R\u00e9duire les \u00e9missions de gaz \u00e0 effet de serre (qui sont un \u00e9l\u00e9ment de la formation du prix de l'\u00e9lectricit\u00e9).<\/li>\n \t<li>Protection des mati\u00e8res premi\u00e8res naturelles.<\/li>\n \t<li>Pr\u00e9servation et cr\u00e9ation de nouveaux emplois.<\/li>\n \t<li>Garantir l'acc\u00e8s \u00e0 des produits plus durables et plus \u00e9conomiques.<\/li>\n<\/ul>\n<p id=\"WhatToDo\"><\/p>\t\t\t\t\t<\/div>\n\t\t\t\t\t\t<\/div>\n\t\t\t\t<\/div>\n\t\t\t\t\t\t<\/div>\n\t\t\t\t\t<\/div>\n\t\t<\/div>\n\t\t\t\t\t\t\t\t<\/div>\n\t\t\t\t\t<\/div>\n\t\t<\/section>\n\t\t\t\t<section class=\"elementor-section elementor-inner-section elementor-element elementor-element-10bf84b elementor-section-boxed elementor-section-height-default elementor-section-height-default\" data-id=\"10bf84b\" data-element_type=\"section\">\n\t\t\t\t\t\t<div class=\"elementor-container elementor-column-gap-default\">\n\t\t\t\t\t\t\t<div class=\"elementor-row\">\n\t\t\t\t\t<div class=\"elementor-column elementor-col-100 elementor-inner-column elementor-element elementor-element-4ded592\" data-id=\"4ded592\" data-element_type=\"column\" data-settings=\"{&quot;background_background&quot;:&quot;classic&quot;}\">\n\t\t\t<div class=\"elementor-column-wrap elementor-element-populated\">\n\t\t\t\t\t\t\t<div class=\"elementor-widget-wrap\">\n\t\t\t\t\t\t<div class=\"elementor-element elementor-element-94416c3 elementor-widget elementor-widget-heading\" data-id=\"94416c3\" data-element_type=\"widget\" data-widget_type=\"heading.default\">\n\t\t\t\t<div class=\"elementor-widget-container\">\n\t\t\t<h4 class=\"elementor-heading-title elementor-size-default\">QUE POUVONS-NOUS FAIRE ?<\/h4>\t\t<\/div>\n\t\t\t\t<\/div>\n\t\t\t\t<div class=\"elementor-element elementor-element-1a75360 elementor-widget elementor-widget-text-editor\" data-id=\"1a75360\" data-element_type=\"widget\" data-settings=\"{&quot;_animation&quot;:&quot;none&quot;}\" data-widget_type=\"text-editor.default\">\n\t\t\t\t<div class=\"elementor-widget-container\">\n\t\t\t\t\t\t\t\t<div class=\"elementor-text-editor elementor-clearfix\">\n\t\t\t\t<ul class=\"leaf\">\n \t<li><strong>Restez inform\u00e9<\/strong>.<\/li>\n \t<li><strong>Utilisez<\/strong> des produits ou services durables, fabriqu\u00e9s avec des mat\u00e9riaux recyclables et faciles \u00e0 r\u00e9parer.<\/li>\n \t<li><strong>En savoir plus<\/strong> la garantie des biens, la p\u00e9riode et les circonstances.<\/li>\n \t<li><strong>R\u00e9duire<\/strong> la consommation. Envisagez de partager, de louer ou d'emprunter des biens, au lieu d'acheter ceux qui ne sont pas utilis\u00e9s r\u00e9guli\u00e8rement.<\/li>\n \t<li><strong>R\u00e9utilisation<\/strong> et prolonger la dur\u00e9e de vie d'un produit en le r\u00e9parant, en le mettant \u00e0 jour et en changeant sa destination.<\/li>\n \t<li><strong>Faire un don<\/strong> les choses dont vous n'avez pas besoin. Ne les jetez pas.<\/li>\n \t<li><strong>Collecter s\u00e9par\u00e9ment<\/strong> des mat\u00e9riaux tels que les m\u00e9taux, le verre, le plastique, le papier, etc. pour un usage r\u00e9p\u00e9t\u00e9.<\/li>\n \t<li><strong>Changement<\/strong> vos habitudes de consommation pour limiter la production de d\u00e9chets.<\/li>\n<\/ul>\t\t\t\t\t<\/div>\n\t\t\t\t\t\t<\/div>\n\t\t\t\t<\/div>\n\t\t\t\t\t\t<\/div>\n\t\t\t\t\t<\/div>\n\t\t<\/div>\n\t\t\t\t\t\t\t\t<\/div>\n\t\t\t\t\t<\/div>\n\t\t<\/section>\n\t\t\t\t\t\t<\/div>\n\t\t\t\t\t<\/div>\n\t\t<\/div>\n\t\t\t\t\t\t\t\t<\/div>\n\t\t\t\t\t<\/div>\n\t\t<\/section>\n\t\t\t\t<section class=\"elementor-section elementor-top-section elementor-element elementor-element-2f4d446 elementor-section-boxed elementor-section-height-default elementor-section-height-default\" data-id=\"2f4d446\" data-element_type=\"section\">\n\t\t\t\t\t\t<div class=\"elementor-container elementor-column-gap-default\">\n\t\t\t\t\t\t\t<div class=\"elementor-row\">\n\t\t\t\t\t<div class=\"elementor-column elementor-col-100 elementor-top-column elementor-element elementor-element-96d1a2a\" data-id=\"96d1a2a\" data-element_type=\"column\" data-settings=\"{&quot;animation&quot;:&quot;none&quot;,&quot;background_background&quot;:&quot;classic&quot;}\">\n\t\t\t<div class=\"elementor-column-wrap elementor-element-populated\">\n\t\t\t\t\t\t\t<div class=\"elementor-widget-wrap\">\n\t\t\t\t\t\t<div class=\"elementor-element elementor-element-e15ec33 elementor-widget elementor-widget-heading\" data-id=\"e15ec33\" data-element_type=\"widget\" id=\"types-of-waste\" data-widget_type=\"heading.default\">\n\t\t\t\t<div class=\"elementor-widget-container\">\n\t\t\t<h4 class=\"elementor-heading-title elementor-size-default\">Sources : <\/h4>\t\t<\/div>\n\t\t\t\t<\/div>\n\t\t\t\t<div class=\"elementor-element elementor-element-ccb5c17 elementor-widget elementor-widget-text-editor\" data-id=\"ccb5c17\" data-element_type=\"widget\" data-settings=\"{&quot;_animation&quot;:&quot;none&quot;}\" data-widget_type=\"text-editor.default\">\n\t\t\t\t<div class=\"elementor-widget-container\">\n\t\t\t\t\t\t\t\t<div class=\"elementor-text-editor elementor-clearfix\">\n\t\t\t\t<p><strong>Parlement europ\u00e9en<\/strong><br clear=\"none\" \/><strong>Conf\u00e9rence des Nations Unies sur le commerce et le d\u00e9veloppement<\/strong><br \/><img loading=\"lazy\" decoding=\"async\" class=\"aligncenter wp-image-8113\" src=\"https:\/\/www.cemis.bg\/wp-content\/uploads\/2021\/05\/Circular-economy_graph1_en.jpg\" alt=\"Circular economy graph\" width=\"800\" height=\"511\" srcset=\"https:\/\/www.cemis.bg\/wp-content\/uploads\/2021\/05\/Circular-economy_graph1_en.jpg 1024w, https:\/\/www.cemis.bg\/wp-content\/uploads\/2021\/05\/Circular-economy_graph1_en-300x192.jpg 300w, https:\/\/www.cemis.bg\/wp-content\/uploads\/2021\/05\/Circular-economy_graph1_en-768x491.jpg 768w, https:\/\/www.cemis.bg\/wp-content\/uploads\/2021\/05\/Circular-economy_graph1_en-16x10.jpg 16w\" sizes=\"auto, (max-width: 800px) 100vw, 800px\" \/><\/p><p align=\"center\"><strong>Source :<\/strong><br \/>https:\/\/s3-eu-west-1.amazonaws.com\/europarl\/circular_economy\/circular_economy_en.svg<\/p><p><img loading=\"lazy\" decoding=\"async\" class=\"aligncenter wp-image-8126 size-full\" src=\"https:\/\/www.cemis.bg\/wp-content\/uploads\/2021\/05\/Circular-economy_graph2_en.jpg\" alt=\"Circular economy\" width=\"450\" height=\"450\" srcset=\"https:\/\/www.cemis.bg\/wp-content\/uploads\/2021\/05\/Circular-economy_graph2_en.jpg 450w, https:\/\/www.cemis.bg\/wp-content\/uploads\/2021\/05\/Circular-economy_graph2_en-300x300.jpg 300w, https:\/\/www.cemis.bg\/wp-content\/uploads\/2021\/05\/Circular-economy_graph2_en-150x150.jpg 150w, https:\/\/www.cemis.bg\/wp-content\/uploads\/2021\/05\/Circular-economy_graph2_en-12x12.jpg 12w\" sizes=\"auto, (max-width: 450px) 100vw, 450px\" \/><\/p><p align=\"center\"><strong>Source :<\/strong> https:\/\/unctad.org\/news\/circular-economy-silver-bullet-emissions<\/p>\t\t\t\t\t<\/div>\n\t\t\t\t\t\t<\/div>\n\t\t\t\t<\/div>\n\t\t\t\t\t\t<\/div>\n\t\t\t\t\t<\/div>\n\t\t<\/div>\n\t\t\t\t\t\t\t\t<\/div>\n\t\t\t\t\t<\/div>\n\t\t<\/section>\n\t\t\t\t\t\t\t\t\t<\/div>\n\t\t\t<\/div>\n\t\t\t\t\t<\/div>","protected":false},"excerpt":{"rendered":"<p>QU'EST-CE QUE L'\u00c9CONOMIE CIRCULAIRE ? L'\u00e9conomie circulaire est un mod\u00e8le de production et de consommation qui implique le partage, la location, la r\u00e9utilisation, la r\u00e9paration, la remise \u00e0 neuf et le recyclage des mat\u00e9riaux et produits existants aussi longtemps que possible. De cette mani\u00e8re, le cycle de vie des produits est prolong\u00e9.Lorsqu'un produit atteint la fin de sa vie, ses mat\u00e9riaux sont conserv\u00e9s dans [...]<\/p>","protected":false},"author":1,"featured_media":0,"parent":160,"menu_order":0,"comment_status":"closed","ping_status":"closed","template":"","meta":{"_mi_skip_tracking":false,"_monsterinsights_sitenote_active":false,"_monsterinsights_sitenote_note":"","_monsterinsights_sitenote_category":0,"footnotes":""},"class_list":["post-3392","page","type-page","status-publish","hentry","entry"],"yoast_head":"<!-- This site is optimized with the Yoast SEO plugin v20.10 - https:\/\/yoast.com\/wordpress\/plugins\/seo\/ -->\n<title>\u041e\u0431\u0449\u0430 \u0438\u043d\u0444\u043e\u0440\u043c\u0430\u0446\u0438\u044f - CEMIS<\/title>\n<meta name=\"robots\" content=\"index, follow, max-snippet:-1, max-image-preview:large, max-video-preview:-1\" \/>\n<link rel=\"canonical\" href=\"http:\/\/www.cemis.bg\/fr\/useful\/information\/general-information\/\" \/>\n<meta property=\"og:locale\" content=\"fr_FR\" \/>\n<meta property=\"og:type\" content=\"article\" \/>\n<meta property=\"og:title\" content=\"\u041e\u0431\u0449\u0430 \u0438\u043d\u0444\u043e\u0440\u043c\u0430\u0446\u0438\u044f - CEMIS\" \/>\n<meta property=\"og:description\" content=\"WHAT IS THE CIRCULAR ECONOMY? The circular economy is a model of production and consumption, which involves sharing, leasing, reusing, repairing, refurbishing and recycling existing materials and products as long as possible. In this way, the life cycle of products is extended.When a product reaches the end of its life, its materials are kept within [&hellip;]\" \/>\n<meta property=\"og:url\" content=\"http:\/\/www.cemis.bg\/fr\/useful\/information\/general-information\/\" \/>\n<meta property=\"og:site_name\" content=\"CEMIS\" \/>\n<meta property=\"article:modified_time\" content=\"2021-12-13T15:23:54+00:00\" \/>\n<meta property=\"og:image\" content=\"https:\/\/www.cemis.bg\/wp-content\/uploads\/2021\/05\/Circular-economy_graph1_en.jpg\" \/>\n<meta name=\"twitter:card\" content=\"summary_large_image\" \/>\n<meta name=\"twitter:label1\" content=\"Dur\u00e9e de lecture estim\u00e9e\" \/>\n\t<meta name=\"twitter:data1\" content=\"3 minutes\" \/>\n<script type=\"application\/ld+json\" class=\"yoast-schema-graph\">{\"@context\":\"https:\/\/schema.org\",\"@graph\":[{\"@type\":\"WebPage\",\"@id\":\"https:\/\/www.cemis.bg\/useful\/information\/general-information\/\",\"url\":\"https:\/\/www.cemis.bg\/useful\/information\/general-information\/\",\"name\":\"\u041e\u0431\u0449\u0430 \u0438\u043d\u0444\u043e\u0440\u043c\u0430\u0446\u0438\u044f - CEMIS\",\"isPartOf\":{\"@id\":\"https:\/\/www.cemis.bg\/en\/#website\"},\"datePublished\":\"2021-04-05T12:23:45+00:00\",\"dateModified\":\"2021-12-13T15:23:54+00:00\",\"breadcrumb\":{\"@id\":\"https:\/\/www.cemis.bg\/useful\/information\/general-information\/#breadcrumb\"},\"inLanguage\":\"fr-FR\",\"potentialAction\":[{\"@type\":\"ReadAction\",\"target\":[\"https:\/\/www.cemis.bg\/useful\/information\/general-information\/\"]}]},{\"@type\":\"BreadcrumbList\",\"@id\":\"https:\/\/www.cemis.bg\/useful\/information\/general-information\/#breadcrumb\",\"itemListElement\":[{\"@type\":\"ListItem\",\"position\":1,\"name\":\"Home\",\"item\":\"https:\/\/www.cemis.bg\/\"},{\"@type\":\"ListItem\",\"position\":2,\"name\":\"\u041f\u043e\u043b\u0435\u0437\u043d\u043e\",\"item\":\"https:\/\/www.cemis.bg\/en\/useful\/\"},{\"@type\":\"ListItem\",\"position\":3,\"name\":\"\u041f\u043e\u043b\u0435\u0437\u043d\u0430 \u0438\u043d\u0444\u043e\u0440\u043c\u0430\u0446\u0438\u044f\",\"item\":\"https:\/\/www.cemis.bg\/useful\/information\/\"},{\"@type\":\"ListItem\",\"position\":4,\"name\":\"\u041e\u0431\u0449\u0430 \u0438\u043d\u0444\u043e\u0440\u043c\u0430\u0446\u0438\u044f\"}]},{\"@type\":\"WebSite\",\"@id\":\"https:\/\/www.cemis.bg\/en\/#website\",\"url\":\"https:\/\/www.cemis.bg\/en\/\",\"name\":\"CEMIS\",\"description\":\"Circular Economy Management Information System\",\"publisher\":{\"@id\":\"https:\/\/www.cemis.bg\/en\/#organization\"},\"potentialAction\":[{\"@type\":\"SearchAction\",\"target\":{\"@type\":\"EntryPoint\",\"urlTemplate\":\"https:\/\/www.cemis.bg\/en\/?s={search_term_string}\"},\"query-input\":\"required name=search_term_string\"}],\"inLanguage\":\"fr-FR\"},{\"@type\":\"Organization\",\"@id\":\"https:\/\/www.cemis.bg\/en\/#organization\",\"name\":\"CEMIS\",\"url\":\"https:\/\/www.cemis.bg\/en\/\",\"logo\":{\"@type\":\"ImageObject\",\"inLanguage\":\"fr-FR\",\"@id\":\"https:\/\/www.cemis.bg\/en\/#\/schema\/logo\/image\/\",\"url\":\"https:\/\/www.cemis.bg\/wp-content\/uploads\/2021\/10\/CEMIS-Logo-White1-2048x757-1.gif\",\"contentUrl\":\"https:\/\/www.cemis.bg\/wp-content\/uploads\/2021\/10\/CEMIS-Logo-White1-2048x757-1.gif\",\"width\":2048,\"height\":757,\"caption\":\"CEMIS\"},\"image\":{\"@id\":\"https:\/\/www.cemis.bg\/en\/#\/schema\/logo\/image\/\"}}]}<\/script>\n<!-- \/ Yoast SEO plugin. -->","yoast_head_json":{"title":"\u041e\u0431\u0449\u0430 \u0438\u043d\u0444\u043e\u0440\u043c\u0430\u0446\u0438\u044f - CEMIS","robots":{"index":"index","follow":"follow","max-snippet":"max-snippet:-1","max-image-preview":"max-image-preview:large","max-video-preview":"max-video-preview:-1"},"canonical":"http:\/\/www.cemis.bg\/fr\/useful\/information\/general-information\/","og_locale":"fr_FR","og_type":"article","og_title":"\u041e\u0431\u0449\u0430 \u0438\u043d\u0444\u043e\u0440\u043c\u0430\u0446\u0438\u044f - CEMIS","og_description":"WHAT IS THE CIRCULAR ECONOMY? The circular economy is a model of production and consumption, which involves sharing, leasing, reusing, repairing, refurbishing and recycling existing materials and products as long as possible. In this way, the life cycle of products is extended.When a product reaches the end of its life, its materials are kept within [&hellip;]","og_url":"http:\/\/www.cemis.bg\/fr\/useful\/information\/general-information\/","og_site_name":"CEMIS","article_modified_time":"2021-12-13T15:23:54+00:00","og_image":[{"url":"https:\/\/www.cemis.bg\/wp-content\/uploads\/2021\/05\/Circular-economy_graph1_en.jpg"}],"twitter_card":"summary_large_image","twitter_misc":{"Dur\u00e9e de lecture estim\u00e9e":"3 minutes"},"schema":{"@context":"https:\/\/schema.org","@graph":[{"@type":"WebPage","@id":"https:\/\/www.cemis.bg\/useful\/information\/general-information\/","url":"https:\/\/www.cemis.bg\/useful\/information\/general-information\/","name":"\u041e\u0431\u0449\u0430 \u0438\u043d\u0444\u043e\u0440\u043c\u0430\u0446\u0438\u044f - CEMIS","isPartOf":{"@id":"https:\/\/www.cemis.bg\/en\/#website"},"datePublished":"2021-04-05T12:23:45+00:00","dateModified":"2021-12-13T15:23:54+00:00","breadcrumb":{"@id":"https:\/\/www.cemis.bg\/useful\/information\/general-information\/#breadcrumb"},"inLanguage":"fr-FR","potentialAction":[{"@type":"ReadAction","target":["https:\/\/www.cemis.bg\/useful\/information\/general-information\/"]}]},{"@type":"BreadcrumbList","@id":"https:\/\/www.cemis.bg\/useful\/information\/general-information\/#breadcrumb","itemListElement":[{"@type":"ListItem","position":1,"name":"Home","item":"https:\/\/www.cemis.bg\/"},{"@type":"ListItem","position":2,"name":"\u041f\u043e\u043b\u0435\u0437\u043d\u043e","item":"https:\/\/www.cemis.bg\/en\/useful\/"},{"@type":"ListItem","position":3,"name":"\u041f\u043e\u043b\u0435\u0437\u043d\u0430 \u0438\u043d\u0444\u043e\u0440\u043c\u0430\u0446\u0438\u044f","item":"https:\/\/www.cemis.bg\/useful\/information\/"},{"@type":"ListItem","position":4,"name":"\u041e\u0431\u0449\u0430 \u0438\u043d\u0444\u043e\u0440\u043c\u0430\u0446\u0438\u044f"}]},{"@type":"WebSite","@id":"https:\/\/www.cemis.bg\/en\/#website","url":"https:\/\/www.cemis.bg\/en\/","name":"CEMIS","description":"Circular Economy Management Information System","publisher":{"@id":"https:\/\/www.cemis.bg\/en\/#organization"},"potentialAction":[{"@type":"SearchAction","target":{"@type":"EntryPoint","urlTemplate":"https:\/\/www.cemis.bg\/en\/?s={search_term_string}"},"query-input":"required name=search_term_string"}],"inLanguage":"fr-FR"},{"@type":"Organization","@id":"https:\/\/www.cemis.bg\/en\/#organization","name":"CEMIS","url":"https:\/\/www.cemis.bg\/en\/","logo":{"@type":"ImageObject","inLanguage":"fr-FR","@id":"https:\/\/www.cemis.bg\/en\/#\/schema\/logo\/image\/","url":"https:\/\/www.cemis.bg\/wp-content\/uploads\/2021\/10\/CEMIS-Logo-White1-2048x757-1.gif","contentUrl":"https:\/\/www.cemis.bg\/wp-content\/uploads\/2021\/10\/CEMIS-Logo-White1-2048x757-1.gif","width":2048,"height":757,"caption":"CEMIS"},"image":{"@id":"https:\/\/www.cemis.bg\/en\/#\/schema\/logo\/image\/"}}]}},"_links":{"self":[{"href":"http:\/\/www.cemis.bg\/fr\/wp-json\/wp\/v2\/pages\/3392","targetHints":{"allow":["GET"]}}],"collection":[{"href":"http:\/\/www.cemis.bg\/fr\/wp-json\/wp\/v2\/pages"}],"about":[{"href":"http:\/\/www.cemis.bg\/fr\/wp-json\/wp\/v2\/types\/page"}],"author":[{"embeddable":true,"href":"http:\/\/www.cemis.bg\/fr\/wp-json\/wp\/v2\/users\/1"}],"replies":[{"embeddable":true,"href":"http:\/\/www.cemis.bg\/fr\/wp-json\/wp\/v2\/comments?post=3392"}],"version-history":[{"count":178,"href":"http:\/\/www.cemis.bg\/fr\/wp-json\/wp\/v2\/pages\/3392\/revisions"}],"predecessor-version":[{"id":17499,"href":"http:\/\/www.cemis.bg\/fr\/wp-json\/wp\/v2\/pages\/3392\/revisions\/17499"}],"up":[{"embeddable":true,"href":"http:\/\/www.cemis.bg\/fr\/wp-json\/wp\/v2\/pages\/160"}],"wp:attachment":[{"href":"http:\/\/www.cemis.bg\/fr\/wp-json\/wp\/v2\/media?parent=3392"}],"curies":[{"name":"wp","href":"https:\/\/api.w.org\/{rel}","templated":true}]}}