{"id":158,"date":"2021-02-14T17:23:03","date_gmt":"2021-02-14T15:23:03","guid":{"rendered":"http:\/\/94.236.185.206\/?page_id=158"},"modified":"2021-12-21T16:29:36","modified_gmt":"2021-12-21T14:29:36","slug":"links","status":"publish","type":"page","link":"https:\/\/www.cemis.bg\/de\/useful\/links\/","title":{"rendered":"\u041f\u043e\u043b\u0435\u0437\u043d\u0438 \u0432\u0440\u044a\u0437\u043a\u0438"},"content":{"rendered":"<div data-elementor-type=\"wp-page\" data-elementor-id=\"158\" class=\"elementor elementor-158\">\n\t\t\t\t\t\t<div class=\"elementor-inner\">\n\t\t\t\t<div class=\"elementor-section-wrap\">\n\t\t\t\t\t\t\t\t\t<section class=\"elementor-section elementor-top-section elementor-element elementor-element-7a9578c elementor-section-full_width elementor-section-height-default elementor-section-height-default\" data-id=\"7a9578c\" data-element_type=\"section\">\n\t\t\t\t\t\t<div class=\"elementor-container elementor-column-gap-default\">\n\t\t\t\t\t\t\t<div class=\"elementor-row\">\n\t\t\t\t\t<div class=\"elementor-column elementor-col-100 elementor-top-column elementor-element elementor-element-4e7dccf\" data-id=\"4e7dccf\" data-element_type=\"column\">\n\t\t\t<div class=\"elementor-column-wrap elementor-element-populated\">\n\t\t\t\t\t\t\t<div class=\"elementor-widget-wrap\">\n\t\t\t\t\t\t<div class=\"elementor-element elementor-element-dee0d82 elementor-widget elementor-widget-text-editor\" data-id=\"dee0d82\" data-element_type=\"widget\" data-widget_type=\"text-editor.default\">\n\t\t\t\t<div class=\"elementor-widget-container\">\n\t\t\t\t\t\t\t\t<div class=\"elementor-text-editor elementor-clearfix\">\n\t\t\t\t<div class=\"page-titles\">N\u00fctzliche Links und Signale<\/div>\t\t\t\t\t<\/div>\n\t\t\t\t\t\t<\/div>\n\t\t\t\t<\/div>\n\t\t\t\t\t\t<\/div>\n\t\t\t\t\t<\/div>\n\t\t<\/div>\n\t\t\t\t\t\t\t\t<\/div>\n\t\t\t\t\t<\/div>\n\t\t<\/section>\n\t\t\t\t<section class=\"elementor-section elementor-top-section elementor-element elementor-element-e590140 elementor-section-boxed elementor-section-height-default elementor-section-height-default\" data-id=\"e590140\" data-element_type=\"section\">\n\t\t\t\t\t\t<div class=\"elementor-container elementor-column-gap-default\">\n\t\t\t\t\t\t\t<div class=\"elementor-row\">\n\t\t\t\t\t<div class=\"elementor-column elementor-col-100 elementor-top-column elementor-element elementor-element-806217a\" data-id=\"806217a\" data-element_type=\"column\">\n\t\t\t<div class=\"elementor-column-wrap elementor-element-populated\">\n\t\t\t\t\t\t\t<div class=\"elementor-widget-wrap\">\n\t\t\t\t\t\t<section class=\"elementor-section elementor-inner-section elementor-element elementor-element-3ccc8e4 elementor-section-boxed elementor-section-height-default elementor-section-height-default\" data-id=\"3ccc8e4\" data-element_type=\"section\">\n\t\t\t\t\t\t<div class=\"elementor-container elementor-column-gap-default\">\n\t\t\t\t\t\t\t<div class=\"elementor-row\">\n\t\t\t\t\t<div class=\"elementor-column elementor-col-25 elementor-inner-column elementor-element elementor-element-ab44281\" data-id=\"ab44281\" data-element_type=\"column\" data-settings=\"{&quot;background_background&quot;:&quot;classic&quot;}\">\n\t\t\t<div class=\"elementor-column-wrap elementor-element-populated\">\n\t\t\t\t\t\t\t<div class=\"elementor-widget-wrap\">\n\t\t\t\t\t\t<div class=\"elementor-element elementor-element-309ee74 elementor-widget elementor-widget-heading\" data-id=\"309ee74\" data-element_type=\"widget\" data-widget_type=\"heading.default\">\n\t\t\t\t<div class=\"elementor-widget-container\">\n\t\t\t<h4 class=\"elementor-heading-title elementor-size-default\"><a href=\"https:\/\/www.cemis.bg\/de\/useful\/links\/useful-links-and-signals-for-republic-of-bulgaria\/\">REPUBLIK BULGARIEN<\/a><\/h4>\t\t<\/div>\n\t\t\t\t<\/div>\n\t\t\t\t<div class=\"elementor-element elementor-element-256f617 elementor-widget elementor-widget-text-editor\" data-id=\"256f617\" data-element_type=\"widget\" data-widget_type=\"text-editor.default\">\n\t\t\t\t<div class=\"elementor-widget-container\">\n\t\t\t\t\t\t\t\t<div class=\"elementor-text-editor elementor-clearfix\">\n\t\t\t\t<p><a href=\"https:\/\/www.cemis.bg\/de\/useful\/links\/useful-links-and-signals-for-republic-of-bulgaria\/\"><img loading=\"lazy\" decoding=\"async\" class=\"aligncenter wp-image-17757 size-full\" src=\"https:\/\/www.cemis.bg\/wp-content\/uploads\/2021\/12\/Republic_of_Bulgaria_350x350.png\" alt=\"Republic of Bulgaria\" width=\"350\" height=\"350\" srcset=\"https:\/\/www.cemis.bg\/wp-content\/uploads\/2021\/12\/Republic_of_Bulgaria_350x350.png 350w, https:\/\/www.cemis.bg\/wp-content\/uploads\/2021\/12\/Republic_of_Bulgaria_350x350-300x300.png 300w, https:\/\/www.cemis.bg\/wp-content\/uploads\/2021\/12\/Republic_of_Bulgaria_350x350-150x150.png 150w, https:\/\/www.cemis.bg\/wp-content\/uploads\/2021\/12\/Republic_of_Bulgaria_350x350-12x12.png 12w\" sizes=\"auto, (max-width: 350px) 100vw, 350px\" \/><\/a><\/p>\t\t\t\t\t<\/div>\n\t\t\t\t\t\t<\/div>\n\t\t\t\t<\/div>\n\t\t\t\t\t\t<\/div>\n\t\t\t\t\t<\/div>\n\t\t<\/div>\n\t\t\t\t<div class=\"elementor-column elementor-col-25 elementor-inner-column elementor-element elementor-element-14909c5\" data-id=\"14909c5\" data-element_type=\"column\" data-settings=\"{&quot;background_background&quot;:&quot;classic&quot;}\">\n\t\t\t<div class=\"elementor-column-wrap elementor-element-populated\">\n\t\t\t\t\t\t\t<div class=\"elementor-widget-wrap\">\n\t\t\t\t\t\t<div class=\"elementor-element elementor-element-a240a80 elementor-widget elementor-widget-heading\" data-id=\"a240a80\" data-element_type=\"widget\" data-widget_type=\"heading.default\">\n\t\t\t\t<div class=\"elementor-widget-container\">\n\t\t\t<h4 class=\"elementor-heading-title elementor-size-default\"><a href=\"https:\/\/www.cemis.bg\/de\/useful\/links\/useful-links-and-signals-for-sofia-municipality\/\">GEMEINDE SOFIA<\/a><\/h4>\t\t<\/div>\n\t\t\t\t<\/div>\n\t\t\t\t<div class=\"elementor-element elementor-element-d3092cc elementor-widget elementor-widget-text-editor\" data-id=\"d3092cc\" data-element_type=\"widget\" data-widget_type=\"text-editor.default\">\n\t\t\t\t<div class=\"elementor-widget-container\">\n\t\t\t\t\t\t\t\t<div class=\"elementor-text-editor elementor-clearfix\">\n\t\t\t\t<p><a href=\"https:\/\/www.cemis.bg\/de\/useful\/links\/useful-links-and-signals-for-sofia-municipality\/\"><img loading=\"lazy\" decoding=\"async\" class=\"aligncenter wp-image-17758 size-full\" src=\"https:\/\/www.cemis.bg\/wp-content\/uploads\/2021\/12\/SofiaMunicipality_350x350.png\" alt=\"Sofia Municipality\" width=\"350\" height=\"350\" srcset=\"https:\/\/www.cemis.bg\/wp-content\/uploads\/2021\/12\/SofiaMunicipality_350x350.png 350w, https:\/\/www.cemis.bg\/wp-content\/uploads\/2021\/12\/SofiaMunicipality_350x350-300x300.png 300w, https:\/\/www.cemis.bg\/wp-content\/uploads\/2021\/12\/SofiaMunicipality_350x350-150x150.png 150w, https:\/\/www.cemis.bg\/wp-content\/uploads\/2021\/12\/SofiaMunicipality_350x350-12x12.png 12w\" sizes=\"auto, (max-width: 350px) 100vw, 350px\" \/><\/a><\/p>\t\t\t\t\t<\/div>\n\t\t\t\t\t\t<\/div>\n\t\t\t\t<\/div>\n\t\t\t\t\t\t<\/div>\n\t\t\t\t\t<\/div>\n\t\t<\/div>\n\t\t\t\t<div class=\"elementor-column elementor-col-25 elementor-inner-column elementor-element elementor-element-3cf185a\" data-id=\"3cf185a\" data-element_type=\"column\" data-settings=\"{&quot;background_background&quot;:&quot;classic&quot;}\">\n\t\t\t<div class=\"elementor-column-wrap elementor-element-populated\">\n\t\t\t\t\t\t\t<div class=\"elementor-widget-wrap\">\n\t\t\t\t\t\t<div class=\"elementor-element elementor-element-58c1008 elementor-widget elementor-widget-heading\" data-id=\"58c1008\" data-element_type=\"widget\" data-widget_type=\"heading.default\">\n\t\t\t\t<div class=\"elementor-widget-container\">\n\t\t\t<h4 class=\"elementor-heading-title elementor-size-default\"><a href=\"https:\/\/www.cemis.bg\/de\/useful\/links\/useful-links-and-signals-for-vratsa-municipality\/\">GEMEINDE VRATZA<\/a><\/h4>\t\t<\/div>\n\t\t\t\t<\/div>\n\t\t\t\t<div class=\"elementor-element elementor-element-ecc0791 elementor-widget elementor-widget-text-editor\" data-id=\"ecc0791\" data-element_type=\"widget\" data-widget_type=\"text-editor.default\">\n\t\t\t\t<div class=\"elementor-widget-container\">\n\t\t\t\t\t\t\t\t<div class=\"elementor-text-editor elementor-clearfix\">\n\t\t\t\t<p><a href=\"https:\/\/www.cemis.bg\/de\/useful\/links\/useful-links-and-signals-for-vratsa-municipality\/\"><img loading=\"lazy\" decoding=\"async\" class=\"aligncenter wp-image-17724 size-full\" src=\"https:\/\/www.cemis.bg\/wp-content\/uploads\/2021\/12\/VratzaMunicipality_350h.png\" alt=\"Vratza municipality\" width=\"350\" height=\"350\" srcset=\"https:\/\/www.cemis.bg\/wp-content\/uploads\/2021\/12\/VratzaMunicipality_350h.png 350w, https:\/\/www.cemis.bg\/wp-content\/uploads\/2021\/12\/VratzaMunicipality_350h-300x300.png 300w, https:\/\/www.cemis.bg\/wp-content\/uploads\/2021\/12\/VratzaMunicipality_350h-150x150.png 150w, https:\/\/www.cemis.bg\/wp-content\/uploads\/2021\/12\/VratzaMunicipality_350h-12x12.png 12w\" sizes=\"auto, (max-width: 350px) 100vw, 350px\" \/><\/a><\/p>\t\t\t\t\t<\/div>\n\t\t\t\t\t\t<\/div>\n\t\t\t\t<\/div>\n\t\t\t\t\t\t<\/div>\n\t\t\t\t\t<\/div>\n\t\t<\/div>\n\t\t\t\t<div class=\"elementor-column elementor-col-25 elementor-inner-column elementor-element elementor-element-5bf4b27\" data-id=\"5bf4b27\" data-element_type=\"column\" data-settings=\"{&quot;background_background&quot;:&quot;classic&quot;}\">\n\t\t\t<div class=\"elementor-column-wrap elementor-element-populated\">\n\t\t\t\t\t\t\t<div class=\"elementor-widget-wrap\">\n\t\t\t\t\t\t<div class=\"elementor-element elementor-element-24ed12a elementor-widget elementor-widget-heading\" data-id=\"24ed12a\" data-element_type=\"widget\" data-widget_type=\"heading.default\">\n\t\t\t\t<div class=\"elementor-widget-container\">\n\t\t\t<h4 class=\"elementor-heading-title elementor-size-default\"><a href=\"https:\/\/www.cemis.bg\/de\/useful\/links\/useful-links-and-signals-for-nikopol-municipality\/\">GEMEINDE NIKOPOL<\/a><\/h4>\t\t<\/div>\n\t\t\t\t<\/div>\n\t\t\t\t<div class=\"elementor-element elementor-element-ea39df2 elementor-widget elementor-widget-text-editor\" data-id=\"ea39df2\" data-element_type=\"widget\" data-widget_type=\"text-editor.default\">\n\t\t\t\t<div class=\"elementor-widget-container\">\n\t\t\t\t\t\t\t\t<div class=\"elementor-text-editor elementor-clearfix\">\n\t\t\t\t<p><a href=\"https:\/\/www.cemis.bg\/de\/useful\/links\/useful-links-and-signals-for-nikopol-municipality\/\"><img loading=\"lazy\" decoding=\"async\" class=\"aligncenter wp-image-17759 size-full\" src=\"https:\/\/www.cemis.bg\/wp-content\/uploads\/2021\/12\/NikopolMunicipality_350x350.png\" alt=\"Nikopol Municipality\" width=\"350\" height=\"350\" srcset=\"https:\/\/www.cemis.bg\/wp-content\/uploads\/2021\/12\/NikopolMunicipality_350x350.png 350w, https:\/\/www.cemis.bg\/wp-content\/uploads\/2021\/12\/NikopolMunicipality_350x350-300x300.png 300w, https:\/\/www.cemis.bg\/wp-content\/uploads\/2021\/12\/NikopolMunicipality_350x350-150x150.png 150w, https:\/\/www.cemis.bg\/wp-content\/uploads\/2021\/12\/NikopolMunicipality_350x350-12x12.png 12w\" sizes=\"auto, (max-width: 350px) 100vw, 350px\" \/><\/a><\/p>\t\t\t\t\t<\/div>\n\t\t\t\t\t\t<\/div>\n\t\t\t\t<\/div>\n\t\t\t\t\t\t<\/div>\n\t\t\t\t\t<\/div>\n\t\t<\/div>\n\t\t\t\t\t\t\t\t<\/div>\n\t\t\t\t\t<\/div>\n\t\t<\/section>\n\t\t\t\t\t\t<\/div>\n\t\t\t\t\t<\/div>\n\t\t<\/div>\n\t\t\t\t\t\t\t\t<\/div>\n\t\t\t\t\t<\/div>\n\t\t<\/section>\n\t\t\t\t\t\t\t\t\t<\/div>\n\t\t\t<\/div>\n\t\t\t\t\t<\/div>","protected":false},"excerpt":{"rendered":"<p>N\u00fctzliche Links und Signale REPUBLIK BULGARIEN MUNIZIPALIT\u00c4T SOFIA MUNIZIPALIT\u00c4T VRATZA MUNIZIPALIT\u00c4T NIKOPOL MUNIZIPALIT\u00c4T<\/p>","protected":false},"author":1,"featured_media":0,"parent":1722,"menu_order":0,"comment_status":"closed","ping_status":"closed","template":"","meta":{"_mi_skip_tracking":false,"_monsterinsights_sitenote_active":false,"_monsterinsights_sitenote_note":"","_monsterinsights_sitenote_category":0,"footnotes":""},"class_list":["post-158","page","type-page","status-publish","hentry","entry"],"yoast_head":"<!-- This site is optimized with the Yoast SEO plugin v20.10 - https:\/\/yoast.com\/wordpress\/plugins\/seo\/ -->\n<title>\u041f\u043e\u043b\u0435\u0437\u043d\u0438 \u0432\u0440\u044a\u0437\u043a\u0438 - CEMIS<\/title>\n<meta name=\"robots\" content=\"index, follow, max-snippet:-1, max-image-preview:large, max-video-preview:-1\" \/>\n<link rel=\"canonical\" href=\"https:\/\/www.cemis.bg\/de\/useful\/links\/\" \/>\n<meta property=\"og:locale\" content=\"de_DE\" \/>\n<meta property=\"og:type\" content=\"article\" \/>\n<meta property=\"og:title\" content=\"\u041f\u043e\u043b\u0435\u0437\u043d\u0438 \u0432\u0440\u044a\u0437\u043a\u0438 - CEMIS\" \/>\n<meta property=\"og:description\" content=\"Useful links and signals REPUBLIC OF BULGARIA SOFIA MUNICIPALITY VRATZA MUNICIPALITY NIKOPOL MUNICIPALITY\" \/>\n<meta property=\"og:url\" content=\"https:\/\/www.cemis.bg\/de\/useful\/links\/\" \/>\n<meta property=\"og:site_name\" content=\"CEMIS\" \/>\n<meta property=\"article:modified_time\" content=\"2021-12-21T14:29:36+00:00\" \/>\n<meta property=\"og:image\" content=\"https:\/\/www.cemis.bg\/wp-content\/uploads\/2021\/12\/Republic_of_Bulgaria_350x350.png\" \/>\n<meta name=\"twitter:card\" content=\"summary_large_image\" \/>\n<meta name=\"twitter:label1\" content=\"Gesch\u00e4tzte Lesezeit\" \/>\n\t<meta name=\"twitter:data1\" content=\"1\u00a0Minute\" \/>\n<script type=\"application\/ld+json\" class=\"yoast-schema-graph\">{\"@context\":\"https:\/\/schema.org\",\"@graph\":[{\"@type\":\"WebPage\",\"@id\":\"https:\/\/www.cemis.bg\/useful\/links\/\",\"url\":\"https:\/\/www.cemis.bg\/useful\/links\/\",\"name\":\"\u041f\u043e\u043b\u0435\u0437\u043d\u0438 \u0432\u0440\u044a\u0437\u043a\u0438 - CEMIS\",\"isPartOf\":{\"@id\":\"https:\/\/www.cemis.bg\/en\/#website\"},\"datePublished\":\"2021-02-14T15:23:03+00:00\",\"dateModified\":\"2021-12-21T14:29:36+00:00\",\"breadcrumb\":{\"@id\":\"https:\/\/www.cemis.bg\/useful\/links\/#breadcrumb\"},\"inLanguage\":\"de\",\"potentialAction\":[{\"@type\":\"ReadAction\",\"target\":[\"https:\/\/www.cemis.bg\/useful\/links\/\"]}]},{\"@type\":\"BreadcrumbList\",\"@id\":\"https:\/\/www.cemis.bg\/useful\/links\/#breadcrumb\",\"itemListElement\":[{\"@type\":\"ListItem\",\"position\":1,\"name\":\"Home\",\"item\":\"https:\/\/www.cemis.bg\/\"},{\"@type\":\"ListItem\",\"position\":2,\"name\":\"\u041f\u043e\u043b\u0435\u0437\u043d\u043e\",\"item\":\"https:\/\/www.cemis.bg\/en\/useful\/\"},{\"@type\":\"ListItem\",\"position\":3,\"name\":\"\u041f\u043e\u043b\u0435\u0437\u043d\u0438 \u0432\u0440\u044a\u0437\u043a\u0438\"}]},{\"@type\":\"WebSite\",\"@id\":\"https:\/\/www.cemis.bg\/en\/#website\",\"url\":\"https:\/\/www.cemis.bg\/en\/\",\"name\":\"CEMIS\",\"description\":\"Circular Economy Management Information System\",\"publisher\":{\"@id\":\"https:\/\/www.cemis.bg\/en\/#organization\"},\"potentialAction\":[{\"@type\":\"SearchAction\",\"target\":{\"@type\":\"EntryPoint\",\"urlTemplate\":\"https:\/\/www.cemis.bg\/en\/?s={search_term_string}\"},\"query-input\":\"required name=search_term_string\"}],\"inLanguage\":\"de\"},{\"@type\":\"Organization\",\"@id\":\"https:\/\/www.cemis.bg\/en\/#organization\",\"name\":\"CEMIS\",\"url\":\"https:\/\/www.cemis.bg\/en\/\",\"logo\":{\"@type\":\"ImageObject\",\"inLanguage\":\"de\",\"@id\":\"https:\/\/www.cemis.bg\/en\/#\/schema\/logo\/image\/\",\"url\":\"https:\/\/www.cemis.bg\/wp-content\/uploads\/2021\/10\/CEMIS-Logo-White1-2048x757-1.gif\",\"contentUrl\":\"https:\/\/www.cemis.bg\/wp-content\/uploads\/2021\/10\/CEMIS-Logo-White1-2048x757-1.gif\",\"width\":2048,\"height\":757,\"caption\":\"CEMIS\"},\"image\":{\"@id\":\"https:\/\/www.cemis.bg\/en\/#\/schema\/logo\/image\/\"}}]}<\/script>\n<!-- \/ Yoast SEO plugin. -->","yoast_head_json":{"title":"\u041f\u043e\u043b\u0435\u0437\u043d\u0438 \u0432\u0440\u044a\u0437\u043a\u0438 - CEMIS","robots":{"index":"index","follow":"follow","max-snippet":"max-snippet:-1","max-image-preview":"max-image-preview:large","max-video-preview":"max-video-preview:-1"},"canonical":"https:\/\/www.cemis.bg\/de\/useful\/links\/","og_locale":"de_DE","og_type":"article","og_title":"\u041f\u043e\u043b\u0435\u0437\u043d\u0438 \u0432\u0440\u044a\u0437\u043a\u0438 - CEMIS","og_description":"Useful links and signals REPUBLIC OF BULGARIA SOFIA MUNICIPALITY VRATZA MUNICIPALITY NIKOPOL MUNICIPALITY","og_url":"https:\/\/www.cemis.bg\/de\/useful\/links\/","og_site_name":"CEMIS","article_modified_time":"2021-12-21T14:29:36+00:00","og_image":[{"url":"https:\/\/www.cemis.bg\/wp-content\/uploads\/2021\/12\/Republic_of_Bulgaria_350x350.png"}],"twitter_card":"summary_large_image","twitter_misc":{"Gesch\u00e4tzte Lesezeit":"1\u00a0Minute"},"schema":{"@context":"https:\/\/schema.org","@graph":[{"@type":"WebPage","@id":"https:\/\/www.cemis.bg\/useful\/links\/","url":"https:\/\/www.cemis.bg\/useful\/links\/","name":"\u041f\u043e\u043b\u0435\u0437\u043d\u0438 \u0432\u0440\u044a\u0437\u043a\u0438 - CEMIS","isPartOf":{"@id":"https:\/\/www.cemis.bg\/en\/#website"},"datePublished":"2021-02-14T15:23:03+00:00","dateModified":"2021-12-21T14:29:36+00:00","breadcrumb":{"@id":"https:\/\/www.cemis.bg\/useful\/links\/#breadcrumb"},"inLanguage":"de","potentialAction":[{"@type":"ReadAction","target":["https:\/\/www.cemis.bg\/useful\/links\/"]}]},{"@type":"BreadcrumbList","@id":"https:\/\/www.cemis.bg\/useful\/links\/#breadcrumb","itemListElement":[{"@type":"ListItem","position":1,"name":"Home","item":"https:\/\/www.cemis.bg\/"},{"@type":"ListItem","position":2,"name":"\u041f\u043e\u043b\u0435\u0437\u043d\u043e","item":"https:\/\/www.cemis.bg\/en\/useful\/"},{"@type":"ListItem","position":3,"name":"\u041f\u043e\u043b\u0435\u0437\u043d\u0438 \u0432\u0440\u044a\u0437\u043a\u0438"}]},{"@type":"WebSite","@id":"https:\/\/www.cemis.bg\/en\/#website","url":"https:\/\/www.cemis.bg\/en\/","name":"CEMIS","description":"Circular Economy Management Information System","publisher":{"@id":"https:\/\/www.cemis.bg\/en\/#organization"},"potentialAction":[{"@type":"SearchAction","target":{"@type":"EntryPoint","urlTemplate":"https:\/\/www.cemis.bg\/en\/?s={search_term_string}"},"query-input":"required name=search_term_string"}],"inLanguage":"de"},{"@type":"Organization","@id":"https:\/\/www.cemis.bg\/en\/#organization","name":"CEMIS","url":"https:\/\/www.cemis.bg\/en\/","logo":{"@type":"ImageObject","inLanguage":"de","@id":"https:\/\/www.cemis.bg\/en\/#\/schema\/logo\/image\/","url":"https:\/\/www.cemis.bg\/wp-content\/uploads\/2021\/10\/CEMIS-Logo-White1-2048x757-1.gif","contentUrl":"https:\/\/www.cemis.bg\/wp-content\/uploads\/2021\/10\/CEMIS-Logo-White1-2048x757-1.gif","width":2048,"height":757,"caption":"CEMIS"},"image":{"@id":"https:\/\/www.cemis.bg\/en\/#\/schema\/logo\/image\/"}}]}},"_links":{"self":[{"href":"https:\/\/www.cemis.bg\/de\/wp-json\/wp\/v2\/pages\/158","targetHints":{"allow":["GET"]}}],"collection":[{"href":"https:\/\/www.cemis.bg\/de\/wp-json\/wp\/v2\/pages"}],"about":[{"href":"https:\/\/www.cemis.bg\/de\/wp-json\/wp\/v2\/types\/page"}],"author":[{"embeddable":true,"href":"https:\/\/www.cemis.bg\/de\/wp-json\/wp\/v2\/users\/1"}],"replies":[{"embeddable":true,"href":"https:\/\/www.cemis.bg\/de\/wp-json\/wp\/v2\/comments?post=158"}],"version-history":[{"count":444,"href":"https:\/\/www.cemis.bg\/de\/wp-json\/wp\/v2\/pages\/158\/revisions"}],"predecessor-version":[{"id":17930,"href":"https:\/\/www.cemis.bg\/de\/wp-json\/wp\/v2\/pages\/158\/revisions\/17930"}],"up":[{"embeddable":true,"href":"https:\/\/www.cemis.bg\/de\/wp-json\/wp\/v2\/pages\/1722"}],"wp:attachment":[{"href":"https:\/\/www.cemis.bg\/de\/wp-json\/wp\/v2\/media?parent=158"}],"curies":[{"name":"wp","href":"https:\/\/api.w.org\/{rel}","templated":true}]}}