{"id":17740,"date":"2021-12-20T17:41:55","date_gmt":"2021-12-20T15:41:55","guid":{"rendered":"https:\/\/www.cemis.bg\/?page_id=17740"},"modified":"2021-12-20T17:43:08","modified_gmt":"2021-12-20T15:43:08","slug":"useful-links-and-signals-for-republic-of-bulgaria","status":"publish","type":"page","link":"https:\/\/www.cemis.bg\/de\/useful\/links\/useful-links-and-signals-for-republic-of-bulgaria\/","title":{"rendered":"N\u00fctzliche Links und Signale f\u00fcr die Republik Bulgarien"},"content":{"rendered":"<div data-elementor-type=\"wp-page\" data-elementor-id=\"17740\" class=\"elementor elementor-17740\">\n\t\t\t\t\t\t<div class=\"elementor-inner\">\n\t\t\t\t<div class=\"elementor-section-wrap\">\n\t\t\t\t\t\t\t\t\t<section class=\"elementor-section elementor-top-section elementor-element elementor-element-1ce4e18 elementor-section-full_width elementor-section-height-default elementor-section-height-default\" data-id=\"1ce4e18\" data-element_type=\"section\">\n\t\t\t\t\t\t<div class=\"elementor-container elementor-column-gap-default\">\n\t\t\t\t\t\t\t<div class=\"elementor-row\">\n\t\t\t\t\t<div class=\"elementor-column elementor-col-100 elementor-top-column elementor-element elementor-element-fa48c35\" data-id=\"fa48c35\" data-element_type=\"column\">\n\t\t\t<div class=\"elementor-column-wrap elementor-element-populated\">\n\t\t\t\t\t\t\t<div class=\"elementor-widget-wrap\">\n\t\t\t\t\t\t<div class=\"elementor-element elementor-element-79f3573 elementor-widget elementor-widget-text-editor\" data-id=\"79f3573\" data-element_type=\"widget\" data-widget_type=\"text-editor.default\">\n\t\t\t\t<div class=\"elementor-widget-container\">\n\t\t\t\t\t\t\t\t<div class=\"elementor-text-editor elementor-clearfix\">\n\t\t\t\t<div class=\"page-titles\">N\u00fctzliche Links und Signale f\u00fcr die Republik Bulgarien<\/div>\t\t\t\t\t<\/div>\n\t\t\t\t\t\t<\/div>\n\t\t\t\t<\/div>\n\t\t\t\t\t\t<\/div>\n\t\t\t\t\t<\/div>\n\t\t<\/div>\n\t\t\t\t\t\t\t\t<\/div>\n\t\t\t\t\t<\/div>\n\t\t<\/section>\n\t\t\t\t<section class=\"elementor-section elementor-top-section elementor-element elementor-element-831b919 elementor-section-full_width elementor-section-height-default elementor-section-height-default\" data-id=\"831b919\" data-element_type=\"section\" data-settings=\"{&quot;background_background&quot;:&quot;classic&quot;,&quot;animation&quot;:&quot;none&quot;}\">\n\t\t\t\t\t\t<div class=\"elementor-container elementor-column-gap-default\">\n\t\t\t\t\t\t\t<div class=\"elementor-row\">\n\t\t\t\t\t<div class=\"elementor-column elementor-col-100 elementor-top-column elementor-element elementor-element-35cfa10\" data-id=\"35cfa10\" data-element_type=\"column\">\n\t\t\t<div class=\"elementor-column-wrap elementor-element-populated\">\n\t\t\t\t\t\t\t<div class=\"elementor-widget-wrap\">\n\t\t\t\t\t\t<div class=\"elementor-element elementor-element-0cf42b7 elementor-widget elementor-widget-toggle\" data-id=\"0cf42b7\" data-element_type=\"widget\" data-widget_type=\"toggle.default\">\n\t\t\t\t<div class=\"elementor-widget-container\">\n\t\t\t\t\t<div class=\"elementor-toggle\">\n\t\t\t\t\t\t\t<div class=\"elementor-toggle-item\">\n\t\t\t\t\t<div id=\"elementor-tab-title-1351\" class=\"elementor-tab-title\" data-tab=\"1\" role=\"button\" aria-controls=\"elementor-tab-content-1351\" aria-expanded=\"false\">\n\t\t\t\t\t\t\t\t\t\t\t\t<span class=\"elementor-toggle-icon elementor-toggle-icon-left\" aria-hidden=\"true\">\n\t\t\t\t\t\t\t\t\t\t\t\t\t\t\t<span class=\"elementor-toggle-icon-closed\"><i class=\"fas fa-caret-right\"><\/i><\/span>\n\t\t\t\t\t\t\t\t<span class=\"elementor-toggle-icon-opened\"><i class=\"elementor-toggle-icon-opened fas fa-caret-up\"><\/i><\/span>\n\t\t\t\t\t\t\t\t\t\t\t\t\t<\/span>\n\t\t\t\t\t\t\t\t\t\t\t\t<a class=\"elementor-toggle-title\" tabindex=\"0\">Ministerium f\u00fcr Umwelt und Wasser (MoEW)<\/a>\n\t\t\t\t\t<\/div>\n\n\t\t\t\t\t<div id=\"elementor-tab-content-1351\" class=\"elementor-tab-content elementor-clearfix\" data-tab=\"1\" role=\"region\" aria-labelledby=\"elementor-tab-title-1351\"><table>\n<tbody>\n<tr>\n<td><strong>Thema:<\/strong><\/td>\n<td>Gr\u00fcnes Telefon<\/td>\n<\/tr>\n<tr>\n<td><strong>Informationen:<\/strong><\/td>\n<td>\n<p align=\"justify\">Signale, die sich auf den Umweltschutz und die Verletzung von Umweltvorschriften beziehen.<\/p>\n<\/td>\n<\/tr>\n<tr>\n<td><strong>Telefon:<\/strong><\/td>\n<td>+35929888205<br clear=\"none\" \/>+359887088440\n<\/td>\n<\/tr>\n<tr>\n<td><strong>Link:<\/strong><\/td>\n<td><a href=\"https:\/\/www.moew.government.bg\/bg\/zelen-telefon-za-podavane-na-signali\/ministerstvo-na-okolnata-sreda-i-vodite\/\" target=\"_blank\" rel=\"noopener\">https:\/\/www.moew.government.bg\/bg\/zelen-telefon-za-podavane-na-signali\/ministerstvo-na-okolnata-sreda-i-vodite\/<\/a><\/td>\n<\/tr>\n<\/tbody>\n<\/table><\/div>\n\t\t\t\t<\/div>\n\t\t\t\t\t\t\t<div class=\"elementor-toggle-item\">\n\t\t\t\t\t<div id=\"elementor-tab-title-1352\" class=\"elementor-tab-title\" data-tab=\"2\" role=\"button\" aria-controls=\"elementor-tab-content-1352\" aria-expanded=\"false\">\n\t\t\t\t\t\t\t\t\t\t\t\t<span class=\"elementor-toggle-icon elementor-toggle-icon-left\" aria-hidden=\"true\">\n\t\t\t\t\t\t\t\t\t\t\t\t\t\t\t<span class=\"elementor-toggle-icon-closed\"><i class=\"fas fa-caret-right\"><\/i><\/span>\n\t\t\t\t\t\t\t\t<span class=\"elementor-toggle-icon-opened\"><i class=\"elementor-toggle-icon-opened fas fa-caret-up\"><\/i><\/span>\n\t\t\t\t\t\t\t\t\t\t\t\t\t<\/span>\n\t\t\t\t\t\t\t\t\t\t\t\t<a class=\"elementor-toggle-title\" tabindex=\"0\">Ministerium des Innern<\/a>\n\t\t\t\t\t<\/div>\n\n\t\t\t\t\t<div id=\"elementor-tab-content-1352\" class=\"elementor-tab-content elementor-clearfix\" data-tab=\"2\" role=\"region\" aria-labelledby=\"elementor-tab-title-1352\"><table>\n<tbody>\n<tr>\n<td><strong>Thema:<\/strong><\/td>\n<td>Warnungen im Zusammenhang mit Unf\u00e4llen oder Zwischenf\u00e4llen.<\/td>\n<\/tr>\n<tr>\n<td><strong>Informationen:<\/strong><\/td>\n<td>\n<p align=\"justify\">Verwenden Sie den Notruf 112 im Falle einer pl\u00f6tzlichen realen Bedrohung f\u00fcr Leben, Gesundheit, Sicherheit oder Eigentum, wie z. B.: Industrieunf\u00e4lle und andere Verschmutzungen; Strahlung; andere Unf\u00e4lle und Zwischenf\u00e4lle.<\/p>\n<\/td>\n<\/tr>\n<tr>\n<td><strong>Telefon:<\/strong><\/td>\n<td>112<\/td>\n<\/tr>\n<tr>\n<td><strong>Link:<\/strong><\/td>\n<td><a href=\"https:\/\/www.mvr.bg\/112\" target=\"_blank\" rel=\"noopener\">https:\/\/www.mvr.bg\/112<\/a><\/td>\n<\/tr>\n<\/tbody>\n<\/table><\/div>\n\t\t\t\t<\/div>\n\t\t\t\t\t\t\t<div class=\"elementor-toggle-item\">\n\t\t\t\t\t<div id=\"elementor-tab-title-1353\" class=\"elementor-tab-title\" data-tab=\"3\" role=\"button\" aria-controls=\"elementor-tab-content-1353\" aria-expanded=\"false\">\n\t\t\t\t\t\t\t\t\t\t\t\t<span class=\"elementor-toggle-icon elementor-toggle-icon-left\" aria-hidden=\"true\">\n\t\t\t\t\t\t\t\t\t\t\t\t\t\t\t<span class=\"elementor-toggle-icon-closed\"><i class=\"fas fa-caret-right\"><\/i><\/span>\n\t\t\t\t\t\t\t\t<span class=\"elementor-toggle-icon-opened\"><i class=\"elementor-toggle-icon-opened fas fa-caret-up\"><\/i><\/span>\n\t\t\t\t\t\t\t\t\t\t\t\t\t<\/span>\n\t\t\t\t\t\t\t\t\t\t\t\t<a class=\"elementor-toggle-title\" tabindex=\"0\">Bulgarische Agentur f\u00fcr Lebensmittelsicherheit (BFSA)<\/a>\n\t\t\t\t\t<\/div>\n\n\t\t\t\t\t<div id=\"elementor-tab-content-1353\" class=\"elementor-tab-content elementor-clearfix\" data-tab=\"3\" role=\"region\" aria-labelledby=\"elementor-tab-title-1353\"><table>\n<tbody>\n<tr>\n<td><strong>Thema:<\/strong><\/td>\n<td>Warnmeldungen zu Lebensmitteln, Tiergesundheit und Tierschutz.<\/td>\n<\/tr>\n<tr>\n<td><strong>Informationen:<\/strong><\/td>\n<td>\n<p align=\"justify\">Die bulgarische Agentur f\u00fcr Lebensmittelsicherheit nimmt Meldungen \u00fcber Verst\u00f6\u00dfe, Beschwerden und Eindr\u00fccke im Zusammenhang mit Lebensmitteln, Gesundheit und Tierschutz, Pflanzenschutzmitteln, Tierarzneimitteln, der gesamten T\u00e4tigkeit der FASNK oder einzelner Mitarbeiter entgegen.<\/p>\n<\/td>\n<\/tr>\n<tr>\n<td><strong>Telefon:<\/strong><\/td>\n<td>+35970012299<\/td>\n<\/tr>\n<tr>\n<td><strong>Link:<\/strong><\/td>\n<td><a href=\"https:\/\/www.bfsa.bg\/bg\/Page\/problem_signal\/index\/problem_signal\" target=\"_blank\" rel=\"noopener\">https:\/\/www.bfsa.bg\/bg\/Page\/problem_signal\/index\/problem_signal<\/a><\/td>\n<\/tr>\n<\/tbody>\n<\/table><\/div>\n\t\t\t\t<\/div>\n\t\t\t\t\t\t\t<div class=\"elementor-toggle-item\">\n\t\t\t\t\t<div id=\"elementor-tab-title-1354\" class=\"elementor-tab-title\" data-tab=\"4\" role=\"button\" aria-controls=\"elementor-tab-content-1354\" aria-expanded=\"false\">\n\t\t\t\t\t\t\t\t\t\t\t\t<span class=\"elementor-toggle-icon elementor-toggle-icon-left\" aria-hidden=\"true\">\n\t\t\t\t\t\t\t\t\t\t\t\t\t\t\t<span class=\"elementor-toggle-icon-closed\"><i class=\"fas fa-caret-right\"><\/i><\/span>\n\t\t\t\t\t\t\t\t<span class=\"elementor-toggle-icon-opened\"><i class=\"elementor-toggle-icon-opened fas fa-caret-up\"><\/i><\/span>\n\t\t\t\t\t\t\t\t\t\t\t\t\t<\/span>\n\t\t\t\t\t\t\t\t\t\t\t\t<a class=\"elementor-toggle-title\" tabindex=\"0\">Staatliche Agentur f\u00fcr Metrologie und technische \u00dcberwachung (SAMTS)<\/a>\n\t\t\t\t\t<\/div>\n\n\t\t\t\t\t<div id=\"elementor-tab-content-1354\" class=\"elementor-tab-content elementor-clearfix\" data-tab=\"4\" role=\"region\" aria-labelledby=\"elementor-tab-title-1354\"><table><tbody><tr><td><strong>Thema:<\/strong><\/td><td>Notsignale f\u00fcr Ger\u00e4te und Produkte<\/td><\/tr><tr><td><strong>Informationen:<\/strong><\/td><td><p align=\"justify\">NOTFALLSIGNALE im Zusammenhang mit: der technischen \u00dcberwachung von Anlagen mit hohem Risiko; Produkten im Rahmen der Markt\u00fcberwachung; dem sicheren Betrieb von Staumauern und deren Anlagen; und anderen.<\/p><\/td><\/tr><tr><td><strong>Telefon:<\/strong><\/td><td><table width=\"105%\"><tbody><tr><td width=\"132\">0700 11 88<\/td><\/tr><\/tbody><\/table><\/td><\/tr><tr><td><strong>Link:<\/strong><\/td><td><a href=\"https:\/\/www.bfsa.bg\/bg\/Page\/problem_signal\/index\/problem_signal\" target=\"_blank\" rel=\"noopener\">https:\/\/www.bfsa.bg\/bg\/Page\/problem_signal\/index\/problem_signal<\/a><\/td><\/tr><\/tbody><\/table><\/div>\n\t\t\t\t<\/div>\n\t\t\t\t\t\t\t<div class=\"elementor-toggle-item\">\n\t\t\t\t\t<div id=\"elementor-tab-title-1355\" class=\"elementor-tab-title\" data-tab=\"5\" role=\"button\" aria-controls=\"elementor-tab-content-1355\" aria-expanded=\"false\">\n\t\t\t\t\t\t\t\t\t\t\t\t<span class=\"elementor-toggle-icon elementor-toggle-icon-left\" aria-hidden=\"true\">\n\t\t\t\t\t\t\t\t\t\t\t\t\t\t\t<span class=\"elementor-toggle-icon-closed\"><i class=\"fas fa-caret-right\"><\/i><\/span>\n\t\t\t\t\t\t\t\t<span class=\"elementor-toggle-icon-opened\"><i class=\"elementor-toggle-icon-opened fas fa-caret-up\"><\/i><\/span>\n\t\t\t\t\t\t\t\t\t\t\t\t\t<\/span>\n\t\t\t\t\t\t\t\t\t\t\t\t<a class=\"elementor-toggle-title\" tabindex=\"0\">Kommission f\u00fcr Verbraucherschutz (CPC)<\/a>\n\t\t\t\t\t<\/div>\n\n\t\t\t\t\t<div id=\"elementor-tab-content-1355\" class=\"elementor-tab-content elementor-clearfix\" data-tab=\"5\" role=\"region\" aria-labelledby=\"elementor-tab-title-1355\"><table>\n<tbody>\n<tr>\n<td><strong>Thema:<\/strong><\/td>\n<td>F\u00fcr Produkte<\/td>\n<\/tr>\n<tr>\n<td><strong>Informationen:<\/strong><\/td>\n<td>\n<p align=\"justify\">Signale im Zusammenhang mit der Kontrolle \u00fcber die Produkte, die in den Anwendungsbereich des Verbraucherschutzgesetzes fallen.<\/p>\n<\/td>\n<\/tr>\n<tr>\n<td><strong>Telefon:<\/strong><\/td>\n<td>\n<table width=\"105%\">\n<tbody>\n<tr>\n<td width=\"132\">0700 111 22<br clear=\"none\" \/>*2211\n<\/td>\n<\/tr>\n<\/tbody>\n<\/table>\n<\/td>\n<\/tr>\n<tr>\n<td><strong>Link:<\/strong><\/td>\n<td><a href=\"https:\/\/kzp.bg\/podavane-na-zhalba\" target=\"_blank\" rel=\"noopener\">https:\/\/kzp.bg\/podavane-na-zhalba<\/a><\/td>\n<\/tr>\n<\/tbody>\n<\/table><\/div>\n\t\t\t\t<\/div>\n\t\t\t\t\t\t\t<div class=\"elementor-toggle-item\">\n\t\t\t\t\t<div id=\"elementor-tab-title-1356\" class=\"elementor-tab-title\" data-tab=\"6\" role=\"button\" aria-controls=\"elementor-tab-content-1356\" aria-expanded=\"false\">\n\t\t\t\t\t\t\t\t\t\t\t\t<span class=\"elementor-toggle-icon elementor-toggle-icon-left\" aria-hidden=\"true\">\n\t\t\t\t\t\t\t\t\t\t\t\t\t\t\t<span class=\"elementor-toggle-icon-closed\"><i class=\"fas fa-caret-right\"><\/i><\/span>\n\t\t\t\t\t\t\t\t<span class=\"elementor-toggle-icon-opened\"><i class=\"elementor-toggle-icon-opened fas fa-caret-up\"><\/i><\/span>\n\t\t\t\t\t\t\t\t\t\t\t\t\t<\/span>\n\t\t\t\t\t\t\t\t\t\t\t\t<a class=\"elementor-toggle-title\" tabindex=\"0\">B\u00fcrger<\/a>\n\t\t\t\t\t<\/div>\n\n\t\t\t\t\t<div id=\"elementor-tab-content-1356\" class=\"elementor-tab-content elementor-clearfix\" data-tab=\"6\" role=\"region\" aria-labelledby=\"elementor-tab-title-1356\"><table>\n<tbody>\n<tr>\n<td><strong>Thema:<\/strong><\/td>\n<td>Alles im Zusammenhang mit dem Umweltschutz.<\/td>\n<\/tr>\n<tr>\n<td><strong>Informationen:<\/strong><\/td>\n<td>\n<p align=\"justify\">Dedizierte Signalisierungsplattform.<\/p>\n<\/td>\n<\/tr>\n<tr>\n<td><strong>Telefon:<\/strong><\/td>\n<td><\/td>\n<\/tr>\n<tr>\n<td><strong>Link:<\/strong><\/td>\n<td><a href=\"https:\/\/grajdanite.bg\/home\" target=\"_blank\" rel=\"noopener\">https:\/\/grajdanite.bg\/home<\/a><\/td>\n<\/tr>\n<\/tbody>\n<\/table><\/div>\n\t\t\t\t<\/div>\n\t\t\t\t\t\t\t<div class=\"elementor-toggle-item\">\n\t\t\t\t\t<div id=\"elementor-tab-title-1357\" class=\"elementor-tab-title\" data-tab=\"7\" role=\"button\" aria-controls=\"elementor-tab-content-1357\" aria-expanded=\"false\">\n\t\t\t\t\t\t\t\t\t\t\t\t<span class=\"elementor-toggle-icon elementor-toggle-icon-left\" aria-hidden=\"true\">\n\t\t\t\t\t\t\t\t\t\t\t\t\t\t\t<span class=\"elementor-toggle-icon-closed\"><i class=\"fas fa-caret-right\"><\/i><\/span>\n\t\t\t\t\t\t\t\t<span class=\"elementor-toggle-icon-opened\"><i class=\"elementor-toggle-icon-opened fas fa-caret-up\"><\/i><\/span>\n\t\t\t\t\t\t\t\t\t\t\t\t\t<\/span>\n\t\t\t\t\t\t\t\t\t\t\t\t<a class=\"elementor-toggle-title\" tabindex=\"0\">Signal<\/a>\n\t\t\t\t\t<\/div>\n\n\t\t\t\t\t<div id=\"elementor-tab-content-1357\" class=\"elementor-tab-content elementor-clearfix\" data-tab=\"7\" role=\"region\" aria-labelledby=\"elementor-tab-title-1357\"><table>\n<tbody>\n<tr>\n<td><strong>Thema:<\/strong><\/td>\n<td>Alles im Zusammenhang mit dem Umweltschutz.<\/td>\n<\/tr>\n<tr>\n<td><strong>Informationen:<\/strong><\/td>\n<td>\n<p align=\"justify\">Dedizierte Signalisierungsplattform.<\/p>\n<\/td>\n<\/tr>\n<tr>\n<td><strong>Telefon:<\/strong><\/td>\n<td><\/td>\n<\/tr>\n<tr>\n<td><strong>Link:<\/strong><\/td>\n<td><a href=\"https:\/\/signali.obshtestvo.bg\/contact-points\/?keywords=82\" target=\"_blank\" rel=\"noopener\">https:\/\/signali.obshtestvo.bg\/contact-points\/?keywords=82<\/a><\/td>\n<\/tr>\n<\/tbody>\n<\/table><\/div>\n\t\t\t\t<\/div>\n\t\t\t\t\t\t\t<div class=\"elementor-toggle-item\">\n\t\t\t\t\t<div id=\"elementor-tab-title-1358\" class=\"elementor-tab-title\" data-tab=\"8\" role=\"button\" aria-controls=\"elementor-tab-content-1358\" aria-expanded=\"false\">\n\t\t\t\t\t\t\t\t\t\t\t\t<span class=\"elementor-toggle-icon elementor-toggle-icon-left\" aria-hidden=\"true\">\n\t\t\t\t\t\t\t\t\t\t\t\t\t\t\t<span class=\"elementor-toggle-icon-closed\"><i class=\"fas fa-caret-right\"><\/i><\/span>\n\t\t\t\t\t\t\t\t<span class=\"elementor-toggle-icon-opened\"><i class=\"elementor-toggle-icon-opened fas fa-caret-up\"><\/i><\/span>\n\t\t\t\t\t\t\t\t\t\t\t\t\t<\/span>\n\t\t\t\t\t\t\t\t\t\t\t\t<a class=\"elementor-toggle-title\" tabindex=\"0\">Hilfebuchinfo<\/a>\n\t\t\t\t\t<\/div>\n\n\t\t\t\t\t<div id=\"elementor-tab-content-1358\" class=\"elementor-tab-content elementor-clearfix\" data-tab=\"8\" role=\"region\" aria-labelledby=\"elementor-tab-title-1358\"><table>\n<tbody>\n<tr>\n<td><strong>Thema:<\/strong><\/td>\n<td>Alles im Zusammenhang mit dem Umweltschutz.<\/td>\n<\/tr>\n<tr>\n<td><strong>Informationen:<\/strong><\/td>\n<td>\n<p align=\"justify\">Dedizierte Signalisierungsplattform.<\/p>\n<\/td>\n<\/tr>\n<tr>\n<td><strong>Telefon:<\/strong><\/td>\n<td><\/td>\n<\/tr>\n<tr>\n<td><strong>Link:<\/strong><\/td>\n<td><a href=\"https:\/\/helpbook.info\/\" target=\"_blank\" rel=\"noopener\">https:\/\/helpbook.info\/<\/a><\/td>\n<\/tr>\n<\/tbody>\n<\/table><\/div>\n\t\t\t\t<\/div>\n\t\t\t\t\t\t\t\t<\/div>\n\t\t\t\t<\/div>\n\t\t\t\t<\/div>\n\t\t\t\t\t\t<\/div>\n\t\t\t\t\t<\/div>\n\t\t<\/div>\n\t\t\t\t\t\t\t\t<\/div>\n\t\t\t\t\t<\/div>\n\t\t<\/section>\n\t\t\t\t\t\t\t\t\t<\/div>\n\t\t\t<\/div>\n\t\t\t\t\t<\/div>","protected":false},"excerpt":{"rendered":"<p>N\u00fctzliche Links und Signale f\u00fcr die Republik Bulgarien Ministerium f\u00fcr Umwelt und Wasser (MoEW) Thema: Informationen zum gr\u00fcnen Telefon: Signale im Zusammenhang mit Umweltschutz und Verst\u00f6\u00dfen gegen die Umweltgesetzgebung. Telefon: +35929888205+359887088440 Link: https:\/\/www.moew.government.bg\/bg\/zelen-telefon-za-podavane-na-signali\/ministerstvo-na-okolnata-sreda-i-vodite\/ Innenministerium Thema: Warnungen im Zusammenhang mit Unf\u00e4llen oder Zwischenf\u00e4llen. Informationen: W\u00e4hlen Sie die Nummer 112 im Falle einer pl\u00f6tzlichen realen Bedrohung f\u00fcr Leben, [...]<\/p>","protected":false},"author":1,"featured_media":0,"parent":158,"menu_order":0,"comment_status":"closed","ping_status":"closed","template":"","meta":{"_mi_skip_tracking":false,"_monsterinsights_sitenote_active":false,"_monsterinsights_sitenote_note":"","_monsterinsights_sitenote_category":0,"footnotes":""},"class_list":["post-17740","page","type-page","status-publish","hentry","entry"],"yoast_head":"<!-- This site is optimized with the Yoast SEO plugin v20.10 - https:\/\/yoast.com\/wordpress\/plugins\/seo\/ -->\n<title>Useful links and signals for republic of Bulgaria - CEMIS<\/title>\n<meta name=\"robots\" content=\"index, follow, max-snippet:-1, max-image-preview:large, max-video-preview:-1\" \/>\n<link rel=\"canonical\" href=\"https:\/\/www.cemis.bg\/de\/useful\/links\/useful-links-and-signals-for-republic-of-bulgaria\/\" \/>\n<meta property=\"og:locale\" content=\"de_DE\" \/>\n<meta property=\"og:type\" content=\"article\" \/>\n<meta property=\"og:title\" content=\"Useful links and signals for republic of Bulgaria - CEMIS\" \/>\n<meta property=\"og:description\" content=\"Useful links and signals for republic of Bulgaria Ministry of Environment and Water (MoEW) Topic: Green phone Information: Signals related to environmental protection and violation of environmental legislation. Phone: +35929888205+359887088440 Link: https:\/\/www.moew.government.bg\/bg\/zelen-telefon-za-podavane-na-signali\/ministerstvo-na-okolnata-sreda-i-vodite\/ Ministry of Interior Topic: Alerts related to accidents or incidents. Information: Use 112 in the event of a sudden real threat to life, [&hellip;]\" \/>\n<meta property=\"og:url\" content=\"https:\/\/www.cemis.bg\/de\/useful\/links\/useful-links-and-signals-for-republic-of-bulgaria\/\" \/>\n<meta property=\"og:site_name\" content=\"CEMIS\" \/>\n<meta property=\"article:modified_time\" content=\"2021-12-20T15:43:08+00:00\" \/>\n<meta name=\"twitter:card\" content=\"summary_large_image\" \/>\n<meta name=\"twitter:label1\" content=\"Gesch\u00e4tzte Lesezeit\" \/>\n\t<meta name=\"twitter:data1\" content=\"2\u00a0Minuten\" \/>\n<script type=\"application\/ld+json\" class=\"yoast-schema-graph\">{\"@context\":\"https:\/\/schema.org\",\"@graph\":[{\"@type\":\"WebPage\",\"@id\":\"https:\/\/www.cemis.bg\/useful\/links\/useful-links-and-signals-for-republic-of-bulgaria\/\",\"url\":\"https:\/\/www.cemis.bg\/useful\/links\/useful-links-and-signals-for-republic-of-bulgaria\/\",\"name\":\"Useful links and signals for republic of Bulgaria - CEMIS\",\"isPartOf\":{\"@id\":\"https:\/\/www.cemis.bg\/en\/#website\"},\"datePublished\":\"2021-12-20T15:41:55+00:00\",\"dateModified\":\"2021-12-20T15:43:08+00:00\",\"breadcrumb\":{\"@id\":\"https:\/\/www.cemis.bg\/useful\/links\/useful-links-and-signals-for-republic-of-bulgaria\/#breadcrumb\"},\"inLanguage\":\"de\",\"potentialAction\":[{\"@type\":\"ReadAction\",\"target\":[\"https:\/\/www.cemis.bg\/useful\/links\/useful-links-and-signals-for-republic-of-bulgaria\/\"]}]},{\"@type\":\"BreadcrumbList\",\"@id\":\"https:\/\/www.cemis.bg\/useful\/links\/useful-links-and-signals-for-republic-of-bulgaria\/#breadcrumb\",\"itemListElement\":[{\"@type\":\"ListItem\",\"position\":1,\"name\":\"Home\",\"item\":\"https:\/\/www.cemis.bg\/\"},{\"@type\":\"ListItem\",\"position\":2,\"name\":\"\u041f\u043e\u043b\u0435\u0437\u043d\u043e\",\"item\":\"https:\/\/www.cemis.bg\/en\/useful\/\"},{\"@type\":\"ListItem\",\"position\":3,\"name\":\"\u041f\u043e\u043b\u0435\u0437\u043d\u0438 \u0432\u0440\u044a\u0437\u043a\u0438\",\"item\":\"https:\/\/www.cemis.bg\/useful\/links\/\"},{\"@type\":\"ListItem\",\"position\":4,\"name\":\"Useful links and signals for republic of Bulgaria\"}]},{\"@type\":\"WebSite\",\"@id\":\"https:\/\/www.cemis.bg\/en\/#website\",\"url\":\"https:\/\/www.cemis.bg\/en\/\",\"name\":\"CEMIS\",\"description\":\"Circular Economy Management Information System\",\"publisher\":{\"@id\":\"https:\/\/www.cemis.bg\/en\/#organization\"},\"potentialAction\":[{\"@type\":\"SearchAction\",\"target\":{\"@type\":\"EntryPoint\",\"urlTemplate\":\"https:\/\/www.cemis.bg\/en\/?s={search_term_string}\"},\"query-input\":\"required name=search_term_string\"}],\"inLanguage\":\"de\"},{\"@type\":\"Organization\",\"@id\":\"https:\/\/www.cemis.bg\/en\/#organization\",\"name\":\"CEMIS\",\"url\":\"https:\/\/www.cemis.bg\/en\/\",\"logo\":{\"@type\":\"ImageObject\",\"inLanguage\":\"de\",\"@id\":\"https:\/\/www.cemis.bg\/en\/#\/schema\/logo\/image\/\",\"url\":\"https:\/\/www.cemis.bg\/wp-content\/uploads\/2021\/10\/CEMIS-Logo-White1-2048x757-1.gif\",\"contentUrl\":\"https:\/\/www.cemis.bg\/wp-content\/uploads\/2021\/10\/CEMIS-Logo-White1-2048x757-1.gif\",\"width\":2048,\"height\":757,\"caption\":\"CEMIS\"},\"image\":{\"@id\":\"https:\/\/www.cemis.bg\/en\/#\/schema\/logo\/image\/\"}}]}<\/script>\n<!-- \/ Yoast SEO plugin. -->","yoast_head_json":{"title":"Useful links and signals for republic of Bulgaria - CEMIS","robots":{"index":"index","follow":"follow","max-snippet":"max-snippet:-1","max-image-preview":"max-image-preview:large","max-video-preview":"max-video-preview:-1"},"canonical":"https:\/\/www.cemis.bg\/de\/useful\/links\/useful-links-and-signals-for-republic-of-bulgaria\/","og_locale":"de_DE","og_type":"article","og_title":"Useful links and signals for republic of Bulgaria - CEMIS","og_description":"Useful links and signals for republic of Bulgaria Ministry of Environment and Water (MoEW) Topic: Green phone Information: Signals related to environmental protection and violation of environmental legislation. Phone: +35929888205+359887088440 Link: https:\/\/www.moew.government.bg\/bg\/zelen-telefon-za-podavane-na-signali\/ministerstvo-na-okolnata-sreda-i-vodite\/ Ministry of Interior Topic: Alerts related to accidents or incidents. Information: Use 112 in the event of a sudden real threat to life, [&hellip;]","og_url":"https:\/\/www.cemis.bg\/de\/useful\/links\/useful-links-and-signals-for-republic-of-bulgaria\/","og_site_name":"CEMIS","article_modified_time":"2021-12-20T15:43:08+00:00","twitter_card":"summary_large_image","twitter_misc":{"Gesch\u00e4tzte Lesezeit":"2\u00a0Minuten"},"schema":{"@context":"https:\/\/schema.org","@graph":[{"@type":"WebPage","@id":"https:\/\/www.cemis.bg\/useful\/links\/useful-links-and-signals-for-republic-of-bulgaria\/","url":"https:\/\/www.cemis.bg\/useful\/links\/useful-links-and-signals-for-republic-of-bulgaria\/","name":"Useful links and signals for republic of Bulgaria - CEMIS","isPartOf":{"@id":"https:\/\/www.cemis.bg\/en\/#website"},"datePublished":"2021-12-20T15:41:55+00:00","dateModified":"2021-12-20T15:43:08+00:00","breadcrumb":{"@id":"https:\/\/www.cemis.bg\/useful\/links\/useful-links-and-signals-for-republic-of-bulgaria\/#breadcrumb"},"inLanguage":"de","potentialAction":[{"@type":"ReadAction","target":["https:\/\/www.cemis.bg\/useful\/links\/useful-links-and-signals-for-republic-of-bulgaria\/"]}]},{"@type":"BreadcrumbList","@id":"https:\/\/www.cemis.bg\/useful\/links\/useful-links-and-signals-for-republic-of-bulgaria\/#breadcrumb","itemListElement":[{"@type":"ListItem","position":1,"name":"Home","item":"https:\/\/www.cemis.bg\/"},{"@type":"ListItem","position":2,"name":"\u041f\u043e\u043b\u0435\u0437\u043d\u043e","item":"https:\/\/www.cemis.bg\/en\/useful\/"},{"@type":"ListItem","position":3,"name":"\u041f\u043e\u043b\u0435\u0437\u043d\u0438 \u0432\u0440\u044a\u0437\u043a\u0438","item":"https:\/\/www.cemis.bg\/useful\/links\/"},{"@type":"ListItem","position":4,"name":"Useful links and signals for republic of Bulgaria"}]},{"@type":"WebSite","@id":"https:\/\/www.cemis.bg\/en\/#website","url":"https:\/\/www.cemis.bg\/en\/","name":"CEMIS","description":"Circular Economy Management Information System","publisher":{"@id":"https:\/\/www.cemis.bg\/en\/#organization"},"potentialAction":[{"@type":"SearchAction","target":{"@type":"EntryPoint","urlTemplate":"https:\/\/www.cemis.bg\/en\/?s={search_term_string}"},"query-input":"required name=search_term_string"}],"inLanguage":"de"},{"@type":"Organization","@id":"https:\/\/www.cemis.bg\/en\/#organization","name":"CEMIS","url":"https:\/\/www.cemis.bg\/en\/","logo":{"@type":"ImageObject","inLanguage":"de","@id":"https:\/\/www.cemis.bg\/en\/#\/schema\/logo\/image\/","url":"https:\/\/www.cemis.bg\/wp-content\/uploads\/2021\/10\/CEMIS-Logo-White1-2048x757-1.gif","contentUrl":"https:\/\/www.cemis.bg\/wp-content\/uploads\/2021\/10\/CEMIS-Logo-White1-2048x757-1.gif","width":2048,"height":757,"caption":"CEMIS"},"image":{"@id":"https:\/\/www.cemis.bg\/en\/#\/schema\/logo\/image\/"}}]}},"_links":{"self":[{"href":"https:\/\/www.cemis.bg\/de\/wp-json\/wp\/v2\/pages\/17740","targetHints":{"allow":["GET"]}}],"collection":[{"href":"https:\/\/www.cemis.bg\/de\/wp-json\/wp\/v2\/pages"}],"about":[{"href":"https:\/\/www.cemis.bg\/de\/wp-json\/wp\/v2\/types\/page"}],"author":[{"embeddable":true,"href":"https:\/\/www.cemis.bg\/de\/wp-json\/wp\/v2\/users\/1"}],"replies":[{"embeddable":true,"href":"https:\/\/www.cemis.bg\/de\/wp-json\/wp\/v2\/comments?post=17740"}],"version-history":[{"count":7,"href":"https:\/\/www.cemis.bg\/de\/wp-json\/wp\/v2\/pages\/17740\/revisions"}],"predecessor-version":[{"id":17747,"href":"https:\/\/www.cemis.bg\/de\/wp-json\/wp\/v2\/pages\/17740\/revisions\/17747"}],"up":[{"embeddable":true,"href":"https:\/\/www.cemis.bg\/de\/wp-json\/wp\/v2\/pages\/158"}],"wp:attachment":[{"href":"https:\/\/www.cemis.bg\/de\/wp-json\/wp\/v2\/media?parent=17740"}],"curies":[{"name":"wp","href":"https:\/\/api.w.org\/{rel}","templated":true}]}}