{"id":3392,"date":"2021-04-05T14:23:45","date_gmt":"2021-04-05T12:23:45","guid":{"rendered":"https:\/\/www.cemis.bg\/?page_id=3392"},"modified":"2021-12-13T17:23:54","modified_gmt":"2021-12-13T15:23:54","slug":"general-information","status":"publish","type":"page","link":"https:\/\/www.cemis.bg\/de\/useful\/information\/general-information\/","title":{"rendered":"\u041e\u0431\u0449\u0430 \u0438\u043d\u0444\u043e\u0440\u043c\u0430\u0446\u0438\u044f"},"content":{"rendered":"<div data-elementor-type=\"wp-page\" data-elementor-id=\"3392\" class=\"elementor elementor-3392\">\n\t\t\t\t\t\t<div class=\"elementor-inner\">\n\t\t\t\t<div class=\"elementor-section-wrap\">\n\t\t\t\t\t\t\t\t\t<section class=\"elementor-section elementor-top-section elementor-element elementor-element-5d00866 elementor-section-boxed elementor-section-height-default elementor-section-height-default\" data-id=\"5d00866\" data-element_type=\"section\" data-settings=\"{&quot;background_background&quot;:&quot;classic&quot;}\">\n\t\t\t\t\t\t<div class=\"elementor-container elementor-column-gap-default\">\n\t\t\t\t\t\t\t<div class=\"elementor-row\">\n\t\t\t\t\t<div class=\"elementor-column elementor-col-100 elementor-top-column elementor-element elementor-element-46dc330\" data-id=\"46dc330\" data-element_type=\"column\">\n\t\t\t<div class=\"elementor-column-wrap elementor-element-populated\">\n\t\t\t\t\t\t\t<div class=\"elementor-widget-wrap\">\n\t\t\t\t\t\t<section class=\"elementor-section elementor-inner-section elementor-element elementor-element-d0e6420 elementor-section-boxed elementor-section-height-default elementor-section-height-default\" data-id=\"d0e6420\" data-element_type=\"section\">\n\t\t\t\t\t\t<div class=\"elementor-container elementor-column-gap-default\">\n\t\t\t\t\t\t\t<div class=\"elementor-row\">\n\t\t\t\t\t<div class=\"elementor-column elementor-col-100 elementor-inner-column elementor-element elementor-element-2324f6b\" data-id=\"2324f6b\" data-element_type=\"column\" data-settings=\"{&quot;background_background&quot;:&quot;classic&quot;}\">\n\t\t\t<div class=\"elementor-column-wrap elementor-element-populated\">\n\t\t\t\t\t\t\t<div class=\"elementor-widget-wrap\">\n\t\t\t\t\t\t<div class=\"elementor-element elementor-element-fb7b809 elementor-widget elementor-widget-heading\" data-id=\"fb7b809\" data-element_type=\"widget\" data-widget_type=\"heading.default\">\n\t\t\t\t<div class=\"elementor-widget-container\">\n\t\t\t<h4 class=\"elementor-heading-title elementor-size-default\">WAS IST DIE KREISLAUFWIRTSCHAFT?<\/h4>\t\t<\/div>\n\t\t\t\t<\/div>\n\t\t\t\t<div class=\"elementor-element elementor-element-6d031b6 elementor-widget elementor-widget-text-editor\" data-id=\"6d031b6\" data-element_type=\"widget\" data-settings=\"{&quot;_animation&quot;:&quot;none&quot;}\" data-widget_type=\"text-editor.default\">\n\t\t\t\t<div class=\"elementor-widget-container\">\n\t\t\t\t\t\t\t\t<div class=\"elementor-text-editor elementor-clearfix\">\n\t\t\t\tDie Kreislaufwirtschaft ist ein Produktions- und Konsummodell, bei dem vorhandene Materialien und Produkte so lange wie m\u00f6glich gemeinsam genutzt, geleast, wiederverwendet, repariert, aufgearbeitet und recycelt werden. Auf diese Weise wird der Lebenszyklus von Produkten verl\u00e4ngert.<br clear=\"none\" \/><br clear=\"none\" \/>Wenn ein Produkt das Ende seiner Lebensdauer erreicht, werden seine Materialien nach M\u00f6glichkeit in der Wirtschaft gehalten. Sie k\u00f6nnen immer wieder produktiv genutzt werden und schaffen so weiteren Wert. In der Praxis bedeutet dies, dass Abf\u00e4lle auf ein Minimum reduziert werden.<br clear=\"none\" \/><br clear=\"none\" \/>Dies ist eine Abkehr vom traditionellen, linearen Wirtschaftsmodell, bei dem Rohstoffe verwendet, daraus Dinge hergestellt, dann verbraucht und die Reste weggeworfen werden. Das traditionelle lineare Wirtschaftsmodell basiert auf dem Muster Nehmen-Herstellen-Verbrauchen-Wegwerfen. Dieses Modell st\u00fctzt sich auf gro\u00dfe Mengen an billigen, leicht zug\u00e4nglichen Materialien und Energie.<br clear=\"none\" \/><br clear=\"none\" \/>Teil dieses Modells ist auch die geplante Obsoleszenz, bei der ein Produkt so konzipiert wurde, dass es nur eine begrenzte Lebensdauer hat, um die Verbraucher zum erneuten Kauf zu bewegen, oder der Wert des defekten Teils des Produkts ist der gleiche wie der eines neuen.\n<p id=\"Benefits\"><\/p>\t\t\t\t\t<\/div>\n\t\t\t\t\t\t<\/div>\n\t\t\t\t<\/div>\n\t\t\t\t\t\t<\/div>\n\t\t\t\t\t<\/div>\n\t\t<\/div>\n\t\t\t\t\t\t\t\t<\/div>\n\t\t\t\t\t<\/div>\n\t\t<\/section>\n\t\t\t\t<section class=\"elementor-section elementor-inner-section elementor-element elementor-element-31c3e6b elementor-section-boxed elementor-section-height-default elementor-section-height-default\" data-id=\"31c3e6b\" data-element_type=\"section\">\n\t\t\t\t\t\t<div class=\"elementor-container elementor-column-gap-default\">\n\t\t\t\t\t\t\t<div class=\"elementor-row\">\n\t\t\t\t\t<div class=\"elementor-column elementor-col-100 elementor-inner-column elementor-element elementor-element-9359bdc\" data-id=\"9359bdc\" data-element_type=\"column\" data-settings=\"{&quot;background_background&quot;:&quot;classic&quot;}\">\n\t\t\t<div class=\"elementor-column-wrap elementor-element-populated\">\n\t\t\t\t\t\t\t<div class=\"elementor-widget-wrap\">\n\t\t\t\t\t\t<div class=\"elementor-element elementor-element-7ee5be1 elementor-widget elementor-widget-heading\" data-id=\"7ee5be1\" data-element_type=\"widget\" id=\"what-are-the-benefits\" data-widget_type=\"heading.default\">\n\t\t\t\t<div class=\"elementor-widget-container\">\n\t\t\t<h4 class=\"elementor-heading-title elementor-size-default\">WAS SIND DIE VORTEILE DER KREISLAUFWIRTSCHAFT?<\/h4>\t\t<\/div>\n\t\t\t\t<\/div>\n\t\t\t\t<div class=\"elementor-element elementor-element-5276bf7 elementor-widget elementor-widget-text-editor\" data-id=\"5276bf7\" data-element_type=\"widget\" data-settings=\"{&quot;_animation&quot;:&quot;none&quot;}\" data-widget_type=\"text-editor.default\">\n\t\t\t\t<div class=\"elementor-widget-container\">\n\t\t\t\t\t\t\t\t<div class=\"elementor-text-editor elementor-clearfix\">\n\t\t\t\t<ul class=\"leaf\">\n \t<li>L\u00e4ngere Nutzung unserer Lieblingsdinge oder Dinge, an die wir uns gew\u00f6hnt haben.<\/li>\n \t<li>Sparen Sie Geld, indem Sie weniger unn\u00f6tige Waren kaufen, egal wie g\u00fcnstig sie angeboten werden.<\/li>\n \t<li>Unterst\u00fctzung lokaler und nachbarschaftlicher Unternehmen, Reparatur- und Wartungsbetriebe, Ihrer Nachbarn, bestimmter Berufe usw.<\/li>\n \t<li>Verringerung der Umweltverschmutzung.<\/li>\n \t<li>Verringerung der Treibhausgasemissionen (die ein Element der Strompreisbildung sind).<\/li>\n \t<li>Schutz von nat\u00fcrlichen Rohstoffen.<\/li>\n \t<li>Erhaltung und Schaffung neuer Arbeitspl\u00e4tze.<\/li>\n \t<li>Sicherstellung des Zugangs zu nachhaltigeren und sparsameren Produkten.<\/li>\n<\/ul>\n<p id=\"WhatToDo\"><\/p>\t\t\t\t\t<\/div>\n\t\t\t\t\t\t<\/div>\n\t\t\t\t<\/div>\n\t\t\t\t\t\t<\/div>\n\t\t\t\t\t<\/div>\n\t\t<\/div>\n\t\t\t\t\t\t\t\t<\/div>\n\t\t\t\t\t<\/div>\n\t\t<\/section>\n\t\t\t\t<section class=\"elementor-section elementor-inner-section elementor-element elementor-element-10bf84b elementor-section-boxed elementor-section-height-default elementor-section-height-default\" data-id=\"10bf84b\" data-element_type=\"section\">\n\t\t\t\t\t\t<div class=\"elementor-container elementor-column-gap-default\">\n\t\t\t\t\t\t\t<div class=\"elementor-row\">\n\t\t\t\t\t<div class=\"elementor-column elementor-col-100 elementor-inner-column elementor-element elementor-element-4ded592\" data-id=\"4ded592\" data-element_type=\"column\" data-settings=\"{&quot;background_background&quot;:&quot;classic&quot;}\">\n\t\t\t<div class=\"elementor-column-wrap elementor-element-populated\">\n\t\t\t\t\t\t\t<div class=\"elementor-widget-wrap\">\n\t\t\t\t\t\t<div class=\"elementor-element elementor-element-94416c3 elementor-widget elementor-widget-heading\" data-id=\"94416c3\" data-element_type=\"widget\" data-widget_type=\"heading.default\">\n\t\t\t\t<div class=\"elementor-widget-container\">\n\t\t\t<h4 class=\"elementor-heading-title elementor-size-default\">WAS K\u00d6NNEN WIR TUN?<\/h4>\t\t<\/div>\n\t\t\t\t<\/div>\n\t\t\t\t<div class=\"elementor-element elementor-element-1a75360 elementor-widget elementor-widget-text-editor\" data-id=\"1a75360\" data-element_type=\"widget\" data-settings=\"{&quot;_animation&quot;:&quot;none&quot;}\" data-widget_type=\"text-editor.default\">\n\t\t\t\t<div class=\"elementor-widget-container\">\n\t\t\t\t\t\t\t\t<div class=\"elementor-text-editor elementor-clearfix\">\n\t\t\t\t<ul class=\"leaf\">\n \t<li><strong>Informiert bleiben<\/strong>.<\/li>\n \t<li><strong>Verwenden Sie<\/strong> langlebige Produkte oder Dienstleistungen, die aus wiederverwertbaren Materialien hergestellt werden und leicht zu reparieren sind.<\/li>\n \t<li><strong>Erfahren Sie mehr \u00fcber<\/strong> die Gew\u00e4hrleistung f\u00fcr die Waren, den Zeitraum und die Umst\u00e4nde.<\/li>\n \t<li><strong>Reduzieren Sie<\/strong> Konsum. Ziehen Sie in Erw\u00e4gung, Waren zu teilen, zu mieten oder zu leihen, anstatt sie einmal zu kaufen, wenn sie nicht regelm\u00e4\u00dfig gebraucht werden.<\/li>\n \t<li><strong>Wiederverwendung<\/strong> und die Lebensdauer eines Produkts zu verl\u00e4ngern, indem man es repariert, aktualisiert und seinen Zweck \u00e4ndert.<\/li>\n \t<li><strong>Spenden Sie<\/strong> Dinge, die Sie nicht brauchen. Werfen Sie sie nicht weg.<\/li>\n \t<li><strong>Getrennt sammeln<\/strong> Materialien wie Metalle, Glas, Kunststoff, Papier usw. zur wiederholten Verwendung.<\/li>\n \t<li><strong>\u00c4ndern Sie<\/strong> Ihre Nutzungsgewohnheiten, um das Abfallaufkommen zu begrenzen.<\/li>\n<\/ul>\t\t\t\t\t<\/div>\n\t\t\t\t\t\t<\/div>\n\t\t\t\t<\/div>\n\t\t\t\t\t\t<\/div>\n\t\t\t\t\t<\/div>\n\t\t<\/div>\n\t\t\t\t\t\t\t\t<\/div>\n\t\t\t\t\t<\/div>\n\t\t<\/section>\n\t\t\t\t\t\t<\/div>\n\t\t\t\t\t<\/div>\n\t\t<\/div>\n\t\t\t\t\t\t\t\t<\/div>\n\t\t\t\t\t<\/div>\n\t\t<\/section>\n\t\t\t\t<section class=\"elementor-section elementor-top-section elementor-element elementor-element-2f4d446 elementor-section-boxed elementor-section-height-default elementor-section-height-default\" data-id=\"2f4d446\" data-element_type=\"section\">\n\t\t\t\t\t\t<div class=\"elementor-container elementor-column-gap-default\">\n\t\t\t\t\t\t\t<div class=\"elementor-row\">\n\t\t\t\t\t<div class=\"elementor-column elementor-col-100 elementor-top-column elementor-element elementor-element-96d1a2a\" data-id=\"96d1a2a\" data-element_type=\"column\" data-settings=\"{&quot;animation&quot;:&quot;none&quot;,&quot;background_background&quot;:&quot;classic&quot;}\">\n\t\t\t<div class=\"elementor-column-wrap elementor-element-populated\">\n\t\t\t\t\t\t\t<div class=\"elementor-widget-wrap\">\n\t\t\t\t\t\t<div class=\"elementor-element elementor-element-e15ec33 elementor-widget elementor-widget-heading\" data-id=\"e15ec33\" data-element_type=\"widget\" id=\"types-of-waste\" data-widget_type=\"heading.default\">\n\t\t\t\t<div class=\"elementor-widget-container\">\n\t\t\t<h4 class=\"elementor-heading-title elementor-size-default\">Quellen: <\/h4>\t\t<\/div>\n\t\t\t\t<\/div>\n\t\t\t\t<div class=\"elementor-element elementor-element-ccb5c17 elementor-widget elementor-widget-text-editor\" data-id=\"ccb5c17\" data-element_type=\"widget\" data-settings=\"{&quot;_animation&quot;:&quot;none&quot;}\" data-widget_type=\"text-editor.default\">\n\t\t\t\t<div class=\"elementor-widget-container\">\n\t\t\t\t\t\t\t\t<div class=\"elementor-text-editor elementor-clearfix\">\n\t\t\t\t<p><strong>Europ\u00e4isches Parlament<\/strong><br clear=\"none\" \/><strong>Konferenz der Vereinten Nationen \u00fcber Handel und Entwicklung<\/strong><br \/><img loading=\"lazy\" decoding=\"async\" class=\"aligncenter wp-image-8113\" src=\"https:\/\/www.cemis.bg\/wp-content\/uploads\/2021\/05\/Circular-economy_graph1_en.jpg\" alt=\"Circular economy graph\" width=\"800\" height=\"511\" srcset=\"https:\/\/www.cemis.bg\/wp-content\/uploads\/2021\/05\/Circular-economy_graph1_en.jpg 1024w, https:\/\/www.cemis.bg\/wp-content\/uploads\/2021\/05\/Circular-economy_graph1_en-300x192.jpg 300w, https:\/\/www.cemis.bg\/wp-content\/uploads\/2021\/05\/Circular-economy_graph1_en-768x491.jpg 768w, https:\/\/www.cemis.bg\/wp-content\/uploads\/2021\/05\/Circular-economy_graph1_en-16x10.jpg 16w\" sizes=\"auto, (max-width: 800px) 100vw, 800px\" \/><\/p><p align=\"center\"><strong>Quelle:<\/strong><br \/>https:\/\/s3-eu-west-1.amazonaws.com\/europarl\/circular_economy\/circular_economy_en.svg<\/p><p><img loading=\"lazy\" decoding=\"async\" class=\"aligncenter wp-image-8126 size-full\" src=\"https:\/\/www.cemis.bg\/wp-content\/uploads\/2021\/05\/Circular-economy_graph2_en.jpg\" alt=\"Circular economy\" width=\"450\" height=\"450\" srcset=\"https:\/\/www.cemis.bg\/wp-content\/uploads\/2021\/05\/Circular-economy_graph2_en.jpg 450w, https:\/\/www.cemis.bg\/wp-content\/uploads\/2021\/05\/Circular-economy_graph2_en-300x300.jpg 300w, https:\/\/www.cemis.bg\/wp-content\/uploads\/2021\/05\/Circular-economy_graph2_en-150x150.jpg 150w, https:\/\/www.cemis.bg\/wp-content\/uploads\/2021\/05\/Circular-economy_graph2_en-12x12.jpg 12w\" sizes=\"auto, (max-width: 450px) 100vw, 450px\" \/><\/p><p align=\"center\"><strong>Quelle:<\/strong> https:\/\/unctad.org\/news\/circular-economy-silver-bullet-emissions<\/p>\t\t\t\t\t<\/div>\n\t\t\t\t\t\t<\/div>\n\t\t\t\t<\/div>\n\t\t\t\t\t\t<\/div>\n\t\t\t\t\t<\/div>\n\t\t<\/div>\n\t\t\t\t\t\t\t\t<\/div>\n\t\t\t\t\t<\/div>\n\t\t<\/section>\n\t\t\t\t\t\t\t\t\t<\/div>\n\t\t\t<\/div>\n\t\t\t\t\t<\/div>","protected":false},"excerpt":{"rendered":"<p>WAS IST DIE KREISLAUFWIRTSCHAFT? Die Kreislaufwirtschaft ist ein Produktions- und Konsummodell, bei dem vorhandene Materialien und Produkte so lange wie m\u00f6glich gemeinsam genutzt, geleast, wiederverwendet, repariert, aufgearbeitet und recycelt werden. Auf diese Weise wird der Lebenszyklus von Produkten verl\u00e4ngert, und wenn ein Produkt das Ende seiner Lebensdauer erreicht hat, werden seine Materialien in [...]<\/p>","protected":false},"author":1,"featured_media":0,"parent":160,"menu_order":0,"comment_status":"closed","ping_status":"closed","template":"","meta":{"_mi_skip_tracking":false,"_monsterinsights_sitenote_active":false,"_monsterinsights_sitenote_note":"","_monsterinsights_sitenote_category":0,"footnotes":""},"class_list":["post-3392","page","type-page","status-publish","hentry","entry"],"yoast_head":"<!-- This site is optimized with the Yoast SEO plugin v20.10 - https:\/\/yoast.com\/wordpress\/plugins\/seo\/ -->\n<title>\u041e\u0431\u0449\u0430 \u0438\u043d\u0444\u043e\u0440\u043c\u0430\u0446\u0438\u044f - CEMIS<\/title>\n<meta name=\"robots\" content=\"index, follow, max-snippet:-1, max-image-preview:large, max-video-preview:-1\" \/>\n<link rel=\"canonical\" href=\"https:\/\/www.cemis.bg\/de\/useful\/information\/general-information\/\" \/>\n<meta property=\"og:locale\" content=\"de_DE\" \/>\n<meta property=\"og:type\" content=\"article\" \/>\n<meta property=\"og:title\" content=\"\u041e\u0431\u0449\u0430 \u0438\u043d\u0444\u043e\u0440\u043c\u0430\u0446\u0438\u044f - CEMIS\" \/>\n<meta property=\"og:description\" content=\"WHAT IS THE CIRCULAR ECONOMY? The circular economy is a model of production and consumption, which involves sharing, leasing, reusing, repairing, refurbishing and recycling existing materials and products as long as possible. In this way, the life cycle of products is extended.When a product reaches the end of its life, its materials are kept within [&hellip;]\" \/>\n<meta property=\"og:url\" content=\"https:\/\/www.cemis.bg\/de\/useful\/information\/general-information\/\" \/>\n<meta property=\"og:site_name\" content=\"CEMIS\" \/>\n<meta property=\"article:modified_time\" content=\"2021-12-13T15:23:54+00:00\" \/>\n<meta property=\"og:image\" content=\"https:\/\/www.cemis.bg\/wp-content\/uploads\/2021\/05\/Circular-economy_graph1_en.jpg\" \/>\n<meta name=\"twitter:card\" content=\"summary_large_image\" \/>\n<meta name=\"twitter:label1\" content=\"Gesch\u00e4tzte Lesezeit\" \/>\n\t<meta name=\"twitter:data1\" content=\"3\u00a0Minuten\" \/>\n<script type=\"application\/ld+json\" class=\"yoast-schema-graph\">{\"@context\":\"https:\/\/schema.org\",\"@graph\":[{\"@type\":\"WebPage\",\"@id\":\"https:\/\/www.cemis.bg\/useful\/information\/general-information\/\",\"url\":\"https:\/\/www.cemis.bg\/useful\/information\/general-information\/\",\"name\":\"\u041e\u0431\u0449\u0430 \u0438\u043d\u0444\u043e\u0440\u043c\u0430\u0446\u0438\u044f - CEMIS\",\"isPartOf\":{\"@id\":\"https:\/\/www.cemis.bg\/en\/#website\"},\"datePublished\":\"2021-04-05T12:23:45+00:00\",\"dateModified\":\"2021-12-13T15:23:54+00:00\",\"breadcrumb\":{\"@id\":\"https:\/\/www.cemis.bg\/useful\/information\/general-information\/#breadcrumb\"},\"inLanguage\":\"de\",\"potentialAction\":[{\"@type\":\"ReadAction\",\"target\":[\"https:\/\/www.cemis.bg\/useful\/information\/general-information\/\"]}]},{\"@type\":\"BreadcrumbList\",\"@id\":\"https:\/\/www.cemis.bg\/useful\/information\/general-information\/#breadcrumb\",\"itemListElement\":[{\"@type\":\"ListItem\",\"position\":1,\"name\":\"Home\",\"item\":\"https:\/\/www.cemis.bg\/\"},{\"@type\":\"ListItem\",\"position\":2,\"name\":\"\u041f\u043e\u043b\u0435\u0437\u043d\u043e\",\"item\":\"https:\/\/www.cemis.bg\/en\/useful\/\"},{\"@type\":\"ListItem\",\"position\":3,\"name\":\"\u041f\u043e\u043b\u0435\u0437\u043d\u0430 \u0438\u043d\u0444\u043e\u0440\u043c\u0430\u0446\u0438\u044f\",\"item\":\"https:\/\/www.cemis.bg\/useful\/information\/\"},{\"@type\":\"ListItem\",\"position\":4,\"name\":\"\u041e\u0431\u0449\u0430 \u0438\u043d\u0444\u043e\u0440\u043c\u0430\u0446\u0438\u044f\"}]},{\"@type\":\"WebSite\",\"@id\":\"https:\/\/www.cemis.bg\/en\/#website\",\"url\":\"https:\/\/www.cemis.bg\/en\/\",\"name\":\"CEMIS\",\"description\":\"Circular Economy Management Information System\",\"publisher\":{\"@id\":\"https:\/\/www.cemis.bg\/en\/#organization\"},\"potentialAction\":[{\"@type\":\"SearchAction\",\"target\":{\"@type\":\"EntryPoint\",\"urlTemplate\":\"https:\/\/www.cemis.bg\/en\/?s={search_term_string}\"},\"query-input\":\"required name=search_term_string\"}],\"inLanguage\":\"de\"},{\"@type\":\"Organization\",\"@id\":\"https:\/\/www.cemis.bg\/en\/#organization\",\"name\":\"CEMIS\",\"url\":\"https:\/\/www.cemis.bg\/en\/\",\"logo\":{\"@type\":\"ImageObject\",\"inLanguage\":\"de\",\"@id\":\"https:\/\/www.cemis.bg\/en\/#\/schema\/logo\/image\/\",\"url\":\"https:\/\/www.cemis.bg\/wp-content\/uploads\/2021\/10\/CEMIS-Logo-White1-2048x757-1.gif\",\"contentUrl\":\"https:\/\/www.cemis.bg\/wp-content\/uploads\/2021\/10\/CEMIS-Logo-White1-2048x757-1.gif\",\"width\":2048,\"height\":757,\"caption\":\"CEMIS\"},\"image\":{\"@id\":\"https:\/\/www.cemis.bg\/en\/#\/schema\/logo\/image\/\"}}]}<\/script>\n<!-- \/ Yoast SEO plugin. -->","yoast_head_json":{"title":"\u041e\u0431\u0449\u0430 \u0438\u043d\u0444\u043e\u0440\u043c\u0430\u0446\u0438\u044f - CEMIS","robots":{"index":"index","follow":"follow","max-snippet":"max-snippet:-1","max-image-preview":"max-image-preview:large","max-video-preview":"max-video-preview:-1"},"canonical":"https:\/\/www.cemis.bg\/de\/useful\/information\/general-information\/","og_locale":"de_DE","og_type":"article","og_title":"\u041e\u0431\u0449\u0430 \u0438\u043d\u0444\u043e\u0440\u043c\u0430\u0446\u0438\u044f - CEMIS","og_description":"WHAT IS THE CIRCULAR ECONOMY? The circular economy is a model of production and consumption, which involves sharing, leasing, reusing, repairing, refurbishing and recycling existing materials and products as long as possible. In this way, the life cycle of products is extended.When a product reaches the end of its life, its materials are kept within [&hellip;]","og_url":"https:\/\/www.cemis.bg\/de\/useful\/information\/general-information\/","og_site_name":"CEMIS","article_modified_time":"2021-12-13T15:23:54+00:00","og_image":[{"url":"https:\/\/www.cemis.bg\/wp-content\/uploads\/2021\/05\/Circular-economy_graph1_en.jpg"}],"twitter_card":"summary_large_image","twitter_misc":{"Gesch\u00e4tzte Lesezeit":"3\u00a0Minuten"},"schema":{"@context":"https:\/\/schema.org","@graph":[{"@type":"WebPage","@id":"https:\/\/www.cemis.bg\/useful\/information\/general-information\/","url":"https:\/\/www.cemis.bg\/useful\/information\/general-information\/","name":"\u041e\u0431\u0449\u0430 \u0438\u043d\u0444\u043e\u0440\u043c\u0430\u0446\u0438\u044f - CEMIS","isPartOf":{"@id":"https:\/\/www.cemis.bg\/en\/#website"},"datePublished":"2021-04-05T12:23:45+00:00","dateModified":"2021-12-13T15:23:54+00:00","breadcrumb":{"@id":"https:\/\/www.cemis.bg\/useful\/information\/general-information\/#breadcrumb"},"inLanguage":"de","potentialAction":[{"@type":"ReadAction","target":["https:\/\/www.cemis.bg\/useful\/information\/general-information\/"]}]},{"@type":"BreadcrumbList","@id":"https:\/\/www.cemis.bg\/useful\/information\/general-information\/#breadcrumb","itemListElement":[{"@type":"ListItem","position":1,"name":"Home","item":"https:\/\/www.cemis.bg\/"},{"@type":"ListItem","position":2,"name":"\u041f\u043e\u043b\u0435\u0437\u043d\u043e","item":"https:\/\/www.cemis.bg\/en\/useful\/"},{"@type":"ListItem","position":3,"name":"\u041f\u043e\u043b\u0435\u0437\u043d\u0430 \u0438\u043d\u0444\u043e\u0440\u043c\u0430\u0446\u0438\u044f","item":"https:\/\/www.cemis.bg\/useful\/information\/"},{"@type":"ListItem","position":4,"name":"\u041e\u0431\u0449\u0430 \u0438\u043d\u0444\u043e\u0440\u043c\u0430\u0446\u0438\u044f"}]},{"@type":"WebSite","@id":"https:\/\/www.cemis.bg\/en\/#website","url":"https:\/\/www.cemis.bg\/en\/","name":"CEMIS","description":"Circular Economy Management Information System","publisher":{"@id":"https:\/\/www.cemis.bg\/en\/#organization"},"potentialAction":[{"@type":"SearchAction","target":{"@type":"EntryPoint","urlTemplate":"https:\/\/www.cemis.bg\/en\/?s={search_term_string}"},"query-input":"required name=search_term_string"}],"inLanguage":"de"},{"@type":"Organization","@id":"https:\/\/www.cemis.bg\/en\/#organization","name":"CEMIS","url":"https:\/\/www.cemis.bg\/en\/","logo":{"@type":"ImageObject","inLanguage":"de","@id":"https:\/\/www.cemis.bg\/en\/#\/schema\/logo\/image\/","url":"https:\/\/www.cemis.bg\/wp-content\/uploads\/2021\/10\/CEMIS-Logo-White1-2048x757-1.gif","contentUrl":"https:\/\/www.cemis.bg\/wp-content\/uploads\/2021\/10\/CEMIS-Logo-White1-2048x757-1.gif","width":2048,"height":757,"caption":"CEMIS"},"image":{"@id":"https:\/\/www.cemis.bg\/en\/#\/schema\/logo\/image\/"}}]}},"_links":{"self":[{"href":"https:\/\/www.cemis.bg\/de\/wp-json\/wp\/v2\/pages\/3392","targetHints":{"allow":["GET"]}}],"collection":[{"href":"https:\/\/www.cemis.bg\/de\/wp-json\/wp\/v2\/pages"}],"about":[{"href":"https:\/\/www.cemis.bg\/de\/wp-json\/wp\/v2\/types\/page"}],"author":[{"embeddable":true,"href":"https:\/\/www.cemis.bg\/de\/wp-json\/wp\/v2\/users\/1"}],"replies":[{"embeddable":true,"href":"https:\/\/www.cemis.bg\/de\/wp-json\/wp\/v2\/comments?post=3392"}],"version-history":[{"count":178,"href":"https:\/\/www.cemis.bg\/de\/wp-json\/wp\/v2\/pages\/3392\/revisions"}],"predecessor-version":[{"id":17499,"href":"https:\/\/www.cemis.bg\/de\/wp-json\/wp\/v2\/pages\/3392\/revisions\/17499"}],"up":[{"embeddable":true,"href":"https:\/\/www.cemis.bg\/de\/wp-json\/wp\/v2\/pages\/160"}],"wp:attachment":[{"href":"https:\/\/www.cemis.bg\/de\/wp-json\/wp\/v2\/media?parent=3392"}],"curies":[{"name":"wp","href":"https:\/\/api.w.org\/{rel}","templated":true}]}}