{"id":710,"date":"2021-03-17T11:08:48","date_gmt":"2021-03-17T09:08:48","guid":{"rendered":"http:\/\/www.cemis.bg\/?page_id=710"},"modified":"2021-07-28T13:21:27","modified_gmt":"2021-07-28T11:21:27","slug":"dimitrinka-kalcheva","status":"publish","type":"page","link":"https:\/\/www.cemis.bg\/de\/aboutus\/dimitrinka-kalcheva\/","title":{"rendered":"\u0414\u0438\u043c\u0438\u0442\u0440\u0438\u043d\u043a\u0430 \u041a\u0430\u043b\u0447\u0435\u0432\u0430"},"content":{"rendered":"<div data-elementor-type=\"wp-page\" data-elementor-id=\"710\" class=\"elementor elementor-710\">\n\t\t\t\t\t\t<div class=\"elementor-inner\">\n\t\t\t\t<div class=\"elementor-section-wrap\">\n\t\t\t\t\t\t\t\t\t<section class=\"elementor-section elementor-top-section elementor-element elementor-element-200a8a8 elementor-section-full_width elementor-section-stretched elementor-section-height-default elementor-section-height-default\" data-id=\"200a8a8\" data-element_type=\"section\" data-settings=\"{&quot;stretch_section&quot;:&quot;section-stretched&quot;}\">\n\t\t\t\t\t\t<div class=\"elementor-container elementor-column-gap-default\">\n\t\t\t\t\t\t\t<div class=\"elementor-row\">\n\t\t\t\t\t<div class=\"elementor-column elementor-col-100 elementor-top-column elementor-element elementor-element-0fc9922\" data-id=\"0fc9922\" data-element_type=\"column\" data-settings=\"{&quot;background_background&quot;:&quot;classic&quot;}\">\n\t\t\t<div class=\"elementor-column-wrap elementor-element-populated\">\n\t\t\t\t\t<div class=\"elementor-background-overlay\"><\/div>\n\t\t\t\t\t\t\t<div class=\"elementor-widget-wrap\">\n\t\t\t\t\t\t<section class=\"elementor-section elementor-inner-section elementor-element elementor-element-395c182 elementor-section-full_width elementor-section-height-default elementor-section-height-default\" data-id=\"395c182\" data-element_type=\"section\">\n\t\t\t\t\t\t<div class=\"elementor-container elementor-column-gap-no\">\n\t\t\t\t\t\t\t<div class=\"elementor-row\">\n\t\t\t\t\t<div class=\"elementor-column elementor-col-100 elementor-inner-column elementor-element elementor-element-13b14a4\" data-id=\"13b14a4\" data-element_type=\"column\">\n\t\t\t<div class=\"elementor-column-wrap elementor-element-populated\">\n\t\t\t\t\t\t\t<div class=\"elementor-widget-wrap\">\n\t\t\t\t\t\t<div class=\"elementor-element elementor-element-946e677 elementor-widget elementor-widget-text-editor\" data-id=\"946e677\" data-element_type=\"widget\" data-widget_type=\"text-editor.default\">\n\t\t\t\t<div class=\"elementor-widget-container\">\n\t\t\t\t\t\t\t\t<div class=\"elementor-text-editor elementor-clearfix\">\n\t\t\t\t<img loading=\"lazy\" decoding=\"async\" class=\"size-full wp-image-714 alignleft\" src=\"https:\/\/www.cemis.bg\/wp-content\/uploads\/2021\/03\/Dimitrinka_Kalcheva_300x300.jpg\" alt=\"\u0414\u0438\u043c\u0438\u0442\u0440\u0438\u043d\u043a\u0430 \u041a\u0430\u043b\u0447\u0435\u0432\u0430\" width=\"300\" height=\"300\" srcset=\"https:\/\/www.cemis.bg\/wp-content\/uploads\/2021\/03\/Dimitrinka_Kalcheva_300x300.jpg 300w, https:\/\/www.cemis.bg\/wp-content\/uploads\/2021\/03\/Dimitrinka_Kalcheva_300x300-150x150.jpg 150w, https:\/\/www.cemis.bg\/wp-content\/uploads\/2021\/03\/Dimitrinka_Kalcheva_300x300-12x12.jpg 12w\" sizes=\"auto, (max-width: 300px) 100vw, 300px\" \/>\n<div style=\"position: absolute; top: 100px; left: 315px;\">\n<p style=\"font-size: 15px; font-weight: 900; text-align: left;\">DIMITRINKA KALCHEVA<\/p>\n<p style=\"line-height: 30px; font-family: Verdana; font-size: 15px; font-weight: 400;\">Finanzverwalter<br clear=\"none\" \/>MAGISTERIUM GmbH<\/p>\n\n<\/div>\t\t\t\t\t<\/div>\n\t\t\t\t\t\t<\/div>\n\t\t\t\t<\/div>\n\t\t\t\t<div class=\"elementor-element elementor-element-869ea60 elementor-widget elementor-widget-spacer\" data-id=\"869ea60\" data-element_type=\"widget\" data-widget_type=\"spacer.default\">\n\t\t\t\t<div class=\"elementor-widget-container\">\n\t\t\t\t\t<div class=\"elementor-spacer\">\n\t\t\t<div class=\"elementor-spacer-inner\"><\/div>\n\t\t<\/div>\n\t\t\t\t<\/div>\n\t\t\t\t<\/div>\n\t\t\t\t\t\t<\/div>\n\t\t\t\t\t<\/div>\n\t\t<\/div>\n\t\t\t\t\t\t\t\t<\/div>\n\t\t\t\t\t<\/div>\n\t\t<\/section>\n\t\t\t\t<div class=\"elementor-element elementor-element-e299fde elementor-widget elementor-widget-text-editor\" data-id=\"e299fde\" data-element_type=\"widget\" data-widget_type=\"text-editor.default\">\n\t\t\t\t<div class=\"elementor-widget-container\">\n\t\t\t\t\t\t\t\t<div class=\"elementor-text-editor elementor-clearfix\">\n\t\t\t\t<p style=\"line-height: 30px; font-family: Verdana; font-size: 15px; font-weight: 400; text-align: justify;\">Ingenieurin Dimitrinka Kalcheva hat einen Master in Naturwissenschaften und einen Master in Industriemanagement von der Universit\u00e4t f\u00fcr Bergbau und Geologie \"St. Ivan Rilski\", Sofia. Sie nimmt an einer Projektmanagement-Schulung und einem Kurs \u00fcber \"Finanzanalyse f\u00fcr Manager und Finanzfachleute\" teil, der von der Deutsch-Bulgarischen Industrie- und Handelskammer organisiert wird.<br clear=\"none\" \/>Derzeit ist sie Miteigent\u00fcmerin und Finanzmanagerin von MAGISTERIUM Ltd. Beteiligt sich an der Verwaltung des Unternehmens in \u00dcbereinstimmung mit dem Gesetz und den Beschl\u00fcssen des Verwaltungsrats, unterst\u00fctzt eine effiziente Finanzverwaltung, Vorbereitung und Teilnahme an Projekten, Ausschreibungen, Beratungen und anderen Aktivit\u00e4ten. Sie \u00fcbt eine technologische Kontrolle \u00fcber die Aktivit\u00e4ten von Bulgarian Posts EAD aus.<br clear=\"none\" \/>Sie verf\u00fcgt \u00fcber 16 Jahre praktische Berufserfahrung. Sie hat an zahlreichen Projekten mitgewirkt und war f\u00fcr die wirtschaftliche Analyse, das Budget, die Vorbereitung und die Kontrolle der finanziellen Parameter der Projekte verantwortlich.<br clear=\"none\" \/>Sie hat Erfahrung mit dem operationellen Programm \"Umwelt\", dem Programm f\u00fcr interregionale Zusammenarbeit Intereg Europe der Europ\u00e4ischen Union, dem OP \"Innovation und Wettbewerbsf\u00e4higkeit\", dem OP \"Good Governance\" und anderen.<\/p>\t\t\t\t\t<\/div>\n\t\t\t\t\t\t<\/div>\n\t\t\t\t<\/div>\n\t\t\t\t\t\t<\/div>\n\t\t\t\t\t<\/div>\n\t\t<\/div>\n\t\t\t\t\t\t\t\t<\/div>\n\t\t\t\t\t<\/div>\n\t\t<\/section>\n\t\t\t\t\t\t\t\t\t<\/div>\n\t\t\t<\/div>\n\t\t\t\t\t<\/div>","protected":false},"excerpt":{"rendered":"<p>DIMITRINKA KALCHEVA FinanzmanagerinMAGISTERIUM GmbH Ingenieurin Dimitrinka Kalcheva hat einen Master in Naturwissenschaften und einen Master in Industriemanagement von der Universit\u00e4t f\u00fcr Bergbau und Geologie \"St. Ivan Rilski\", Sofia. Sie nimmt an einer Projektmanagement-Ausbildung und einem Kurs \"Finanzanalyse f\u00fcr Manager und Finanzfachleute\" teil, der von der Deutsch-Bulgarischen Industrie- und Handelskammer organisiert wird.<\/p>","protected":false},"author":1,"featured_media":0,"parent":154,"menu_order":0,"comment_status":"closed","ping_status":"closed","template":"","meta":{"_mi_skip_tracking":false,"_monsterinsights_sitenote_active":false,"_monsterinsights_sitenote_note":"","_monsterinsights_sitenote_category":0,"footnotes":""},"class_list":["post-710","page","type-page","status-publish","hentry","entry"],"yoast_head":"<!-- This site is optimized with the Yoast SEO plugin v20.10 - https:\/\/yoast.com\/wordpress\/plugins\/seo\/ -->\n<title>\u0414\u0438\u043c\u0438\u0442\u0440\u0438\u043d\u043a\u0430 \u041a\u0430\u043b\u0447\u0435\u0432\u0430 - CEMIS<\/title>\n<meta name=\"robots\" content=\"index, follow, max-snippet:-1, max-image-preview:large, max-video-preview:-1\" \/>\n<link rel=\"canonical\" href=\"https:\/\/www.cemis.bg\/de\/aboutus\/dimitrinka-kalcheva\/\" \/>\n<meta property=\"og:locale\" content=\"de_DE\" \/>\n<meta property=\"og:type\" content=\"article\" \/>\n<meta property=\"og:title\" content=\"\u0414\u0438\u043c\u0438\u0442\u0440\u0438\u043d\u043a\u0430 \u041a\u0430\u043b\u0447\u0435\u0432\u0430 - CEMIS\" \/>\n<meta property=\"og:description\" content=\"DIMITRINKA KALCHEVA Financial managerMAGISTERIUM Ltd Engineer Dimitrinka Kalcheva is a Master of Natural Sciences and Master in Industrial Management from the University of Mining and Geology \u201cSt. Ivan Rilski\u201d, Sofia. She participates in a Project Management training and course in \u201cFinancial Analysis for Managers and Financial Specialists\u201d, organized by the German-Bulgarian Chamber of Industry and [&hellip;]\" \/>\n<meta property=\"og:url\" content=\"https:\/\/www.cemis.bg\/de\/aboutus\/dimitrinka-kalcheva\/\" \/>\n<meta property=\"og:site_name\" content=\"CEMIS\" \/>\n<meta property=\"article:modified_time\" content=\"2021-07-28T11:21:27+00:00\" \/>\n<meta property=\"og:image\" content=\"https:\/\/www.cemis.bg\/wp-content\/uploads\/2021\/03\/Dimitrinka_Kalcheva_300x300.jpg\" \/>\n<meta name=\"twitter:card\" content=\"summary_large_image\" \/>\n<meta name=\"twitter:label1\" content=\"Gesch\u00e4tzte Lesezeit\" \/>\n\t<meta name=\"twitter:data1\" content=\"1\u00a0Minute\" \/>\n<script type=\"application\/ld+json\" class=\"yoast-schema-graph\">{\"@context\":\"https:\/\/schema.org\",\"@graph\":[{\"@type\":\"WebPage\",\"@id\":\"https:\/\/www.cemis.bg\/aboutus\/dimitrinka-kalcheva\/\",\"url\":\"https:\/\/www.cemis.bg\/aboutus\/dimitrinka-kalcheva\/\",\"name\":\"\u0414\u0438\u043c\u0438\u0442\u0440\u0438\u043d\u043a\u0430 \u041a\u0430\u043b\u0447\u0435\u0432\u0430 - CEMIS\",\"isPartOf\":{\"@id\":\"https:\/\/www.cemis.bg\/en\/#website\"},\"datePublished\":\"2021-03-17T09:08:48+00:00\",\"dateModified\":\"2021-07-28T11:21:27+00:00\",\"breadcrumb\":{\"@id\":\"https:\/\/www.cemis.bg\/aboutus\/dimitrinka-kalcheva\/#breadcrumb\"},\"inLanguage\":\"de\",\"potentialAction\":[{\"@type\":\"ReadAction\",\"target\":[\"https:\/\/www.cemis.bg\/aboutus\/dimitrinka-kalcheva\/\"]}]},{\"@type\":\"BreadcrumbList\",\"@id\":\"https:\/\/www.cemis.bg\/aboutus\/dimitrinka-kalcheva\/#breadcrumb\",\"itemListElement\":[{\"@type\":\"ListItem\",\"position\":1,\"name\":\"Home\",\"item\":\"https:\/\/www.cemis.bg\/\"},{\"@type\":\"ListItem\",\"position\":2,\"name\":\"\u0417\u0430 CEMIS\",\"item\":\"https:\/\/www.cemis.bg\/aboutus\/\"},{\"@type\":\"ListItem\",\"position\":3,\"name\":\"\u0414\u0438\u043c\u0438\u0442\u0440\u0438\u043d\u043a\u0430 \u041a\u0430\u043b\u0447\u0435\u0432\u0430\"}]},{\"@type\":\"WebSite\",\"@id\":\"https:\/\/www.cemis.bg\/en\/#website\",\"url\":\"https:\/\/www.cemis.bg\/en\/\",\"name\":\"CEMIS\",\"description\":\"Circular Economy Management Information System\",\"publisher\":{\"@id\":\"https:\/\/www.cemis.bg\/en\/#organization\"},\"potentialAction\":[{\"@type\":\"SearchAction\",\"target\":{\"@type\":\"EntryPoint\",\"urlTemplate\":\"https:\/\/www.cemis.bg\/en\/?s={search_term_string}\"},\"query-input\":\"required name=search_term_string\"}],\"inLanguage\":\"de\"},{\"@type\":\"Organization\",\"@id\":\"https:\/\/www.cemis.bg\/en\/#organization\",\"name\":\"CEMIS\",\"url\":\"https:\/\/www.cemis.bg\/en\/\",\"logo\":{\"@type\":\"ImageObject\",\"inLanguage\":\"de\",\"@id\":\"https:\/\/www.cemis.bg\/en\/#\/schema\/logo\/image\/\",\"url\":\"https:\/\/www.cemis.bg\/wp-content\/uploads\/2021\/10\/CEMIS-Logo-White1-2048x757-1.gif\",\"contentUrl\":\"https:\/\/www.cemis.bg\/wp-content\/uploads\/2021\/10\/CEMIS-Logo-White1-2048x757-1.gif\",\"width\":2048,\"height\":757,\"caption\":\"CEMIS\"},\"image\":{\"@id\":\"https:\/\/www.cemis.bg\/en\/#\/schema\/logo\/image\/\"}}]}<\/script>\n<!-- \/ Yoast SEO plugin. -->","yoast_head_json":{"title":"\u0414\u0438\u043c\u0438\u0442\u0440\u0438\u043d\u043a\u0430 \u041a\u0430\u043b\u0447\u0435\u0432\u0430 - CEMIS","robots":{"index":"index","follow":"follow","max-snippet":"max-snippet:-1","max-image-preview":"max-image-preview:large","max-video-preview":"max-video-preview:-1"},"canonical":"https:\/\/www.cemis.bg\/de\/aboutus\/dimitrinka-kalcheva\/","og_locale":"de_DE","og_type":"article","og_title":"\u0414\u0438\u043c\u0438\u0442\u0440\u0438\u043d\u043a\u0430 \u041a\u0430\u043b\u0447\u0435\u0432\u0430 - CEMIS","og_description":"DIMITRINKA KALCHEVA Financial managerMAGISTERIUM Ltd Engineer Dimitrinka Kalcheva is a Master of Natural Sciences and Master in Industrial Management from the University of Mining and Geology \u201cSt. Ivan Rilski\u201d, Sofia. She participates in a Project Management training and course in \u201cFinancial Analysis for Managers and Financial Specialists\u201d, organized by the German-Bulgarian Chamber of Industry and [&hellip;]","og_url":"https:\/\/www.cemis.bg\/de\/aboutus\/dimitrinka-kalcheva\/","og_site_name":"CEMIS","article_modified_time":"2021-07-28T11:21:27+00:00","og_image":[{"url":"https:\/\/www.cemis.bg\/wp-content\/uploads\/2021\/03\/Dimitrinka_Kalcheva_300x300.jpg"}],"twitter_card":"summary_large_image","twitter_misc":{"Gesch\u00e4tzte Lesezeit":"1\u00a0Minute"},"schema":{"@context":"https:\/\/schema.org","@graph":[{"@type":"WebPage","@id":"https:\/\/www.cemis.bg\/aboutus\/dimitrinka-kalcheva\/","url":"https:\/\/www.cemis.bg\/aboutus\/dimitrinka-kalcheva\/","name":"\u0414\u0438\u043c\u0438\u0442\u0440\u0438\u043d\u043a\u0430 \u041a\u0430\u043b\u0447\u0435\u0432\u0430 - CEMIS","isPartOf":{"@id":"https:\/\/www.cemis.bg\/en\/#website"},"datePublished":"2021-03-17T09:08:48+00:00","dateModified":"2021-07-28T11:21:27+00:00","breadcrumb":{"@id":"https:\/\/www.cemis.bg\/aboutus\/dimitrinka-kalcheva\/#breadcrumb"},"inLanguage":"de","potentialAction":[{"@type":"ReadAction","target":["https:\/\/www.cemis.bg\/aboutus\/dimitrinka-kalcheva\/"]}]},{"@type":"BreadcrumbList","@id":"https:\/\/www.cemis.bg\/aboutus\/dimitrinka-kalcheva\/#breadcrumb","itemListElement":[{"@type":"ListItem","position":1,"name":"Home","item":"https:\/\/www.cemis.bg\/"},{"@type":"ListItem","position":2,"name":"\u0417\u0430 CEMIS","item":"https:\/\/www.cemis.bg\/aboutus\/"},{"@type":"ListItem","position":3,"name":"\u0414\u0438\u043c\u0438\u0442\u0440\u0438\u043d\u043a\u0430 \u041a\u0430\u043b\u0447\u0435\u0432\u0430"}]},{"@type":"WebSite","@id":"https:\/\/www.cemis.bg\/en\/#website","url":"https:\/\/www.cemis.bg\/en\/","name":"CEMIS","description":"Circular Economy Management Information System","publisher":{"@id":"https:\/\/www.cemis.bg\/en\/#organization"},"potentialAction":[{"@type":"SearchAction","target":{"@type":"EntryPoint","urlTemplate":"https:\/\/www.cemis.bg\/en\/?s={search_term_string}"},"query-input":"required name=search_term_string"}],"inLanguage":"de"},{"@type":"Organization","@id":"https:\/\/www.cemis.bg\/en\/#organization","name":"CEMIS","url":"https:\/\/www.cemis.bg\/en\/","logo":{"@type":"ImageObject","inLanguage":"de","@id":"https:\/\/www.cemis.bg\/en\/#\/schema\/logo\/image\/","url":"https:\/\/www.cemis.bg\/wp-content\/uploads\/2021\/10\/CEMIS-Logo-White1-2048x757-1.gif","contentUrl":"https:\/\/www.cemis.bg\/wp-content\/uploads\/2021\/10\/CEMIS-Logo-White1-2048x757-1.gif","width":2048,"height":757,"caption":"CEMIS"},"image":{"@id":"https:\/\/www.cemis.bg\/en\/#\/schema\/logo\/image\/"}}]}},"_links":{"self":[{"href":"https:\/\/www.cemis.bg\/de\/wp-json\/wp\/v2\/pages\/710","targetHints":{"allow":["GET"]}}],"collection":[{"href":"https:\/\/www.cemis.bg\/de\/wp-json\/wp\/v2\/pages"}],"about":[{"href":"https:\/\/www.cemis.bg\/de\/wp-json\/wp\/v2\/types\/page"}],"author":[{"embeddable":true,"href":"https:\/\/www.cemis.bg\/de\/wp-json\/wp\/v2\/users\/1"}],"replies":[{"embeddable":true,"href":"https:\/\/www.cemis.bg\/de\/wp-json\/wp\/v2\/comments?post=710"}],"version-history":[{"count":38,"href":"https:\/\/www.cemis.bg\/de\/wp-json\/wp\/v2\/pages\/710\/revisions"}],"predecessor-version":[{"id":10976,"href":"https:\/\/www.cemis.bg\/de\/wp-json\/wp\/v2\/pages\/710\/revisions\/10976"}],"up":[{"embeddable":true,"href":"https:\/\/www.cemis.bg\/de\/wp-json\/wp\/v2\/pages\/154"}],"wp:attachment":[{"href":"https:\/\/www.cemis.bg\/de\/wp-json\/wp\/v2\/media?parent=710"}],"curies":[{"name":"wp","href":"https:\/\/api.w.org\/{rel}","templated":true}]}}