{"id":775,"date":"2021-03-17T12:28:56","date_gmt":"2021-03-17T10:28:56","guid":{"rendered":"http:\/\/www.cemis.bg\/?page_id=775"},"modified":"2021-09-09T18:00:03","modified_gmt":"2021-09-09T16:00:03","slug":"elitsa-hristova","status":"publish","type":"page","link":"https:\/\/www.cemis.bg\/de\/aboutus\/elitsa-hristova\/","title":{"rendered":"\u0415\u043b\u0438\u0446\u0430 \u0425\u0440\u0438\u0441\u0442\u043e\u0432\u0430"},"content":{"rendered":"<div data-elementor-type=\"wp-page\" data-elementor-id=\"775\" class=\"elementor elementor-775\">\n\t\t\t\t\t\t<div class=\"elementor-inner\">\n\t\t\t\t<div class=\"elementor-section-wrap\">\n\t\t\t\t\t\t\t\t\t<section class=\"elementor-section elementor-top-section elementor-element elementor-element-bdcce5e elementor-section-full_width elementor-section-stretched elementor-section-height-default elementor-section-height-default\" data-id=\"bdcce5e\" data-element_type=\"section\" data-settings=\"{&quot;stretch_section&quot;:&quot;section-stretched&quot;}\">\n\t\t\t\t\t\t<div class=\"elementor-container elementor-column-gap-default\">\n\t\t\t\t\t\t\t<div class=\"elementor-row\">\n\t\t\t\t\t<div class=\"elementor-column elementor-col-100 elementor-top-column elementor-element elementor-element-f1cc76c\" data-id=\"f1cc76c\" data-element_type=\"column\" data-settings=\"{&quot;background_background&quot;:&quot;classic&quot;}\">\n\t\t\t<div class=\"elementor-column-wrap elementor-element-populated\">\n\t\t\t\t\t<div class=\"elementor-background-overlay\"><\/div>\n\t\t\t\t\t\t\t<div class=\"elementor-widget-wrap\">\n\t\t\t\t\t\t<section class=\"elementor-section elementor-inner-section elementor-element elementor-element-33d2aef elementor-section-full_width elementor-section-height-default elementor-section-height-default\" data-id=\"33d2aef\" data-element_type=\"section\">\n\t\t\t\t\t\t<div class=\"elementor-container elementor-column-gap-no\">\n\t\t\t\t\t\t\t<div class=\"elementor-row\">\n\t\t\t\t\t<div class=\"elementor-column elementor-col-100 elementor-inner-column elementor-element elementor-element-f1b5e46\" data-id=\"f1b5e46\" data-element_type=\"column\">\n\t\t\t<div class=\"elementor-column-wrap elementor-element-populated\">\n\t\t\t\t\t\t\t<div class=\"elementor-widget-wrap\">\n\t\t\t\t\t\t<div class=\"elementor-element elementor-element-f3e8346 elementor-widget elementor-widget-text-editor\" data-id=\"f3e8346\" data-element_type=\"widget\" data-widget_type=\"text-editor.default\">\n\t\t\t\t<div class=\"elementor-widget-container\">\n\t\t\t\t\t\t\t\t<div class=\"elementor-text-editor elementor-clearfix\">\n\t\t\t\t<img loading=\"lazy\" decoding=\"async\" class=\"size-full wp-image-782 alignleft\" src=\"https:\/\/www.cemis.bg\/wp-content\/uploads\/2021\/03\/Elitsa_Hristova_300x300.jpg\" alt=\"\u0415\u043b\u0438\u0446\u0430 \u0425\u0440\u0438\u0441\u0442\u043e\u0432\u0430\" width=\"300\" height=\"300\" srcset=\"https:\/\/www.cemis.bg\/wp-content\/uploads\/2021\/03\/Elitsa_Hristova_300x300.jpg 300w, https:\/\/www.cemis.bg\/wp-content\/uploads\/2021\/03\/Elitsa_Hristova_300x300-150x150.jpg 150w, https:\/\/www.cemis.bg\/wp-content\/uploads\/2021\/03\/Elitsa_Hristova_300x300-12x12.jpg 12w\" sizes=\"auto, (max-width: 300px) 100vw, 300px\" \/>\n<div style=\"position: absolute; top: 100px; left: 315px;\">\n<p style=\"font-size: 15px; font-weight: 900; text-align: left;\">ELITSA HRISTOVA<\/p>\n<p style=\"line-height: 30px; font-family: Verdana; font-size: 15px; font-weight: 400;\">Information und Kommunikation<br clear=\"none\" \/>MAGISTERIUM GmbH<\/p>\n\n<\/div>\t\t\t\t\t<\/div>\n\t\t\t\t\t\t<\/div>\n\t\t\t\t<\/div>\n\t\t\t\t<div class=\"elementor-element elementor-element-551090a elementor-widget elementor-widget-spacer\" data-id=\"551090a\" data-element_type=\"widget\" data-widget_type=\"spacer.default\">\n\t\t\t\t<div class=\"elementor-widget-container\">\n\t\t\t\t\t<div class=\"elementor-spacer\">\n\t\t\t<div class=\"elementor-spacer-inner\"><\/div>\n\t\t<\/div>\n\t\t\t\t<\/div>\n\t\t\t\t<\/div>\n\t\t\t\t\t\t<\/div>\n\t\t\t\t\t<\/div>\n\t\t<\/div>\n\t\t\t\t\t\t\t\t<\/div>\n\t\t\t\t\t<\/div>\n\t\t<\/section>\n\t\t\t\t<div class=\"elementor-element elementor-element-cf4fd2d elementor-widget elementor-widget-text-editor\" data-id=\"cf4fd2d\" data-element_type=\"widget\" data-widget_type=\"text-editor.default\">\n\t\t\t\t<div class=\"elementor-widget-container\">\n\t\t\t\t\t\t\t\t<div class=\"elementor-text-editor elementor-clearfix\">\n\t\t\t\t<p style=\"line-height: 30px; font-family: Verdana; font-size: 15px; font-weight: 400; text-align: justify;\">Elitsa Hristova hat einen Master-Abschluss in Arbeits- und Organisationspsychologie und einen Master-Abschluss in Politikwissenschaften, die sie an der Universit\u00e4t Sofia \"St. Kliment Ohridski\" erworben hat. Sie hat einen Bachelor-Abschluss in Psychologie von der Universit\u00e4t Veliko Tarnovo \"St. St. Cyril und Methodius\".<br \/>Sie hat eine zus\u00e4tzliche Spezialisierung an der vom Europarat organisierten Sommeruniversit\u00e4t f\u00fcr Demokratie sowie an der Dimitar Panitza Bulgarian School of Politics, New Bulgarian University, erworben.<br \/>Derzeit ist sie Expertin bei MAGISTERIUM Ltd. Sie bekleidete Positionen wie Public Relations Manager, Special Event Manager, Kommunikationsspezialist und andere.<br \/>Elitsa Hristova verf\u00fcgt \u00fcber mehr als 15 Jahre praktische Erfahrung. Sie hat Erfahrung in den operationellen Programmen \"Umwelt\", OP \"Wachsende Regionen\", OP \"Entwicklung der Humanressourcen\", OP \"Entwicklung des l\u00e4ndlichen Raums\", OP \"Verkehr\", grenz\u00fcberschreitende Programmzusammenarbeit, OP \"Verwaltungskapazit\u00e4t\", usw.<\/p>\t\t\t\t\t<\/div>\n\t\t\t\t\t\t<\/div>\n\t\t\t\t<\/div>\n\t\t\t\t\t\t<\/div>\n\t\t\t\t\t<\/div>\n\t\t<\/div>\n\t\t\t\t\t\t\t\t<\/div>\n\t\t\t\t\t<\/div>\n\t\t<\/section>\n\t\t\t\t\t\t\t\t\t<\/div>\n\t\t\t<\/div>\n\t\t\t\t\t<\/div>","protected":false},"excerpt":{"rendered":"<p>ELITSA HRISTOVA Information und KommunikationMAGISTERIUM GmbH Elitsa Hristova hat einen Master-Abschluss in Arbeits- und Organisationspsychologie und einen Master-Abschluss in Politikwissenschaften, die sie an der Universit\u00e4t Sofia \"St. Kliment Ohridski\" erworben hat. Sie hat einen Bachelor-Abschluss in Psychologie von der Universit\u00e4t Veliko Tarnovo \"St. Cyril und Methodius\" und hat eine zus\u00e4tzliche Spezialisierung an der [...]<\/p>","protected":false},"author":1,"featured_media":0,"parent":154,"menu_order":0,"comment_status":"closed","ping_status":"closed","template":"","meta":{"_mi_skip_tracking":false,"_monsterinsights_sitenote_active":false,"_monsterinsights_sitenote_note":"","_monsterinsights_sitenote_category":0,"footnotes":""},"class_list":["post-775","page","type-page","status-publish","hentry","entry"],"yoast_head":"<!-- This site is optimized with the Yoast SEO plugin v20.10 - https:\/\/yoast.com\/wordpress\/plugins\/seo\/ -->\n<title>\u0415\u043b\u0438\u0446\u0430 \u0425\u0440\u0438\u0441\u0442\u043e\u0432\u0430 - CEMIS<\/title>\n<meta name=\"robots\" content=\"index, follow, max-snippet:-1, max-image-preview:large, max-video-preview:-1\" \/>\n<link rel=\"canonical\" href=\"https:\/\/www.cemis.bg\/de\/aboutus\/elitsa-hristova\/\" \/>\n<meta property=\"og:locale\" content=\"de_DE\" \/>\n<meta property=\"og:type\" content=\"article\" \/>\n<meta property=\"og:title\" content=\"\u0415\u043b\u0438\u0446\u0430 \u0425\u0440\u0438\u0441\u0442\u043e\u0432\u0430 - CEMIS\" \/>\n<meta property=\"og:description\" content=\"ELITSA HRISTOVA Information and communicationMAGISTERIUM Ltd Elitsa Hristova has a Master\u2019s degree in Work and Organizational Psychology and a Master\u2019s degree in Political Science, obtained at Sofia University \u201eSt. Kliment Ohridski\u201d. She has a bachelor degree of Psychology from the University of Veliko Tarnovo \u201eSt. St. Cyril and Methodius\u201c.She has acquired an additional specialization at [&hellip;]\" \/>\n<meta property=\"og:url\" content=\"https:\/\/www.cemis.bg\/de\/aboutus\/elitsa-hristova\/\" \/>\n<meta property=\"og:site_name\" content=\"CEMIS\" \/>\n<meta property=\"article:modified_time\" content=\"2021-09-09T16:00:03+00:00\" \/>\n<meta property=\"og:image\" content=\"https:\/\/www.cemis.bg\/wp-content\/uploads\/2021\/03\/Elitsa_Hristova_300x300.jpg\" \/>\n<meta name=\"twitter:card\" content=\"summary_large_image\" \/>\n<meta name=\"twitter:label1\" content=\"Gesch\u00e4tzte Lesezeit\" \/>\n\t<meta name=\"twitter:data1\" content=\"1\u00a0Minute\" \/>\n<script type=\"application\/ld+json\" class=\"yoast-schema-graph\">{\"@context\":\"https:\/\/schema.org\",\"@graph\":[{\"@type\":\"WebPage\",\"@id\":\"https:\/\/www.cemis.bg\/aboutus\/elitsa-hristova\/\",\"url\":\"https:\/\/www.cemis.bg\/aboutus\/elitsa-hristova\/\",\"name\":\"\u0415\u043b\u0438\u0446\u0430 \u0425\u0440\u0438\u0441\u0442\u043e\u0432\u0430 - CEMIS\",\"isPartOf\":{\"@id\":\"https:\/\/www.cemis.bg\/en\/#website\"},\"datePublished\":\"2021-03-17T10:28:56+00:00\",\"dateModified\":\"2021-09-09T16:00:03+00:00\",\"breadcrumb\":{\"@id\":\"https:\/\/www.cemis.bg\/aboutus\/elitsa-hristova\/#breadcrumb\"},\"inLanguage\":\"de\",\"potentialAction\":[{\"@type\":\"ReadAction\",\"target\":[\"https:\/\/www.cemis.bg\/aboutus\/elitsa-hristova\/\"]}]},{\"@type\":\"BreadcrumbList\",\"@id\":\"https:\/\/www.cemis.bg\/aboutus\/elitsa-hristova\/#breadcrumb\",\"itemListElement\":[{\"@type\":\"ListItem\",\"position\":1,\"name\":\"Home\",\"item\":\"https:\/\/www.cemis.bg\/\"},{\"@type\":\"ListItem\",\"position\":2,\"name\":\"\u0417\u0430 CEMIS\",\"item\":\"https:\/\/www.cemis.bg\/aboutus\/\"},{\"@type\":\"ListItem\",\"position\":3,\"name\":\"\u0415\u043b\u0438\u0446\u0430 \u0425\u0440\u0438\u0441\u0442\u043e\u0432\u0430\"}]},{\"@type\":\"WebSite\",\"@id\":\"https:\/\/www.cemis.bg\/en\/#website\",\"url\":\"https:\/\/www.cemis.bg\/en\/\",\"name\":\"CEMIS\",\"description\":\"Circular Economy Management Information System\",\"publisher\":{\"@id\":\"https:\/\/www.cemis.bg\/en\/#organization\"},\"potentialAction\":[{\"@type\":\"SearchAction\",\"target\":{\"@type\":\"EntryPoint\",\"urlTemplate\":\"https:\/\/www.cemis.bg\/en\/?s={search_term_string}\"},\"query-input\":\"required name=search_term_string\"}],\"inLanguage\":\"de\"},{\"@type\":\"Organization\",\"@id\":\"https:\/\/www.cemis.bg\/en\/#organization\",\"name\":\"CEMIS\",\"url\":\"https:\/\/www.cemis.bg\/en\/\",\"logo\":{\"@type\":\"ImageObject\",\"inLanguage\":\"de\",\"@id\":\"https:\/\/www.cemis.bg\/en\/#\/schema\/logo\/image\/\",\"url\":\"https:\/\/www.cemis.bg\/wp-content\/uploads\/2021\/10\/CEMIS-Logo-White1-2048x757-1.gif\",\"contentUrl\":\"https:\/\/www.cemis.bg\/wp-content\/uploads\/2021\/10\/CEMIS-Logo-White1-2048x757-1.gif\",\"width\":2048,\"height\":757,\"caption\":\"CEMIS\"},\"image\":{\"@id\":\"https:\/\/www.cemis.bg\/en\/#\/schema\/logo\/image\/\"}}]}<\/script>\n<!-- \/ Yoast SEO plugin. -->","yoast_head_json":{"title":"\u0415\u043b\u0438\u0446\u0430 \u0425\u0440\u0438\u0441\u0442\u043e\u0432\u0430 - CEMIS","robots":{"index":"index","follow":"follow","max-snippet":"max-snippet:-1","max-image-preview":"max-image-preview:large","max-video-preview":"max-video-preview:-1"},"canonical":"https:\/\/www.cemis.bg\/de\/aboutus\/elitsa-hristova\/","og_locale":"de_DE","og_type":"article","og_title":"\u0415\u043b\u0438\u0446\u0430 \u0425\u0440\u0438\u0441\u0442\u043e\u0432\u0430 - CEMIS","og_description":"ELITSA HRISTOVA Information and communicationMAGISTERIUM Ltd Elitsa Hristova has a Master\u2019s degree in Work and Organizational Psychology and a Master\u2019s degree in Political Science, obtained at Sofia University \u201eSt. Kliment Ohridski\u201d. She has a bachelor degree of Psychology from the University of Veliko Tarnovo \u201eSt. St. Cyril and Methodius\u201c.She has acquired an additional specialization at [&hellip;]","og_url":"https:\/\/www.cemis.bg\/de\/aboutus\/elitsa-hristova\/","og_site_name":"CEMIS","article_modified_time":"2021-09-09T16:00:03+00:00","og_image":[{"url":"https:\/\/www.cemis.bg\/wp-content\/uploads\/2021\/03\/Elitsa_Hristova_300x300.jpg"}],"twitter_card":"summary_large_image","twitter_misc":{"Gesch\u00e4tzte Lesezeit":"1\u00a0Minute"},"schema":{"@context":"https:\/\/schema.org","@graph":[{"@type":"WebPage","@id":"https:\/\/www.cemis.bg\/aboutus\/elitsa-hristova\/","url":"https:\/\/www.cemis.bg\/aboutus\/elitsa-hristova\/","name":"\u0415\u043b\u0438\u0446\u0430 \u0425\u0440\u0438\u0441\u0442\u043e\u0432\u0430 - CEMIS","isPartOf":{"@id":"https:\/\/www.cemis.bg\/en\/#website"},"datePublished":"2021-03-17T10:28:56+00:00","dateModified":"2021-09-09T16:00:03+00:00","breadcrumb":{"@id":"https:\/\/www.cemis.bg\/aboutus\/elitsa-hristova\/#breadcrumb"},"inLanguage":"de","potentialAction":[{"@type":"ReadAction","target":["https:\/\/www.cemis.bg\/aboutus\/elitsa-hristova\/"]}]},{"@type":"BreadcrumbList","@id":"https:\/\/www.cemis.bg\/aboutus\/elitsa-hristova\/#breadcrumb","itemListElement":[{"@type":"ListItem","position":1,"name":"Home","item":"https:\/\/www.cemis.bg\/"},{"@type":"ListItem","position":2,"name":"\u0417\u0430 CEMIS","item":"https:\/\/www.cemis.bg\/aboutus\/"},{"@type":"ListItem","position":3,"name":"\u0415\u043b\u0438\u0446\u0430 \u0425\u0440\u0438\u0441\u0442\u043e\u0432\u0430"}]},{"@type":"WebSite","@id":"https:\/\/www.cemis.bg\/en\/#website","url":"https:\/\/www.cemis.bg\/en\/","name":"CEMIS","description":"Circular Economy Management Information System","publisher":{"@id":"https:\/\/www.cemis.bg\/en\/#organization"},"potentialAction":[{"@type":"SearchAction","target":{"@type":"EntryPoint","urlTemplate":"https:\/\/www.cemis.bg\/en\/?s={search_term_string}"},"query-input":"required name=search_term_string"}],"inLanguage":"de"},{"@type":"Organization","@id":"https:\/\/www.cemis.bg\/en\/#organization","name":"CEMIS","url":"https:\/\/www.cemis.bg\/en\/","logo":{"@type":"ImageObject","inLanguage":"de","@id":"https:\/\/www.cemis.bg\/en\/#\/schema\/logo\/image\/","url":"https:\/\/www.cemis.bg\/wp-content\/uploads\/2021\/10\/CEMIS-Logo-White1-2048x757-1.gif","contentUrl":"https:\/\/www.cemis.bg\/wp-content\/uploads\/2021\/10\/CEMIS-Logo-White1-2048x757-1.gif","width":2048,"height":757,"caption":"CEMIS"},"image":{"@id":"https:\/\/www.cemis.bg\/en\/#\/schema\/logo\/image\/"}}]}},"_links":{"self":[{"href":"https:\/\/www.cemis.bg\/de\/wp-json\/wp\/v2\/pages\/775","targetHints":{"allow":["GET"]}}],"collection":[{"href":"https:\/\/www.cemis.bg\/de\/wp-json\/wp\/v2\/pages"}],"about":[{"href":"https:\/\/www.cemis.bg\/de\/wp-json\/wp\/v2\/types\/page"}],"author":[{"embeddable":true,"href":"https:\/\/www.cemis.bg\/de\/wp-json\/wp\/v2\/users\/1"}],"replies":[{"embeddable":true,"href":"https:\/\/www.cemis.bg\/de\/wp-json\/wp\/v2\/comments?post=775"}],"version-history":[{"count":38,"href":"https:\/\/www.cemis.bg\/de\/wp-json\/wp\/v2\/pages\/775\/revisions"}],"predecessor-version":[{"id":10985,"href":"https:\/\/www.cemis.bg\/de\/wp-json\/wp\/v2\/pages\/775\/revisions\/10985"}],"up":[{"embeddable":true,"href":"https:\/\/www.cemis.bg\/de\/wp-json\/wp\/v2\/pages\/154"}],"wp:attachment":[{"href":"https:\/\/www.cemis.bg\/de\/wp-json\/wp\/v2\/media?parent=775"}],"curies":[{"name":"wp","href":"https:\/\/api.w.org\/{rel}","templated":true}]}}