{"id":17740,"date":"2021-12-20T17:41:55","date_gmt":"2021-12-20T15:41:55","guid":{"rendered":"https:\/\/www.cemis.bg\/?page_id=17740"},"modified":"2021-12-20T17:43:08","modified_gmt":"2021-12-20T15:43:08","slug":"useful-links-and-signals-for-republic-of-bulgaria","status":"publish","type":"page","link":"https:\/\/www.cemis.bg\/fr\/useful\/links\/useful-links-and-signals-for-republic-of-bulgaria\/","title":{"rendered":"Liens et signaux utiles pour la R\u00e9publique de Bulgarie"},"content":{"rendered":"<div data-elementor-type=\"wp-page\" data-elementor-id=\"17740\" class=\"elementor elementor-17740\">\n\t\t\t\t\t\t<div class=\"elementor-inner\">\n\t\t\t\t<div class=\"elementor-section-wrap\">\n\t\t\t\t\t\t\t\t\t<section class=\"elementor-section elementor-top-section elementor-element elementor-element-1ce4e18 elementor-section-full_width elementor-section-height-default elementor-section-height-default\" data-id=\"1ce4e18\" data-element_type=\"section\">\n\t\t\t\t\t\t<div class=\"elementor-container elementor-column-gap-default\">\n\t\t\t\t\t\t\t<div class=\"elementor-row\">\n\t\t\t\t\t<div class=\"elementor-column elementor-col-100 elementor-top-column elementor-element elementor-element-fa48c35\" data-id=\"fa48c35\" data-element_type=\"column\">\n\t\t\t<div class=\"elementor-column-wrap elementor-element-populated\">\n\t\t\t\t\t\t\t<div class=\"elementor-widget-wrap\">\n\t\t\t\t\t\t<div class=\"elementor-element elementor-element-79f3573 elementor-widget elementor-widget-text-editor\" data-id=\"79f3573\" data-element_type=\"widget\" data-widget_type=\"text-editor.default\">\n\t\t\t\t<div class=\"elementor-widget-container\">\n\t\t\t\t\t\t\t\t<div class=\"elementor-text-editor elementor-clearfix\">\n\t\t\t\t<div class=\"page-titles\">Liens et signaux utiles pour la R\u00e9publique de Bulgarie<\/div>\t\t\t\t\t<\/div>\n\t\t\t\t\t\t<\/div>\n\t\t\t\t<\/div>\n\t\t\t\t\t\t<\/div>\n\t\t\t\t\t<\/div>\n\t\t<\/div>\n\t\t\t\t\t\t\t\t<\/div>\n\t\t\t\t\t<\/div>\n\t\t<\/section>\n\t\t\t\t<section class=\"elementor-section elementor-top-section elementor-element elementor-element-831b919 elementor-section-full_width elementor-section-height-default elementor-section-height-default\" data-id=\"831b919\" data-element_type=\"section\" data-settings=\"{&quot;background_background&quot;:&quot;classic&quot;,&quot;animation&quot;:&quot;none&quot;}\">\n\t\t\t\t\t\t<div class=\"elementor-container elementor-column-gap-default\">\n\t\t\t\t\t\t\t<div class=\"elementor-row\">\n\t\t\t\t\t<div class=\"elementor-column elementor-col-100 elementor-top-column elementor-element elementor-element-35cfa10\" data-id=\"35cfa10\" data-element_type=\"column\">\n\t\t\t<div class=\"elementor-column-wrap elementor-element-populated\">\n\t\t\t\t\t\t\t<div class=\"elementor-widget-wrap\">\n\t\t\t\t\t\t<div class=\"elementor-element elementor-element-0cf42b7 elementor-widget elementor-widget-toggle\" data-id=\"0cf42b7\" data-element_type=\"widget\" data-widget_type=\"toggle.default\">\n\t\t\t\t<div class=\"elementor-widget-container\">\n\t\t\t\t\t<div class=\"elementor-toggle\">\n\t\t\t\t\t\t\t<div class=\"elementor-toggle-item\">\n\t\t\t\t\t<div id=\"elementor-tab-title-1351\" class=\"elementor-tab-title\" data-tab=\"1\" role=\"button\" aria-controls=\"elementor-tab-content-1351\" aria-expanded=\"false\">\n\t\t\t\t\t\t\t\t\t\t\t\t<span class=\"elementor-toggle-icon elementor-toggle-icon-left\" aria-hidden=\"true\">\n\t\t\t\t\t\t\t\t\t\t\t\t\t\t\t<span class=\"elementor-toggle-icon-closed\"><i class=\"fas fa-caret-right\"><\/i><\/span>\n\t\t\t\t\t\t\t\t<span class=\"elementor-toggle-icon-opened\"><i class=\"elementor-toggle-icon-opened fas fa-caret-up\"><\/i><\/span>\n\t\t\t\t\t\t\t\t\t\t\t\t\t<\/span>\n\t\t\t\t\t\t\t\t\t\t\t\t<a class=\"elementor-toggle-title\" tabindex=\"0\">Minist\u00e8re de l'environnement et de l'eau (MoEW)<\/a>\n\t\t\t\t\t<\/div>\n\n\t\t\t\t\t<div id=\"elementor-tab-content-1351\" class=\"elementor-tab-content elementor-clearfix\" data-tab=\"1\" role=\"region\" aria-labelledby=\"elementor-tab-title-1351\"><table>\n<tbody>\n<tr>\n<td><strong>Sujet :<\/strong><\/td>\n<td>T\u00e9l\u00e9phone vert<\/td>\n<\/tr>\n<tr>\n<td><strong>Informations :<\/strong><\/td>\n<td>\n<p align=\"justify\">Signaux li\u00e9s \u00e0 la protection de l'environnement et \u00e0 la violation de la l\u00e9gislation environnementale.<\/p>\n<\/td>\n<\/tr>\n<tr>\n<td><strong>T\u00e9l\u00e9phone :<\/strong><\/td>\n<td>+35929888205<br clear=\"none\" \/>+359887088440\n<\/td>\n<\/tr>\n<tr>\n<td><strong>Lien :<\/strong><\/td>\n<td><a href=\"https:\/\/www.moew.government.bg\/bg\/zelen-telefon-za-podavane-na-signali\/ministerstvo-na-okolnata-sreda-i-vodite\/\" target=\"_blank\" rel=\"noopener\">https:\/\/www.moew.government.bg\/bg\/zelen-telefon-za-podavane-na-signali\/ministerstvo-na-okolnata-sreda-i-vodite\/<\/a><\/td>\n<\/tr>\n<\/tbody>\n<\/table><\/div>\n\t\t\t\t<\/div>\n\t\t\t\t\t\t\t<div class=\"elementor-toggle-item\">\n\t\t\t\t\t<div id=\"elementor-tab-title-1352\" class=\"elementor-tab-title\" data-tab=\"2\" role=\"button\" aria-controls=\"elementor-tab-content-1352\" aria-expanded=\"false\">\n\t\t\t\t\t\t\t\t\t\t\t\t<span class=\"elementor-toggle-icon elementor-toggle-icon-left\" aria-hidden=\"true\">\n\t\t\t\t\t\t\t\t\t\t\t\t\t\t\t<span class=\"elementor-toggle-icon-closed\"><i class=\"fas fa-caret-right\"><\/i><\/span>\n\t\t\t\t\t\t\t\t<span class=\"elementor-toggle-icon-opened\"><i class=\"elementor-toggle-icon-opened fas fa-caret-up\"><\/i><\/span>\n\t\t\t\t\t\t\t\t\t\t\t\t\t<\/span>\n\t\t\t\t\t\t\t\t\t\t\t\t<a class=\"elementor-toggle-title\" tabindex=\"0\">Minist\u00e8re de l'Int\u00e9rieur<\/a>\n\t\t\t\t\t<\/div>\n\n\t\t\t\t\t<div id=\"elementor-tab-content-1352\" class=\"elementor-tab-content elementor-clearfix\" data-tab=\"2\" role=\"region\" aria-labelledby=\"elementor-tab-title-1352\"><table>\n<tbody>\n<tr>\n<td><strong>Sujet :<\/strong><\/td>\n<td>Alertes li\u00e9es \u00e0 des accidents ou \u00e0 des incidents.<\/td>\n<\/tr>\n<tr>\n<td><strong>Informations :<\/strong><\/td>\n<td>\n<p align=\"justify\">Utilisez le 112 en cas de menace soudaine et r\u00e9elle pour la vie, la sant\u00e9, la s\u00e9curit\u00e9 ou les biens, telle que : Accidents industriels et autres pollutions ; Radiation ; Autres accidents et incidents.<\/p>\n<\/td>\n<\/tr>\n<tr>\n<td><strong>T\u00e9l\u00e9phone :<\/strong><\/td>\n<td>112<\/td>\n<\/tr>\n<tr>\n<td><strong>Lien :<\/strong><\/td>\n<td><a href=\"https:\/\/www.mvr.bg\/112\" target=\"_blank\" rel=\"noopener\">https:\/\/www.mvr.bg\/112<\/a><\/td>\n<\/tr>\n<\/tbody>\n<\/table><\/div>\n\t\t\t\t<\/div>\n\t\t\t\t\t\t\t<div class=\"elementor-toggle-item\">\n\t\t\t\t\t<div id=\"elementor-tab-title-1353\" class=\"elementor-tab-title\" data-tab=\"3\" role=\"button\" aria-controls=\"elementor-tab-content-1353\" aria-expanded=\"false\">\n\t\t\t\t\t\t\t\t\t\t\t\t<span class=\"elementor-toggle-icon elementor-toggle-icon-left\" aria-hidden=\"true\">\n\t\t\t\t\t\t\t\t\t\t\t\t\t\t\t<span class=\"elementor-toggle-icon-closed\"><i class=\"fas fa-caret-right\"><\/i><\/span>\n\t\t\t\t\t\t\t\t<span class=\"elementor-toggle-icon-opened\"><i class=\"elementor-toggle-icon-opened fas fa-caret-up\"><\/i><\/span>\n\t\t\t\t\t\t\t\t\t\t\t\t\t<\/span>\n\t\t\t\t\t\t\t\t\t\t\t\t<a class=\"elementor-toggle-title\" tabindex=\"0\">Agence bulgare de s\u00e9curit\u00e9 alimentaire (BFSA)<\/a>\n\t\t\t\t\t<\/div>\n\n\t\t\t\t\t<div id=\"elementor-tab-content-1353\" class=\"elementor-tab-content elementor-clearfix\" data-tab=\"3\" role=\"region\" aria-labelledby=\"elementor-tab-title-1353\"><table>\n<tbody>\n<tr>\n<td><strong>Sujet :<\/strong><\/td>\n<td>Alertes sur l'alimentation, la sant\u00e9 et le bien-\u00eatre des animaux.<\/td>\n<\/tr>\n<tr>\n<td><strong>Informations :<\/strong><\/td>\n<td>\n<p align=\"justify\">L'Agence bulgare de s\u00e9curit\u00e9 alimentaire re\u00e7oit des signaux concernant des violations, des plaintes et des impressions li\u00e9es \u00e0 l'alimentation, \u00e0 la sant\u00e9 et au bien-\u00eatre des animaux, aux produits phytopharmaceutiques, aux m\u00e9dicaments v\u00e9t\u00e9rinaires, aux activit\u00e9s g\u00e9n\u00e9rales de la BFSA ou \u00e0 des employ\u00e9s individuels.<\/p>\n<\/td>\n<\/tr>\n<tr>\n<td><strong>T\u00e9l\u00e9phone :<\/strong><\/td>\n<td>+35970012299<\/td>\n<\/tr>\n<tr>\n<td><strong>Lien :<\/strong><\/td>\n<td><a href=\"https:\/\/www.bfsa.bg\/bg\/Page\/problem_signal\/index\/problem_signal\" target=\"_blank\" rel=\"noopener\">https:\/\/www.bfsa.bg\/bg\/Page\/problem_signal\/index\/problem_signal<\/a><\/td>\n<\/tr>\n<\/tbody>\n<\/table><\/div>\n\t\t\t\t<\/div>\n\t\t\t\t\t\t\t<div class=\"elementor-toggle-item\">\n\t\t\t\t\t<div id=\"elementor-tab-title-1354\" class=\"elementor-tab-title\" data-tab=\"4\" role=\"button\" aria-controls=\"elementor-tab-content-1354\" aria-expanded=\"false\">\n\t\t\t\t\t\t\t\t\t\t\t\t<span class=\"elementor-toggle-icon elementor-toggle-icon-left\" aria-hidden=\"true\">\n\t\t\t\t\t\t\t\t\t\t\t\t\t\t\t<span class=\"elementor-toggle-icon-closed\"><i class=\"fas fa-caret-right\"><\/i><\/span>\n\t\t\t\t\t\t\t\t<span class=\"elementor-toggle-icon-opened\"><i class=\"elementor-toggle-icon-opened fas fa-caret-up\"><\/i><\/span>\n\t\t\t\t\t\t\t\t\t\t\t\t\t<\/span>\n\t\t\t\t\t\t\t\t\t\t\t\t<a class=\"elementor-toggle-title\" tabindex=\"0\">Agence d'\u00c9tat pour la m\u00e9trologie et le contr\u00f4le technique (SAMTS)<\/a>\n\t\t\t\t\t<\/div>\n\n\t\t\t\t\t<div id=\"elementor-tab-content-1354\" class=\"elementor-tab-content elementor-clearfix\" data-tab=\"4\" role=\"region\" aria-labelledby=\"elementor-tab-title-1354\"><table><tbody><tr><td><strong>Sujet :<\/strong><\/td><td>Signaux d'urgence pour les \u00e9quipements et les produits<\/td><\/tr><tr><td><strong>Informations :<\/strong><\/td><td><p align=\"justify\">SIGNAUX D'URGENCE en rapport avec : la surveillance technique des installations \u00e0 haut risque ; les produits dans le cadre de la surveillance du march\u00e9 ; le fonctionnement s\u00fbr des murs de barrage et de leurs installations ; et autres.<\/p><\/td><\/tr><tr><td><strong>T\u00e9l\u00e9phone :<\/strong><\/td><td><table width=\"105%\"><tbody><tr><td width=\"132\">0700 11 88<\/td><\/tr><\/tbody><\/table><\/td><\/tr><tr><td><strong>Lien :<\/strong><\/td><td><a href=\"https:\/\/www.bfsa.bg\/bg\/Page\/problem_signal\/index\/problem_signal\" target=\"_blank\" rel=\"noopener\">https:\/\/www.bfsa.bg\/bg\/Page\/problem_signal\/index\/problem_signal<\/a><\/td><\/tr><\/tbody><\/table><\/div>\n\t\t\t\t<\/div>\n\t\t\t\t\t\t\t<div class=\"elementor-toggle-item\">\n\t\t\t\t\t<div id=\"elementor-tab-title-1355\" class=\"elementor-tab-title\" data-tab=\"5\" role=\"button\" aria-controls=\"elementor-tab-content-1355\" aria-expanded=\"false\">\n\t\t\t\t\t\t\t\t\t\t\t\t<span class=\"elementor-toggle-icon elementor-toggle-icon-left\" aria-hidden=\"true\">\n\t\t\t\t\t\t\t\t\t\t\t\t\t\t\t<span class=\"elementor-toggle-icon-closed\"><i class=\"fas fa-caret-right\"><\/i><\/span>\n\t\t\t\t\t\t\t\t<span class=\"elementor-toggle-icon-opened\"><i class=\"elementor-toggle-icon-opened fas fa-caret-up\"><\/i><\/span>\n\t\t\t\t\t\t\t\t\t\t\t\t\t<\/span>\n\t\t\t\t\t\t\t\t\t\t\t\t<a class=\"elementor-toggle-title\" tabindex=\"0\">Commission de protection des consommateurs (CPC)<\/a>\n\t\t\t\t\t<\/div>\n\n\t\t\t\t\t<div id=\"elementor-tab-content-1355\" class=\"elementor-tab-content elementor-clearfix\" data-tab=\"5\" role=\"region\" aria-labelledby=\"elementor-tab-title-1355\"><table>\n<tbody>\n<tr>\n<td><strong>Sujet :<\/strong><\/td>\n<td>Pour les produits<\/td>\n<\/tr>\n<tr>\n<td><strong>Informations :<\/strong><\/td>\n<td>\n<p align=\"justify\">Signaux en rapport avec le contr\u00f4le des produits qui rel\u00e8vent de la loi sur la protection des consommateurs.<\/p>\n<\/td>\n<\/tr>\n<tr>\n<td><strong>T\u00e9l\u00e9phone :<\/strong><\/td>\n<td>\n<table width=\"105%\">\n<tbody>\n<tr>\n<td width=\"132\">0700 111 22<br clear=\"none\" \/>*2211\n<\/td>\n<\/tr>\n<\/tbody>\n<\/table>\n<\/td>\n<\/tr>\n<tr>\n<td><strong>Lien :<\/strong><\/td>\n<td><a href=\"https:\/\/kzp.bg\/podavane-na-zhalba\" target=\"_blank\" rel=\"noopener\">https:\/\/kzp.bg\/podavane-na-zhalba<\/a><\/td>\n<\/tr>\n<\/tbody>\n<\/table><\/div>\n\t\t\t\t<\/div>\n\t\t\t\t\t\t\t<div class=\"elementor-toggle-item\">\n\t\t\t\t\t<div id=\"elementor-tab-title-1356\" class=\"elementor-tab-title\" data-tab=\"6\" role=\"button\" aria-controls=\"elementor-tab-content-1356\" aria-expanded=\"false\">\n\t\t\t\t\t\t\t\t\t\t\t\t<span class=\"elementor-toggle-icon elementor-toggle-icon-left\" aria-hidden=\"true\">\n\t\t\t\t\t\t\t\t\t\t\t\t\t\t\t<span class=\"elementor-toggle-icon-closed\"><i class=\"fas fa-caret-right\"><\/i><\/span>\n\t\t\t\t\t\t\t\t<span class=\"elementor-toggle-icon-opened\"><i class=\"elementor-toggle-icon-opened fas fa-caret-up\"><\/i><\/span>\n\t\t\t\t\t\t\t\t\t\t\t\t\t<\/span>\n\t\t\t\t\t\t\t\t\t\t\t\t<a class=\"elementor-toggle-title\" tabindex=\"0\">Citoyens<\/a>\n\t\t\t\t\t<\/div>\n\n\t\t\t\t\t<div id=\"elementor-tab-content-1356\" class=\"elementor-tab-content elementor-clearfix\" data-tab=\"6\" role=\"region\" aria-labelledby=\"elementor-tab-title-1356\"><table>\n<tbody>\n<tr>\n<td><strong>Sujet :<\/strong><\/td>\n<td>Tous ces \u00e9l\u00e9ments sont li\u00e9s \u00e0 la protection de l'environnement.<\/td>\n<\/tr>\n<tr>\n<td><strong>Informations :<\/strong><\/td>\n<td>\n<p align=\"justify\">Plate-forme de signalisation d\u00e9di\u00e9e.<\/p>\n<\/td>\n<\/tr>\n<tr>\n<td><strong>T\u00e9l\u00e9phone :<\/strong><\/td>\n<td><\/td>\n<\/tr>\n<tr>\n<td><strong>Lien :<\/strong><\/td>\n<td><a href=\"https:\/\/grajdanite.bg\/home\" target=\"_blank\" rel=\"noopener\">https:\/\/grajdanite.bg\/home<\/a><\/td>\n<\/tr>\n<\/tbody>\n<\/table><\/div>\n\t\t\t\t<\/div>\n\t\t\t\t\t\t\t<div class=\"elementor-toggle-item\">\n\t\t\t\t\t<div id=\"elementor-tab-title-1357\" class=\"elementor-tab-title\" data-tab=\"7\" role=\"button\" aria-controls=\"elementor-tab-content-1357\" aria-expanded=\"false\">\n\t\t\t\t\t\t\t\t\t\t\t\t<span class=\"elementor-toggle-icon elementor-toggle-icon-left\" aria-hidden=\"true\">\n\t\t\t\t\t\t\t\t\t\t\t\t\t\t\t<span class=\"elementor-toggle-icon-closed\"><i class=\"fas fa-caret-right\"><\/i><\/span>\n\t\t\t\t\t\t\t\t<span class=\"elementor-toggle-icon-opened\"><i class=\"elementor-toggle-icon-opened fas fa-caret-up\"><\/i><\/span>\n\t\t\t\t\t\t\t\t\t\t\t\t\t<\/span>\n\t\t\t\t\t\t\t\t\t\t\t\t<a class=\"elementor-toggle-title\" tabindex=\"0\">Signal<\/a>\n\t\t\t\t\t<\/div>\n\n\t\t\t\t\t<div id=\"elementor-tab-content-1357\" class=\"elementor-tab-content elementor-clearfix\" data-tab=\"7\" role=\"region\" aria-labelledby=\"elementor-tab-title-1357\"><table>\n<tbody>\n<tr>\n<td><strong>Sujet :<\/strong><\/td>\n<td>Tous ces \u00e9l\u00e9ments sont li\u00e9s \u00e0 la protection de l'environnement.<\/td>\n<\/tr>\n<tr>\n<td><strong>Informations :<\/strong><\/td>\n<td>\n<p align=\"justify\">Plate-forme de signalisation d\u00e9di\u00e9e.<\/p>\n<\/td>\n<\/tr>\n<tr>\n<td><strong>T\u00e9l\u00e9phone :<\/strong><\/td>\n<td><\/td>\n<\/tr>\n<tr>\n<td><strong>Lien :<\/strong><\/td>\n<td><a href=\"https:\/\/signali.obshtestvo.bg\/contact-points\/?keywords=82\" target=\"_blank\" rel=\"noopener\">https:\/\/signali.obshtestvo.bg\/contact-points\/?keywords=82<\/a><\/td>\n<\/tr>\n<\/tbody>\n<\/table><\/div>\n\t\t\t\t<\/div>\n\t\t\t\t\t\t\t<div class=\"elementor-toggle-item\">\n\t\t\t\t\t<div id=\"elementor-tab-title-1358\" class=\"elementor-tab-title\" data-tab=\"8\" role=\"button\" aria-controls=\"elementor-tab-content-1358\" aria-expanded=\"false\">\n\t\t\t\t\t\t\t\t\t\t\t\t<span class=\"elementor-toggle-icon elementor-toggle-icon-left\" aria-hidden=\"true\">\n\t\t\t\t\t\t\t\t\t\t\t\t\t\t\t<span class=\"elementor-toggle-icon-closed\"><i class=\"fas fa-caret-right\"><\/i><\/span>\n\t\t\t\t\t\t\t\t<span class=\"elementor-toggle-icon-opened\"><i class=\"elementor-toggle-icon-opened fas fa-caret-up\"><\/i><\/span>\n\t\t\t\t\t\t\t\t\t\t\t\t\t<\/span>\n\t\t\t\t\t\t\t\t\t\t\t\t<a class=\"elementor-toggle-title\" tabindex=\"0\">Helpbookinfo<\/a>\n\t\t\t\t\t<\/div>\n\n\t\t\t\t\t<div id=\"elementor-tab-content-1358\" class=\"elementor-tab-content elementor-clearfix\" data-tab=\"8\" role=\"region\" aria-labelledby=\"elementor-tab-title-1358\"><table>\n<tbody>\n<tr>\n<td><strong>Sujet :<\/strong><\/td>\n<td>Tous ces \u00e9l\u00e9ments sont li\u00e9s \u00e0 la protection de l'environnement.<\/td>\n<\/tr>\n<tr>\n<td><strong>Informations :<\/strong><\/td>\n<td>\n<p align=\"justify\">Plate-forme de signalisation d\u00e9di\u00e9e.<\/p>\n<\/td>\n<\/tr>\n<tr>\n<td><strong>T\u00e9l\u00e9phone :<\/strong><\/td>\n<td><\/td>\n<\/tr>\n<tr>\n<td><strong>Lien :<\/strong><\/td>\n<td><a href=\"https:\/\/helpbook.info\/\" target=\"_blank\" rel=\"noopener\">https:\/\/helpbook.info\/<\/a><\/td>\n<\/tr>\n<\/tbody>\n<\/table><\/div>\n\t\t\t\t<\/div>\n\t\t\t\t\t\t\t\t<\/div>\n\t\t\t\t<\/div>\n\t\t\t\t<\/div>\n\t\t\t\t\t\t<\/div>\n\t\t\t\t\t<\/div>\n\t\t<\/div>\n\t\t\t\t\t\t\t\t<\/div>\n\t\t\t\t\t<\/div>\n\t\t<\/section>\n\t\t\t\t\t\t\t\t\t<\/div>\n\t\t\t<\/div>\n\t\t\t\t\t<\/div>","protected":false},"excerpt":{"rendered":"<p>Liens et signaux utiles pour la R\u00e9publique de Bulgarie Minist\u00e8re de l'environnement et de l'eau (MoEW) Sujet : Informations sur le t\u00e9l\u00e9phone vert : Signaux relatifs \u00e0 la protection de l'environnement et \u00e0 la violation de la l\u00e9gislation environnementale. T\u00e9l\u00e9phone : ++ Lien : +35929888205+359887088440 Lien : https:\/\/www.moew.government.bg\/bg\/zelen-telefon-za-podavane-na-signali\/ministerstvo-na-okolnata-sreda-i-vodite\/ Minist\u00e8re de l'int\u00e9rieur Th\u00e8me : Alertes relatives aux accidents ou aux incidents. Informations : Utilisez le 112 en cas de menace r\u00e9elle et soudaine pour la vie, [...]<\/p>","protected":false},"author":1,"featured_media":0,"parent":158,"menu_order":0,"comment_status":"closed","ping_status":"closed","template":"","meta":{"_mi_skip_tracking":false,"_monsterinsights_sitenote_active":false,"_monsterinsights_sitenote_note":"","_monsterinsights_sitenote_category":0,"footnotes":""},"class_list":["post-17740","page","type-page","status-publish","hentry","entry"],"yoast_head":"<!-- This site is optimized with the Yoast SEO plugin v20.10 - https:\/\/yoast.com\/wordpress\/plugins\/seo\/ -->\n<title>Useful links and signals for republic of Bulgaria - CEMIS<\/title>\n<meta name=\"robots\" content=\"index, follow, max-snippet:-1, max-image-preview:large, max-video-preview:-1\" \/>\n<link rel=\"canonical\" href=\"https:\/\/www.cemis.bg\/fr\/useful\/links\/useful-links-and-signals-for-republic-of-bulgaria\/\" \/>\n<meta property=\"og:locale\" content=\"fr_FR\" \/>\n<meta property=\"og:type\" content=\"article\" \/>\n<meta property=\"og:title\" content=\"Useful links and signals for republic of Bulgaria - CEMIS\" \/>\n<meta property=\"og:description\" content=\"Useful links and signals for republic of Bulgaria Ministry of Environment and Water (MoEW) Topic: Green phone Information: Signals related to environmental protection and violation of environmental legislation. Phone: +35929888205+359887088440 Link: https:\/\/www.moew.government.bg\/bg\/zelen-telefon-za-podavane-na-signali\/ministerstvo-na-okolnata-sreda-i-vodite\/ Ministry of Interior Topic: Alerts related to accidents or incidents. Information: Use 112 in the event of a sudden real threat to life, [&hellip;]\" \/>\n<meta property=\"og:url\" content=\"https:\/\/www.cemis.bg\/fr\/useful\/links\/useful-links-and-signals-for-republic-of-bulgaria\/\" \/>\n<meta property=\"og:site_name\" content=\"CEMIS\" \/>\n<meta property=\"article:modified_time\" content=\"2021-12-20T15:43:08+00:00\" \/>\n<meta name=\"twitter:card\" content=\"summary_large_image\" \/>\n<meta name=\"twitter:label1\" content=\"Dur\u00e9e de lecture estim\u00e9e\" \/>\n\t<meta name=\"twitter:data1\" content=\"2 minutes\" \/>\n<script type=\"application\/ld+json\" class=\"yoast-schema-graph\">{\"@context\":\"https:\/\/schema.org\",\"@graph\":[{\"@type\":\"WebPage\",\"@id\":\"https:\/\/www.cemis.bg\/useful\/links\/useful-links-and-signals-for-republic-of-bulgaria\/\",\"url\":\"https:\/\/www.cemis.bg\/useful\/links\/useful-links-and-signals-for-republic-of-bulgaria\/\",\"name\":\"Useful links and signals for republic of Bulgaria - CEMIS\",\"isPartOf\":{\"@id\":\"https:\/\/www.cemis.bg\/en\/#website\"},\"datePublished\":\"2021-12-20T15:41:55+00:00\",\"dateModified\":\"2021-12-20T15:43:08+00:00\",\"breadcrumb\":{\"@id\":\"https:\/\/www.cemis.bg\/useful\/links\/useful-links-and-signals-for-republic-of-bulgaria\/#breadcrumb\"},\"inLanguage\":\"fr-FR\",\"potentialAction\":[{\"@type\":\"ReadAction\",\"target\":[\"https:\/\/www.cemis.bg\/useful\/links\/useful-links-and-signals-for-republic-of-bulgaria\/\"]}]},{\"@type\":\"BreadcrumbList\",\"@id\":\"https:\/\/www.cemis.bg\/useful\/links\/useful-links-and-signals-for-republic-of-bulgaria\/#breadcrumb\",\"itemListElement\":[{\"@type\":\"ListItem\",\"position\":1,\"name\":\"Home\",\"item\":\"https:\/\/www.cemis.bg\/\"},{\"@type\":\"ListItem\",\"position\":2,\"name\":\"\u041f\u043e\u043b\u0435\u0437\u043d\u043e\",\"item\":\"https:\/\/www.cemis.bg\/en\/useful\/\"},{\"@type\":\"ListItem\",\"position\":3,\"name\":\"\u041f\u043e\u043b\u0435\u0437\u043d\u0438 \u0432\u0440\u044a\u0437\u043a\u0438\",\"item\":\"https:\/\/www.cemis.bg\/useful\/links\/\"},{\"@type\":\"ListItem\",\"position\":4,\"name\":\"Useful links and signals for republic of Bulgaria\"}]},{\"@type\":\"WebSite\",\"@id\":\"https:\/\/www.cemis.bg\/en\/#website\",\"url\":\"https:\/\/www.cemis.bg\/en\/\",\"name\":\"CEMIS\",\"description\":\"Circular Economy Management Information System\",\"publisher\":{\"@id\":\"https:\/\/www.cemis.bg\/en\/#organization\"},\"potentialAction\":[{\"@type\":\"SearchAction\",\"target\":{\"@type\":\"EntryPoint\",\"urlTemplate\":\"https:\/\/www.cemis.bg\/en\/?s={search_term_string}\"},\"query-input\":\"required name=search_term_string\"}],\"inLanguage\":\"fr-FR\"},{\"@type\":\"Organization\",\"@id\":\"https:\/\/www.cemis.bg\/en\/#organization\",\"name\":\"CEMIS\",\"url\":\"https:\/\/www.cemis.bg\/en\/\",\"logo\":{\"@type\":\"ImageObject\",\"inLanguage\":\"fr-FR\",\"@id\":\"https:\/\/www.cemis.bg\/en\/#\/schema\/logo\/image\/\",\"url\":\"https:\/\/www.cemis.bg\/wp-content\/uploads\/2021\/10\/CEMIS-Logo-White1-2048x757-1.gif\",\"contentUrl\":\"https:\/\/www.cemis.bg\/wp-content\/uploads\/2021\/10\/CEMIS-Logo-White1-2048x757-1.gif\",\"width\":2048,\"height\":757,\"caption\":\"CEMIS\"},\"image\":{\"@id\":\"https:\/\/www.cemis.bg\/en\/#\/schema\/logo\/image\/\"}}]}<\/script>\n<!-- \/ Yoast SEO plugin. -->","yoast_head_json":{"title":"Useful links and signals for republic of Bulgaria - CEMIS","robots":{"index":"index","follow":"follow","max-snippet":"max-snippet:-1","max-image-preview":"max-image-preview:large","max-video-preview":"max-video-preview:-1"},"canonical":"https:\/\/www.cemis.bg\/fr\/useful\/links\/useful-links-and-signals-for-republic-of-bulgaria\/","og_locale":"fr_FR","og_type":"article","og_title":"Useful links and signals for republic of Bulgaria - CEMIS","og_description":"Useful links and signals for republic of Bulgaria Ministry of Environment and Water (MoEW) Topic: Green phone Information: Signals related to environmental protection and violation of environmental legislation. Phone: +35929888205+359887088440 Link: https:\/\/www.moew.government.bg\/bg\/zelen-telefon-za-podavane-na-signali\/ministerstvo-na-okolnata-sreda-i-vodite\/ Ministry of Interior Topic: Alerts related to accidents or incidents. Information: Use 112 in the event of a sudden real threat to life, [&hellip;]","og_url":"https:\/\/www.cemis.bg\/fr\/useful\/links\/useful-links-and-signals-for-republic-of-bulgaria\/","og_site_name":"CEMIS","article_modified_time":"2021-12-20T15:43:08+00:00","twitter_card":"summary_large_image","twitter_misc":{"Dur\u00e9e de lecture estim\u00e9e":"2 minutes"},"schema":{"@context":"https:\/\/schema.org","@graph":[{"@type":"WebPage","@id":"https:\/\/www.cemis.bg\/useful\/links\/useful-links-and-signals-for-republic-of-bulgaria\/","url":"https:\/\/www.cemis.bg\/useful\/links\/useful-links-and-signals-for-republic-of-bulgaria\/","name":"Useful links and signals for republic of Bulgaria - CEMIS","isPartOf":{"@id":"https:\/\/www.cemis.bg\/en\/#website"},"datePublished":"2021-12-20T15:41:55+00:00","dateModified":"2021-12-20T15:43:08+00:00","breadcrumb":{"@id":"https:\/\/www.cemis.bg\/useful\/links\/useful-links-and-signals-for-republic-of-bulgaria\/#breadcrumb"},"inLanguage":"fr-FR","potentialAction":[{"@type":"ReadAction","target":["https:\/\/www.cemis.bg\/useful\/links\/useful-links-and-signals-for-republic-of-bulgaria\/"]}]},{"@type":"BreadcrumbList","@id":"https:\/\/www.cemis.bg\/useful\/links\/useful-links-and-signals-for-republic-of-bulgaria\/#breadcrumb","itemListElement":[{"@type":"ListItem","position":1,"name":"Home","item":"https:\/\/www.cemis.bg\/"},{"@type":"ListItem","position":2,"name":"\u041f\u043e\u043b\u0435\u0437\u043d\u043e","item":"https:\/\/www.cemis.bg\/en\/useful\/"},{"@type":"ListItem","position":3,"name":"\u041f\u043e\u043b\u0435\u0437\u043d\u0438 \u0432\u0440\u044a\u0437\u043a\u0438","item":"https:\/\/www.cemis.bg\/useful\/links\/"},{"@type":"ListItem","position":4,"name":"Useful links and signals for republic of Bulgaria"}]},{"@type":"WebSite","@id":"https:\/\/www.cemis.bg\/en\/#website","url":"https:\/\/www.cemis.bg\/en\/","name":"CEMIS","description":"Circular Economy Management Information System","publisher":{"@id":"https:\/\/www.cemis.bg\/en\/#organization"},"potentialAction":[{"@type":"SearchAction","target":{"@type":"EntryPoint","urlTemplate":"https:\/\/www.cemis.bg\/en\/?s={search_term_string}"},"query-input":"required name=search_term_string"}],"inLanguage":"fr-FR"},{"@type":"Organization","@id":"https:\/\/www.cemis.bg\/en\/#organization","name":"CEMIS","url":"https:\/\/www.cemis.bg\/en\/","logo":{"@type":"ImageObject","inLanguage":"fr-FR","@id":"https:\/\/www.cemis.bg\/en\/#\/schema\/logo\/image\/","url":"https:\/\/www.cemis.bg\/wp-content\/uploads\/2021\/10\/CEMIS-Logo-White1-2048x757-1.gif","contentUrl":"https:\/\/www.cemis.bg\/wp-content\/uploads\/2021\/10\/CEMIS-Logo-White1-2048x757-1.gif","width":2048,"height":757,"caption":"CEMIS"},"image":{"@id":"https:\/\/www.cemis.bg\/en\/#\/schema\/logo\/image\/"}}]}},"_links":{"self":[{"href":"https:\/\/www.cemis.bg\/fr\/wp-json\/wp\/v2\/pages\/17740","targetHints":{"allow":["GET"]}}],"collection":[{"href":"https:\/\/www.cemis.bg\/fr\/wp-json\/wp\/v2\/pages"}],"about":[{"href":"https:\/\/www.cemis.bg\/fr\/wp-json\/wp\/v2\/types\/page"}],"author":[{"embeddable":true,"href":"https:\/\/www.cemis.bg\/fr\/wp-json\/wp\/v2\/users\/1"}],"replies":[{"embeddable":true,"href":"https:\/\/www.cemis.bg\/fr\/wp-json\/wp\/v2\/comments?post=17740"}],"version-history":[{"count":7,"href":"https:\/\/www.cemis.bg\/fr\/wp-json\/wp\/v2\/pages\/17740\/revisions"}],"predecessor-version":[{"id":17747,"href":"https:\/\/www.cemis.bg\/fr\/wp-json\/wp\/v2\/pages\/17740\/revisions\/17747"}],"up":[{"embeddable":true,"href":"https:\/\/www.cemis.bg\/fr\/wp-json\/wp\/v2\/pages\/158"}],"wp:attachment":[{"href":"https:\/\/www.cemis.bg\/fr\/wp-json\/wp\/v2\/media?parent=17740"}],"curies":[{"name":"wp","href":"https:\/\/api.w.org\/{rel}","templated":true}]}}