{"id":667,"date":"2021-03-17T10:29:50","date_gmt":"2021-03-17T08:29:50","guid":{"rendered":"http:\/\/www.cemis.bg\/?page_id=667"},"modified":"2022-03-10T10:26:30","modified_gmt":"2022-03-10T08:26:30","slug":"cvetomir-kalchev","status":"publish","type":"page","link":"https:\/\/www.cemis.bg\/fr\/aboutus\/cvetomir-kalchev\/","title":{"rendered":"Il n'y a pas d'autre moyen d'y parvenir."},"content":{"rendered":"<div data-elementor-type=\"wp-page\" data-elementor-id=\"667\" class=\"elementor elementor-667\">\n\t\t\t\t\t\t<div class=\"elementor-inner\">\n\t\t\t\t<div class=\"elementor-section-wrap\">\n\t\t\t\t\t\t\t\t\t<section class=\"elementor-section elementor-top-section elementor-element elementor-element-17be505a elementor-section-full_width elementor-section-stretched elementor-section-height-default elementor-section-height-default\" data-id=\"17be505a\" data-element_type=\"section\" data-settings=\"{&quot;stretch_section&quot;:&quot;section-stretched&quot;}\">\n\t\t\t\t\t\t<div class=\"elementor-container elementor-column-gap-default\">\n\t\t\t\t\t\t\t<div class=\"elementor-row\">\n\t\t\t\t\t<div class=\"elementor-column elementor-col-100 elementor-top-column elementor-element elementor-element-197859f1\" data-id=\"197859f1\" data-element_type=\"column\" data-settings=\"{&quot;background_background&quot;:&quot;classic&quot;}\">\n\t\t\t<div class=\"elementor-column-wrap elementor-element-populated\">\n\t\t\t\t\t<div class=\"elementor-background-overlay\"><\/div>\n\t\t\t\t\t\t\t<div class=\"elementor-widget-wrap\">\n\t\t\t\t\t\t<section class=\"elementor-section elementor-inner-section elementor-element elementor-element-6489db9 elementor-section-full_width elementor-section-height-default elementor-section-height-default\" data-id=\"6489db9\" data-element_type=\"section\">\n\t\t\t\t\t\t<div class=\"elementor-container elementor-column-gap-no\">\n\t\t\t\t\t\t\t<div class=\"elementor-row\">\n\t\t\t\t\t<div class=\"elementor-column elementor-col-100 elementor-inner-column elementor-element elementor-element-739c8a4b\" data-id=\"739c8a4b\" data-element_type=\"column\">\n\t\t\t<div class=\"elementor-column-wrap elementor-element-populated\">\n\t\t\t\t\t\t\t<div class=\"elementor-widget-wrap\">\n\t\t\t\t\t\t<div class=\"elementor-element elementor-element-20fac1dd elementor-widget elementor-widget-text-editor\" data-id=\"20fac1dd\" data-element_type=\"widget\" data-widget_type=\"text-editor.default\">\n\t\t\t\t<div class=\"elementor-widget-container\">\n\t\t\t\t\t\t\t\t<div class=\"elementor-text-editor elementor-clearfix\">\n\t\t\t\t<p><img loading=\"lazy\" decoding=\"async\" class=\"alignnone wp-image-18774 size-medium\" src=\"https:\/\/www.cemis.bg\/wp-content\/uploads\/2022\/03\/nNHC_7605-scaled-e1646899633446-300x300.jpg\" alt=\"Kalchev\" width=\"300\" height=\"300\" srcset=\"https:\/\/www.cemis.bg\/wp-content\/uploads\/2022\/03\/nNHC_7605-scaled-e1646899633446-300x300.jpg 300w, https:\/\/www.cemis.bg\/wp-content\/uploads\/2022\/03\/nNHC_7605-scaled-e1646899633446-1024x1024.jpg 1024w, https:\/\/www.cemis.bg\/wp-content\/uploads\/2022\/03\/nNHC_7605-scaled-e1646899633446-150x150.jpg 150w, https:\/\/www.cemis.bg\/wp-content\/uploads\/2022\/03\/nNHC_7605-scaled-e1646899633446-768x768.jpg 768w, https:\/\/www.cemis.bg\/wp-content\/uploads\/2022\/03\/nNHC_7605-scaled-e1646899633446-12x12.jpg 12w, https:\/\/www.cemis.bg\/wp-content\/uploads\/2022\/03\/nNHC_7605-scaled-e1646899633446.jpg 1529w\" sizes=\"auto, (max-width: 300px) 100vw, 300px\" \/><\/p><div style=\"position: absolute; top: 100px; left: 315px;\"><p style=\"font-size: 15px; font-weight: 900; text-align: left;\">TSVETOMIR KALCHEV<\/p><p style=\"line-height: 30px; font-family: Verdana; font-size: 15px; font-weight: 400;\">Associ\u00e9 g\u00e9rant<br clear=\"none\" \/>MAGISTERIUM Ltd<\/p><\/div>\t\t\t\t\t<\/div>\n\t\t\t\t\t\t<\/div>\n\t\t\t\t<\/div>\n\t\t\t\t<div class=\"elementor-element elementor-element-6841db45 elementor-widget elementor-widget-spacer\" data-id=\"6841db45\" data-element_type=\"widget\" data-widget_type=\"spacer.default\">\n\t\t\t\t<div class=\"elementor-widget-container\">\n\t\t\t\t\t<div class=\"elementor-spacer\">\n\t\t\t<div class=\"elementor-spacer-inner\"><\/div>\n\t\t<\/div>\n\t\t\t\t<\/div>\n\t\t\t\t<\/div>\n\t\t\t\t\t\t<\/div>\n\t\t\t\t\t<\/div>\n\t\t<\/div>\n\t\t\t\t\t\t\t\t<\/div>\n\t\t\t\t\t<\/div>\n\t\t<\/section>\n\t\t\t\t<div class=\"elementor-element elementor-element-24442800 elementor-widget elementor-widget-text-editor\" data-id=\"24442800\" data-element_type=\"widget\" data-widget_type=\"text-editor.default\">\n\t\t\t\t<div class=\"elementor-widget-container\">\n\t\t\t\t\t\t\t\t<div class=\"elementor-text-editor elementor-clearfix\">\n\t\t\t\t<p style=\"line-height: 30px; font-family: Verdana; font-size: 15px; font-weight: 400; text-align: justify;\">L'ing\u00e9nieur Tsvetomir Kalchev est titulaire d'une ma\u00eetrise en sciences naturelles de l'Universit\u00e9 des mines et de la g\u00e9ologie \"St. Ivan Rilski\", \u00e0 Sofia. Il avait pr\u00e9par\u00e9 sa ma\u00eetrise dans le cadre de sa sp\u00e9cialisation de premier cycle \u00e0 l'Universit\u00e9 de montagne de Leoben, en Autriche, financ\u00e9e par le programme Socrates-Erasmus. Il a suivi un cours de ma\u00eetrise sur la gestion des fonds europ\u00e9ens, organis\u00e9 par l'Acad\u00e9mie europ\u00e9enne de fiscalit\u00e9, d'\u00e9conomie et de droit \u00e0 Berlin, en Allemagne.<br \/>Il est actuellement associ\u00e9 directeur de MAGISTERIUM Ltd. Il a \u00e9t\u00e9 expert d'\u00c9tat au d\u00e9partement des appels d'offres et de l'\u00e9valuation, direction des fonds environnementaux de l'UE, minist\u00e8re de l'environnement et de l'eau. Avant cela, il a \u00e9t\u00e9 Centre de r\u00e9f\u00e9rence national pour les d\u00e9chets, les d\u00e9chets et la consommation et la production durables, les d\u00e9chets et les ressources pour la Bulgarie aupr\u00e8s de l'Agence europ\u00e9enne pour l'environnement. Il a commenc\u00e9 sa carri\u00e8re professionnelle en tant qu'expert dans le d\u00e9partement des d\u00e9chets, direction de la surveillance environnementale de l'Agence ex\u00e9cutive pour l'environnement, Bulgarie.<br \/>Il a plus de 17 ans d'exp\u00e9rience professionnelle pratique dans le domaine de l'environnement, de la pr\u00e9paration, du contr\u00f4le et de la mise en \u0153uvre de propositions de projets. Il a particip\u00e9 \u00e0 de nombreux projets dans le domaine de la gestion des d\u00e9chets et des ressources, de la protection de l'environnement, de la qualit\u00e9 de l'air, des syst\u00e8mes d'information, des mesures d'efficacit\u00e9 \u00e9nerg\u00e9tique, de l'am\u00e9lioration de la comp\u00e9titivit\u00e9, de la recherche et de la pr\u00e9paration de documents et de programmes strat\u00e9giques et r\u00e9glementaires, de la pr\u00e9paration de permis et de documents de rapport dans le cadre de la loi sur la protection de l'environnement, de la loi sur la gestion des d\u00e9chets, de la loi sur les changements climatiques, etc.<br \/>Il a de l'exp\u00e9rience dans le programme op\u00e9rationnel \"Environnement\", le programme de coop\u00e9ration interr\u00e9gionale INTERREG Europe de l'Union europ\u00e9enne, le PO \"Innovation et comp\u00e9titivit\u00e9\", le PO \"Bonne gouvernance\", le m\u00e9canisme financier de l'Espace \u00e9conomique europ\u00e9en, le programme Matra-flex, TAIEX \u00e0 la Direction g\u00e9n\u00e9rale de l'\u00e9largissement de la Commission europ\u00e9enne, Socrates-Erasmus et autres.<\/p>\t\t\t\t\t<\/div>\n\t\t\t\t\t\t<\/div>\n\t\t\t\t<\/div>\n\t\t\t\t\t\t<\/div>\n\t\t\t\t\t<\/div>\n\t\t<\/div>\n\t\t\t\t\t\t\t\t<\/div>\n\t\t\t\t\t<\/div>\n\t\t<\/section>\n\t\t\t\t\t\t\t\t\t<\/div>\n\t\t\t<\/div>\n\t\t\t\t\t<\/div>","protected":false},"excerpt":{"rendered":"<p>TSVETOMIR KALCHEV Associ\u00e9 g\u00e9rantMAGISTERIUM Ltd L'ing\u00e9nieur Tsvetomir Kalchev est titulaire d'une ma\u00eetrise en sciences naturelles de l'Universit\u00e9 des mines et de la g\u00e9ologie \"St. Ivan Rilski\", Sofia. Il avait pr\u00e9par\u00e9 sa ma\u00eetrise dans le cadre de sa sp\u00e9cialisation de premier cycle \u00e0 l'Universit\u00e9 de montagne de Leoben, en Autriche, financ\u00e9e par le programme Socrates-Erasmus. Il a suivi un cours de ma\u00eetrise en Europe [...]<\/p>","protected":false},"author":1,"featured_media":0,"parent":154,"menu_order":0,"comment_status":"closed","ping_status":"closed","template":"","meta":{"_mi_skip_tracking":false,"_monsterinsights_sitenote_active":false,"_monsterinsights_sitenote_note":"","_monsterinsights_sitenote_category":0,"footnotes":""},"class_list":["post-667","page","type-page","status-publish","hentry","entry"],"yoast_head":"<!-- This site is optimized with the Yoast SEO plugin v20.10 - https:\/\/yoast.com\/wordpress\/plugins\/seo\/ -->\n<title>\u0426\u0432\u0435\u0442\u043e\u043c\u0438\u0440 \u041a\u0430\u043b\u0447\u0435\u0432 - CEMIS<\/title>\n<meta name=\"robots\" content=\"index, follow, max-snippet:-1, max-image-preview:large, max-video-preview:-1\" \/>\n<link rel=\"canonical\" href=\"https:\/\/www.cemis.bg\/fr\/aboutus\/cvetomir-kalchev\/\" \/>\n<meta property=\"og:locale\" content=\"fr_FR\" \/>\n<meta property=\"og:type\" content=\"article\" \/>\n<meta property=\"og:title\" content=\"\u0426\u0432\u0435\u0442\u043e\u043c\u0438\u0440 \u041a\u0430\u043b\u0447\u0435\u0432 - CEMIS\" \/>\n<meta property=\"og:description\" content=\"TSVETOMIR KALCHEV Managing partnerMAGISTERIUM Ltd Engineer Tsvetomir Kalchev is a Master of Natural Sciences from the University of Mining and Geology \u201cSt. Ivan Rilski\u201d, Sofia. He had prepared his Master\u2019s degree as part of his undergraduate specialization at Mountain University of Leoben, Austria, funded by the Socrates-Erasmus program. He completed a Master\u2019s course in European [&hellip;]\" \/>\n<meta property=\"og:url\" content=\"https:\/\/www.cemis.bg\/fr\/aboutus\/cvetomir-kalchev\/\" \/>\n<meta property=\"og:site_name\" content=\"CEMIS\" \/>\n<meta property=\"article:modified_time\" content=\"2022-03-10T08:26:30+00:00\" \/>\n<meta property=\"og:image\" content=\"https:\/\/www.cemis.bg\/wp-content\/uploads\/2022\/03\/nNHC_7605-scaled-e1646899633446-300x300.jpg\" \/>\n<meta name=\"twitter:card\" content=\"summary_large_image\" \/>\n<meta name=\"twitter:label1\" content=\"Dur\u00e9e de lecture estim\u00e9e\" \/>\n\t<meta name=\"twitter:data1\" content=\"2 minutes\" \/>\n<script type=\"application\/ld+json\" class=\"yoast-schema-graph\">{\"@context\":\"https:\/\/schema.org\",\"@graph\":[{\"@type\":\"WebPage\",\"@id\":\"https:\/\/www.cemis.bg\/aboutus\/cvetomir-kalchev\/\",\"url\":\"https:\/\/www.cemis.bg\/aboutus\/cvetomir-kalchev\/\",\"name\":\"\u0426\u0432\u0435\u0442\u043e\u043c\u0438\u0440 \u041a\u0430\u043b\u0447\u0435\u0432 - CEMIS\",\"isPartOf\":{\"@id\":\"https:\/\/www.cemis.bg\/en\/#website\"},\"datePublished\":\"2021-03-17T08:29:50+00:00\",\"dateModified\":\"2022-03-10T08:26:30+00:00\",\"breadcrumb\":{\"@id\":\"https:\/\/www.cemis.bg\/aboutus\/cvetomir-kalchev\/#breadcrumb\"},\"inLanguage\":\"fr-FR\",\"potentialAction\":[{\"@type\":\"ReadAction\",\"target\":[\"https:\/\/www.cemis.bg\/aboutus\/cvetomir-kalchev\/\"]}]},{\"@type\":\"BreadcrumbList\",\"@id\":\"https:\/\/www.cemis.bg\/aboutus\/cvetomir-kalchev\/#breadcrumb\",\"itemListElement\":[{\"@type\":\"ListItem\",\"position\":1,\"name\":\"Home\",\"item\":\"https:\/\/www.cemis.bg\/\"},{\"@type\":\"ListItem\",\"position\":2,\"name\":\"\u0417\u0430 CEMIS\",\"item\":\"https:\/\/www.cemis.bg\/aboutus\/\"},{\"@type\":\"ListItem\",\"position\":3,\"name\":\"\u0426\u0432\u0435\u0442\u043e\u043c\u0438\u0440 \u041a\u0430\u043b\u0447\u0435\u0432\"}]},{\"@type\":\"WebSite\",\"@id\":\"https:\/\/www.cemis.bg\/en\/#website\",\"url\":\"https:\/\/www.cemis.bg\/en\/\",\"name\":\"CEMIS\",\"description\":\"Circular Economy Management Information System\",\"publisher\":{\"@id\":\"https:\/\/www.cemis.bg\/en\/#organization\"},\"potentialAction\":[{\"@type\":\"SearchAction\",\"target\":{\"@type\":\"EntryPoint\",\"urlTemplate\":\"https:\/\/www.cemis.bg\/en\/?s={search_term_string}\"},\"query-input\":\"required name=search_term_string\"}],\"inLanguage\":\"fr-FR\"},{\"@type\":\"Organization\",\"@id\":\"https:\/\/www.cemis.bg\/en\/#organization\",\"name\":\"CEMIS\",\"url\":\"https:\/\/www.cemis.bg\/en\/\",\"logo\":{\"@type\":\"ImageObject\",\"inLanguage\":\"fr-FR\",\"@id\":\"https:\/\/www.cemis.bg\/en\/#\/schema\/logo\/image\/\",\"url\":\"https:\/\/www.cemis.bg\/wp-content\/uploads\/2021\/10\/CEMIS-Logo-White1-2048x757-1.gif\",\"contentUrl\":\"https:\/\/www.cemis.bg\/wp-content\/uploads\/2021\/10\/CEMIS-Logo-White1-2048x757-1.gif\",\"width\":2048,\"height\":757,\"caption\":\"CEMIS\"},\"image\":{\"@id\":\"https:\/\/www.cemis.bg\/en\/#\/schema\/logo\/image\/\"}}]}<\/script>\n<!-- \/ Yoast SEO plugin. -->","yoast_head_json":{"title":"\u0426\u0432\u0435\u0442\u043e\u043c\u0438\u0440 \u041a\u0430\u043b\u0447\u0435\u0432 - CEMIS","robots":{"index":"index","follow":"follow","max-snippet":"max-snippet:-1","max-image-preview":"max-image-preview:large","max-video-preview":"max-video-preview:-1"},"canonical":"https:\/\/www.cemis.bg\/fr\/aboutus\/cvetomir-kalchev\/","og_locale":"fr_FR","og_type":"article","og_title":"\u0426\u0432\u0435\u0442\u043e\u043c\u0438\u0440 \u041a\u0430\u043b\u0447\u0435\u0432 - CEMIS","og_description":"TSVETOMIR KALCHEV Managing partnerMAGISTERIUM Ltd Engineer Tsvetomir Kalchev is a Master of Natural Sciences from the University of Mining and Geology \u201cSt. Ivan Rilski\u201d, Sofia. He had prepared his Master\u2019s degree as part of his undergraduate specialization at Mountain University of Leoben, Austria, funded by the Socrates-Erasmus program. He completed a Master\u2019s course in European [&hellip;]","og_url":"https:\/\/www.cemis.bg\/fr\/aboutus\/cvetomir-kalchev\/","og_site_name":"CEMIS","article_modified_time":"2022-03-10T08:26:30+00:00","og_image":[{"url":"https:\/\/www.cemis.bg\/wp-content\/uploads\/2022\/03\/nNHC_7605-scaled-e1646899633446-300x300.jpg"}],"twitter_card":"summary_large_image","twitter_misc":{"Dur\u00e9e de lecture estim\u00e9e":"2 minutes"},"schema":{"@context":"https:\/\/schema.org","@graph":[{"@type":"WebPage","@id":"https:\/\/www.cemis.bg\/aboutus\/cvetomir-kalchev\/","url":"https:\/\/www.cemis.bg\/aboutus\/cvetomir-kalchev\/","name":"\u0426\u0432\u0435\u0442\u043e\u043c\u0438\u0440 \u041a\u0430\u043b\u0447\u0435\u0432 - CEMIS","isPartOf":{"@id":"https:\/\/www.cemis.bg\/en\/#website"},"datePublished":"2021-03-17T08:29:50+00:00","dateModified":"2022-03-10T08:26:30+00:00","breadcrumb":{"@id":"https:\/\/www.cemis.bg\/aboutus\/cvetomir-kalchev\/#breadcrumb"},"inLanguage":"fr-FR","potentialAction":[{"@type":"ReadAction","target":["https:\/\/www.cemis.bg\/aboutus\/cvetomir-kalchev\/"]}]},{"@type":"BreadcrumbList","@id":"https:\/\/www.cemis.bg\/aboutus\/cvetomir-kalchev\/#breadcrumb","itemListElement":[{"@type":"ListItem","position":1,"name":"Home","item":"https:\/\/www.cemis.bg\/"},{"@type":"ListItem","position":2,"name":"\u0417\u0430 CEMIS","item":"https:\/\/www.cemis.bg\/aboutus\/"},{"@type":"ListItem","position":3,"name":"\u0426\u0432\u0435\u0442\u043e\u043c\u0438\u0440 \u041a\u0430\u043b\u0447\u0435\u0432"}]},{"@type":"WebSite","@id":"https:\/\/www.cemis.bg\/en\/#website","url":"https:\/\/www.cemis.bg\/en\/","name":"CEMIS","description":"Circular Economy Management Information System","publisher":{"@id":"https:\/\/www.cemis.bg\/en\/#organization"},"potentialAction":[{"@type":"SearchAction","target":{"@type":"EntryPoint","urlTemplate":"https:\/\/www.cemis.bg\/en\/?s={search_term_string}"},"query-input":"required name=search_term_string"}],"inLanguage":"fr-FR"},{"@type":"Organization","@id":"https:\/\/www.cemis.bg\/en\/#organization","name":"CEMIS","url":"https:\/\/www.cemis.bg\/en\/","logo":{"@type":"ImageObject","inLanguage":"fr-FR","@id":"https:\/\/www.cemis.bg\/en\/#\/schema\/logo\/image\/","url":"https:\/\/www.cemis.bg\/wp-content\/uploads\/2021\/10\/CEMIS-Logo-White1-2048x757-1.gif","contentUrl":"https:\/\/www.cemis.bg\/wp-content\/uploads\/2021\/10\/CEMIS-Logo-White1-2048x757-1.gif","width":2048,"height":757,"caption":"CEMIS"},"image":{"@id":"https:\/\/www.cemis.bg\/en\/#\/schema\/logo\/image\/"}}]}},"_links":{"self":[{"href":"https:\/\/www.cemis.bg\/fr\/wp-json\/wp\/v2\/pages\/667","targetHints":{"allow":["GET"]}}],"collection":[{"href":"https:\/\/www.cemis.bg\/fr\/wp-json\/wp\/v2\/pages"}],"about":[{"href":"https:\/\/www.cemis.bg\/fr\/wp-json\/wp\/v2\/types\/page"}],"author":[{"embeddable":true,"href":"https:\/\/www.cemis.bg\/fr\/wp-json\/wp\/v2\/users\/1"}],"replies":[{"embeddable":true,"href":"https:\/\/www.cemis.bg\/fr\/wp-json\/wp\/v2\/comments?post=667"}],"version-history":[{"count":78,"href":"https:\/\/www.cemis.bg\/fr\/wp-json\/wp\/v2\/pages\/667\/revisions"}],"predecessor-version":[{"id":18785,"href":"https:\/\/www.cemis.bg\/fr\/wp-json\/wp\/v2\/pages\/667\/revisions\/18785"}],"up":[{"embeddable":true,"href":"https:\/\/www.cemis.bg\/fr\/wp-json\/wp\/v2\/pages\/154"}],"wp:attachment":[{"href":"https:\/\/www.cemis.bg\/fr\/wp-json\/wp\/v2\/media?parent=667"}],"curies":[{"name":"wp","href":"https:\/\/api.w.org\/{rel}","templated":true}]}}