{"id":730,"date":"2021-03-17T11:23:49","date_gmt":"2021-03-17T09:23:49","guid":{"rendered":"http:\/\/www.cemis.bg\/?page_id=730"},"modified":"2021-07-28T13:23:20","modified_gmt":"2021-07-28T11:23:20","slug":"valentina-ilieva","status":"publish","type":"page","link":"https:\/\/www.cemis.bg\/fr\/aboutus\/valentina-ilieva\/","title":{"rendered":"Il n'y a pas d'autre solution."},"content":{"rendered":"<div data-elementor-type=\"wp-page\" data-elementor-id=\"730\" class=\"elementor elementor-730\">\n\t\t\t\t\t\t<div class=\"elementor-inner\">\n\t\t\t\t<div class=\"elementor-section-wrap\">\n\t\t\t\t\t\t\t\t\t<section class=\"elementor-section elementor-top-section elementor-element elementor-element-34f4602 elementor-section-full_width elementor-section-stretched elementor-section-height-default elementor-section-height-default\" data-id=\"34f4602\" data-element_type=\"section\" data-settings=\"{&quot;stretch_section&quot;:&quot;section-stretched&quot;}\">\n\t\t\t\t\t\t<div class=\"elementor-container elementor-column-gap-default\">\n\t\t\t\t\t\t\t<div class=\"elementor-row\">\n\t\t\t\t\t<div class=\"elementor-column elementor-col-100 elementor-top-column elementor-element elementor-element-1c978ad\" data-id=\"1c978ad\" data-element_type=\"column\" data-settings=\"{&quot;background_background&quot;:&quot;classic&quot;}\">\n\t\t\t<div class=\"elementor-column-wrap elementor-element-populated\">\n\t\t\t\t\t<div class=\"elementor-background-overlay\"><\/div>\n\t\t\t\t\t\t\t<div class=\"elementor-widget-wrap\">\n\t\t\t\t\t\t<section class=\"elementor-section elementor-inner-section elementor-element elementor-element-0b47064 elementor-section-full_width elementor-section-height-default elementor-section-height-default\" data-id=\"0b47064\" data-element_type=\"section\">\n\t\t\t\t\t\t<div class=\"elementor-container elementor-column-gap-no\">\n\t\t\t\t\t\t\t<div class=\"elementor-row\">\n\t\t\t\t\t<div class=\"elementor-column elementor-col-100 elementor-inner-column elementor-element elementor-element-8a87973\" data-id=\"8a87973\" data-element_type=\"column\">\n\t\t\t<div class=\"elementor-column-wrap elementor-element-populated\">\n\t\t\t\t\t\t\t<div class=\"elementor-widget-wrap\">\n\t\t\t\t\t\t<div class=\"elementor-element elementor-element-8eb1a41 elementor-widget elementor-widget-text-editor\" data-id=\"8eb1a41\" data-element_type=\"widget\" data-widget_type=\"text-editor.default\">\n\t\t\t\t<div class=\"elementor-widget-container\">\n\t\t\t\t\t\t\t\t<div class=\"elementor-text-editor elementor-clearfix\">\n\t\t\t\t<img loading=\"lazy\" decoding=\"async\" class=\"size-full wp-image-738 alignleft\" src=\"https:\/\/www.cemis.bg\/wp-content\/uploads\/2021\/03\/NoImage.jpg\" alt=\"NoImage\" width=\"260\" height=\"259\" srcset=\"https:\/\/www.cemis.bg\/wp-content\/uploads\/2021\/03\/NoImage.jpg 260w, https:\/\/www.cemis.bg\/wp-content\/uploads\/2021\/03\/NoImage-150x150.jpg 150w, https:\/\/www.cemis.bg\/wp-content\/uploads\/2021\/03\/NoImage-12x12.jpg 12w\" sizes=\"auto, (max-width: 260px) 100vw, 260px\" \/>\n<div style=\"position: absolute; top: 100px; left: 275px;\">\n<p style=\"font-size: 15px; font-weight: 900; text-align: left;\">VALENTINA ILIEVA<\/p>\n<p style=\"line-height: 30px; font-family: Verdana; font-size: 15px; font-weight: 400;\">Domaine juridique<br clear=\"none\" \/>MAGISTERIUM Ltd<\/p>\n\n<\/div>\t\t\t\t\t<\/div>\n\t\t\t\t\t\t<\/div>\n\t\t\t\t<\/div>\n\t\t\t\t<div class=\"elementor-element elementor-element-a653e74 elementor-widget elementor-widget-spacer\" data-id=\"a653e74\" data-element_type=\"widget\" data-widget_type=\"spacer.default\">\n\t\t\t\t<div class=\"elementor-widget-container\">\n\t\t\t\t\t<div class=\"elementor-spacer\">\n\t\t\t<div class=\"elementor-spacer-inner\"><\/div>\n\t\t<\/div>\n\t\t\t\t<\/div>\n\t\t\t\t<\/div>\n\t\t\t\t\t\t<\/div>\n\t\t\t\t\t<\/div>\n\t\t<\/div>\n\t\t\t\t\t\t\t\t<\/div>\n\t\t\t\t\t<\/div>\n\t\t<\/section>\n\t\t\t\t<div class=\"elementor-element elementor-element-735dc8b elementor-widget elementor-widget-text-editor\" data-id=\"735dc8b\" data-element_type=\"widget\" data-widget_type=\"text-editor.default\">\n\t\t\t\t<div class=\"elementor-widget-container\">\n\t\t\t\t\t\t\t\t<div class=\"elementor-text-editor elementor-clearfix\">\n\t\t\t\t<p style=\"line-height: 30px; font-family: Verdana; font-size: 15px; font-weight: 400; text-align: justify;\">Valentina Ilieva est titulaire d'une ma\u00eetrise en droit de l'Universit\u00e9 d'\u00e9conomie nationale et mondiale. Juriste ayant des connaissances dans le domaine du droit administratif, des fonds structurels de l'Union europ\u00e9enne, expertise dans le domaine des march\u00e9s publics.<br clear=\"none\" \/>Elle a \u00e9t\u00e9 secr\u00e9taire g\u00e9n\u00e9rale de l'Agence pour le d\u00e9veloppement durable de l'\u00e9nergie, o\u00f9 elle a assur\u00e9 la gestion administrative de l'agence, en coordonnant et en contr\u00f4lant le fonctionnement de l'administration g\u00e9n\u00e9rale et sp\u00e9cialis\u00e9e pour le strict respect des r\u00e8glements et des ordres juridiques des autorit\u00e9s publiques.<br clear=\"none\" \/>Elle a occup\u00e9 le poste d'expert d'\u00c9tat au d\u00e9partement du contr\u00f4le pr\u00e9liminaire, direction des fonds environnementaux de l'UE, minist\u00e8re de l'environnement et de l'eau. Elle a \u00e9t\u00e9 chef du d\u00e9partement des services administratifs et juridiques et secr\u00e9taire g\u00e9n\u00e9rale par int\u00e9rim de l'Agence ex\u00e9cutive pour l'environnement de Bulgarie.<br clear=\"none\" \/>Elle a plus de 23 ans d'exp\u00e9rience professionnelle pratique. Elle a de l'exp\u00e9rience dans le programme op\u00e9rationnel \"Environnement\", le PO \"Innovation et comp\u00e9titivit\u00e9\", le PO \"Bonne gouvernance\", le PO \"Capacit\u00e9 administrative\" et autres.<\/p>\t\t\t\t\t<\/div>\n\t\t\t\t\t\t<\/div>\n\t\t\t\t<\/div>\n\t\t\t\t\t\t<\/div>\n\t\t\t\t\t<\/div>\n\t\t<\/div>\n\t\t\t\t\t\t\t\t<\/div>\n\t\t\t\t\t<\/div>\n\t\t<\/section>\n\t\t\t\t\t\t\t\t\t<\/div>\n\t\t\t<\/div>\n\t\t\t\t\t<\/div>","protected":false},"excerpt":{"rendered":"<p>VALENTINA ILIEVA Domaine juridiqueMAGISTERIUM Ltd Valentina Ilieva est titulaire d'une ma\u00eetrise en droit de l'Universit\u00e9 d'\u00e9conomie nationale et mondiale. Juriste avec des connaissances dans le domaine du droit administratif, des fonds structurels de l'Union europ\u00e9enne, expertise dans le domaine des march\u00e9s publics.Elle a \u00e9t\u00e9 secr\u00e9taire g\u00e9n\u00e9rale de l'Agence pour le d\u00e9veloppement durable de l'\u00e9nergie, o\u00f9 elle [...]<\/p>","protected":false},"author":1,"featured_media":0,"parent":154,"menu_order":0,"comment_status":"closed","ping_status":"closed","template":"","meta":{"_mi_skip_tracking":false,"_monsterinsights_sitenote_active":false,"_monsterinsights_sitenote_note":"","_monsterinsights_sitenote_category":0,"footnotes":""},"class_list":["post-730","page","type-page","status-publish","hentry","entry"],"yoast_head":"<!-- This site is optimized with the Yoast SEO plugin v20.10 - https:\/\/yoast.com\/wordpress\/plugins\/seo\/ -->\n<title>\u0412\u0430\u043b\u0435\u043d\u0442\u0438\u043d\u0430 \u0418\u043b\u0438\u0435\u0432\u0430 - CEMIS<\/title>\n<meta name=\"robots\" content=\"index, follow, max-snippet:-1, max-image-preview:large, max-video-preview:-1\" \/>\n<link rel=\"canonical\" href=\"https:\/\/www.cemis.bg\/fr\/aboutus\/valentina-ilieva\/\" \/>\n<meta property=\"og:locale\" content=\"fr_FR\" \/>\n<meta property=\"og:type\" content=\"article\" \/>\n<meta property=\"og:title\" content=\"\u0412\u0430\u043b\u0435\u043d\u0442\u0438\u043d\u0430 \u0418\u043b\u0438\u0435\u0432\u0430 - CEMIS\" \/>\n<meta property=\"og:description\" content=\"VALENTINA ILIEVA Legal areaMAGISTERIUM Ltd Valentina Ilieva has a Master\u2019s degree in Law from the University of National and World Economy. Lawyer with knowledge in the field of administrative law, structural funds of the European Union, expertise in the field of public procurement.She was Secretary General of the Agency for Sustainable Energy Development, where she [&hellip;]\" \/>\n<meta property=\"og:url\" content=\"https:\/\/www.cemis.bg\/fr\/aboutus\/valentina-ilieva\/\" \/>\n<meta property=\"og:site_name\" content=\"CEMIS\" \/>\n<meta property=\"article:modified_time\" content=\"2021-07-28T11:23:20+00:00\" \/>\n<meta property=\"og:image\" content=\"https:\/\/www.cemis.bg\/wp-content\/uploads\/2021\/03\/NoImage.jpg\" \/>\n<meta name=\"twitter:card\" content=\"summary_large_image\" \/>\n<meta name=\"twitter:label1\" content=\"Dur\u00e9e de lecture estim\u00e9e\" \/>\n\t<meta name=\"twitter:data1\" content=\"1 minute\" \/>\n<script type=\"application\/ld+json\" class=\"yoast-schema-graph\">{\"@context\":\"https:\/\/schema.org\",\"@graph\":[{\"@type\":\"WebPage\",\"@id\":\"https:\/\/www.cemis.bg\/aboutus\/valentina-ilieva\/\",\"url\":\"https:\/\/www.cemis.bg\/aboutus\/valentina-ilieva\/\",\"name\":\"\u0412\u0430\u043b\u0435\u043d\u0442\u0438\u043d\u0430 \u0418\u043b\u0438\u0435\u0432\u0430 - CEMIS\",\"isPartOf\":{\"@id\":\"https:\/\/www.cemis.bg\/en\/#website\"},\"datePublished\":\"2021-03-17T09:23:49+00:00\",\"dateModified\":\"2021-07-28T11:23:20+00:00\",\"breadcrumb\":{\"@id\":\"https:\/\/www.cemis.bg\/aboutus\/valentina-ilieva\/#breadcrumb\"},\"inLanguage\":\"fr-FR\",\"potentialAction\":[{\"@type\":\"ReadAction\",\"target\":[\"https:\/\/www.cemis.bg\/aboutus\/valentina-ilieva\/\"]}]},{\"@type\":\"BreadcrumbList\",\"@id\":\"https:\/\/www.cemis.bg\/aboutus\/valentina-ilieva\/#breadcrumb\",\"itemListElement\":[{\"@type\":\"ListItem\",\"position\":1,\"name\":\"Home\",\"item\":\"https:\/\/www.cemis.bg\/\"},{\"@type\":\"ListItem\",\"position\":2,\"name\":\"\u0417\u0430 CEMIS\",\"item\":\"https:\/\/www.cemis.bg\/aboutus\/\"},{\"@type\":\"ListItem\",\"position\":3,\"name\":\"\u0412\u0430\u043b\u0435\u043d\u0442\u0438\u043d\u0430 \u0418\u043b\u0438\u0435\u0432\u0430\"}]},{\"@type\":\"WebSite\",\"@id\":\"https:\/\/www.cemis.bg\/en\/#website\",\"url\":\"https:\/\/www.cemis.bg\/en\/\",\"name\":\"CEMIS\",\"description\":\"Circular Economy Management Information System\",\"publisher\":{\"@id\":\"https:\/\/www.cemis.bg\/en\/#organization\"},\"potentialAction\":[{\"@type\":\"SearchAction\",\"target\":{\"@type\":\"EntryPoint\",\"urlTemplate\":\"https:\/\/www.cemis.bg\/en\/?s={search_term_string}\"},\"query-input\":\"required name=search_term_string\"}],\"inLanguage\":\"fr-FR\"},{\"@type\":\"Organization\",\"@id\":\"https:\/\/www.cemis.bg\/en\/#organization\",\"name\":\"CEMIS\",\"url\":\"https:\/\/www.cemis.bg\/en\/\",\"logo\":{\"@type\":\"ImageObject\",\"inLanguage\":\"fr-FR\",\"@id\":\"https:\/\/www.cemis.bg\/en\/#\/schema\/logo\/image\/\",\"url\":\"https:\/\/www.cemis.bg\/wp-content\/uploads\/2021\/10\/CEMIS-Logo-White1-2048x757-1.gif\",\"contentUrl\":\"https:\/\/www.cemis.bg\/wp-content\/uploads\/2021\/10\/CEMIS-Logo-White1-2048x757-1.gif\",\"width\":2048,\"height\":757,\"caption\":\"CEMIS\"},\"image\":{\"@id\":\"https:\/\/www.cemis.bg\/en\/#\/schema\/logo\/image\/\"}}]}<\/script>\n<!-- \/ Yoast SEO plugin. -->","yoast_head_json":{"title":"\u0412\u0430\u043b\u0435\u043d\u0442\u0438\u043d\u0430 \u0418\u043b\u0438\u0435\u0432\u0430 - CEMIS","robots":{"index":"index","follow":"follow","max-snippet":"max-snippet:-1","max-image-preview":"max-image-preview:large","max-video-preview":"max-video-preview:-1"},"canonical":"https:\/\/www.cemis.bg\/fr\/aboutus\/valentina-ilieva\/","og_locale":"fr_FR","og_type":"article","og_title":"\u0412\u0430\u043b\u0435\u043d\u0442\u0438\u043d\u0430 \u0418\u043b\u0438\u0435\u0432\u0430 - CEMIS","og_description":"VALENTINA ILIEVA Legal areaMAGISTERIUM Ltd Valentina Ilieva has a Master\u2019s degree in Law from the University of National and World Economy. Lawyer with knowledge in the field of administrative law, structural funds of the European Union, expertise in the field of public procurement.She was Secretary General of the Agency for Sustainable Energy Development, where she [&hellip;]","og_url":"https:\/\/www.cemis.bg\/fr\/aboutus\/valentina-ilieva\/","og_site_name":"CEMIS","article_modified_time":"2021-07-28T11:23:20+00:00","og_image":[{"url":"https:\/\/www.cemis.bg\/wp-content\/uploads\/2021\/03\/NoImage.jpg"}],"twitter_card":"summary_large_image","twitter_misc":{"Dur\u00e9e de lecture estim\u00e9e":"1 minute"},"schema":{"@context":"https:\/\/schema.org","@graph":[{"@type":"WebPage","@id":"https:\/\/www.cemis.bg\/aboutus\/valentina-ilieva\/","url":"https:\/\/www.cemis.bg\/aboutus\/valentina-ilieva\/","name":"\u0412\u0430\u043b\u0435\u043d\u0442\u0438\u043d\u0430 \u0418\u043b\u0438\u0435\u0432\u0430 - CEMIS","isPartOf":{"@id":"https:\/\/www.cemis.bg\/en\/#website"},"datePublished":"2021-03-17T09:23:49+00:00","dateModified":"2021-07-28T11:23:20+00:00","breadcrumb":{"@id":"https:\/\/www.cemis.bg\/aboutus\/valentina-ilieva\/#breadcrumb"},"inLanguage":"fr-FR","potentialAction":[{"@type":"ReadAction","target":["https:\/\/www.cemis.bg\/aboutus\/valentina-ilieva\/"]}]},{"@type":"BreadcrumbList","@id":"https:\/\/www.cemis.bg\/aboutus\/valentina-ilieva\/#breadcrumb","itemListElement":[{"@type":"ListItem","position":1,"name":"Home","item":"https:\/\/www.cemis.bg\/"},{"@type":"ListItem","position":2,"name":"\u0417\u0430 CEMIS","item":"https:\/\/www.cemis.bg\/aboutus\/"},{"@type":"ListItem","position":3,"name":"\u0412\u0430\u043b\u0435\u043d\u0442\u0438\u043d\u0430 \u0418\u043b\u0438\u0435\u0432\u0430"}]},{"@type":"WebSite","@id":"https:\/\/www.cemis.bg\/en\/#website","url":"https:\/\/www.cemis.bg\/en\/","name":"CEMIS","description":"Circular Economy Management Information System","publisher":{"@id":"https:\/\/www.cemis.bg\/en\/#organization"},"potentialAction":[{"@type":"SearchAction","target":{"@type":"EntryPoint","urlTemplate":"https:\/\/www.cemis.bg\/en\/?s={search_term_string}"},"query-input":"required name=search_term_string"}],"inLanguage":"fr-FR"},{"@type":"Organization","@id":"https:\/\/www.cemis.bg\/en\/#organization","name":"CEMIS","url":"https:\/\/www.cemis.bg\/en\/","logo":{"@type":"ImageObject","inLanguage":"fr-FR","@id":"https:\/\/www.cemis.bg\/en\/#\/schema\/logo\/image\/","url":"https:\/\/www.cemis.bg\/wp-content\/uploads\/2021\/10\/CEMIS-Logo-White1-2048x757-1.gif","contentUrl":"https:\/\/www.cemis.bg\/wp-content\/uploads\/2021\/10\/CEMIS-Logo-White1-2048x757-1.gif","width":2048,"height":757,"caption":"CEMIS"},"image":{"@id":"https:\/\/www.cemis.bg\/en\/#\/schema\/logo\/image\/"}}]}},"_links":{"self":[{"href":"https:\/\/www.cemis.bg\/fr\/wp-json\/wp\/v2\/pages\/730","targetHints":{"allow":["GET"]}}],"collection":[{"href":"https:\/\/www.cemis.bg\/fr\/wp-json\/wp\/v2\/pages"}],"about":[{"href":"https:\/\/www.cemis.bg\/fr\/wp-json\/wp\/v2\/types\/page"}],"author":[{"embeddable":true,"href":"https:\/\/www.cemis.bg\/fr\/wp-json\/wp\/v2\/users\/1"}],"replies":[{"embeddable":true,"href":"https:\/\/www.cemis.bg\/fr\/wp-json\/wp\/v2\/comments?post=730"}],"version-history":[{"count":41,"href":"https:\/\/www.cemis.bg\/fr\/wp-json\/wp\/v2\/pages\/730\/revisions"}],"predecessor-version":[{"id":10979,"href":"https:\/\/www.cemis.bg\/fr\/wp-json\/wp\/v2\/pages\/730\/revisions\/10979"}],"up":[{"embeddable":true,"href":"https:\/\/www.cemis.bg\/fr\/wp-json\/wp\/v2\/pages\/154"}],"wp:attachment":[{"href":"https:\/\/www.cemis.bg\/fr\/wp-json\/wp\/v2\/media?parent=730"}],"curies":[{"name":"wp","href":"https:\/\/api.w.org\/{rel}","templated":true}]}}