{"id":748,"date":"2021-03-17T12:12:17","date_gmt":"2021-03-17T10:12:17","guid":{"rendered":"http:\/\/www.cemis.bg\/?page_id=748"},"modified":"2021-07-28T13:31:28","modified_gmt":"2021-07-28T11:31:28","slug":"diana-pancheva","status":"publish","type":"page","link":"https:\/\/www.cemis.bg\/fr\/aboutus\/diana-pancheva\/","title":{"rendered":"\u0414\u0438\u044f\u043d\u0430 \u041f\u0430\u043d\u0447\u0435\u0432\u0430"},"content":{"rendered":"<div data-elementor-type=\"wp-page\" data-elementor-id=\"748\" class=\"elementor elementor-748\">\n\t\t\t\t\t\t<div class=\"elementor-inner\">\n\t\t\t\t<div class=\"elementor-section-wrap\">\n\t\t\t\t\t\t\t\t\t<section class=\"elementor-section elementor-top-section elementor-element elementor-element-9d23e9c elementor-section-full_width elementor-section-stretched elementor-section-height-default elementor-section-height-default\" data-id=\"9d23e9c\" data-element_type=\"section\" data-settings=\"{&quot;stretch_section&quot;:&quot;section-stretched&quot;}\">\n\t\t\t\t\t\t<div class=\"elementor-container elementor-column-gap-default\">\n\t\t\t\t\t\t\t<div class=\"elementor-row\">\n\t\t\t\t\t<div class=\"elementor-column elementor-col-100 elementor-top-column elementor-element elementor-element-83797bd\" data-id=\"83797bd\" data-element_type=\"column\" data-settings=\"{&quot;background_background&quot;:&quot;classic&quot;}\">\n\t\t\t<div class=\"elementor-column-wrap elementor-element-populated\">\n\t\t\t\t\t<div class=\"elementor-background-overlay\"><\/div>\n\t\t\t\t\t\t\t<div class=\"elementor-widget-wrap\">\n\t\t\t\t\t\t<section class=\"elementor-section elementor-inner-section elementor-element elementor-element-faf20bc elementor-section-full_width elementor-section-height-default elementor-section-height-default\" data-id=\"faf20bc\" data-element_type=\"section\">\n\t\t\t\t\t\t<div class=\"elementor-container elementor-column-gap-no\">\n\t\t\t\t\t\t\t<div class=\"elementor-row\">\n\t\t\t\t\t<div class=\"elementor-column elementor-col-100 elementor-inner-column elementor-element elementor-element-6f83a02\" data-id=\"6f83a02\" data-element_type=\"column\">\n\t\t\t<div class=\"elementor-column-wrap elementor-element-populated\">\n\t\t\t\t\t\t\t<div class=\"elementor-widget-wrap\">\n\t\t\t\t\t\t<div class=\"elementor-element elementor-element-f2887ec elementor-widget elementor-widget-text-editor\" data-id=\"f2887ec\" data-element_type=\"widget\" data-widget_type=\"text-editor.default\">\n\t\t\t\t<div class=\"elementor-widget-container\">\n\t\t\t\t\t\t\t\t<div class=\"elementor-text-editor elementor-clearfix\">\n\t\t\t\t<img loading=\"lazy\" decoding=\"async\" class=\"size-full wp-image-754 alignleft\" src=\"https:\/\/www.cemis.bg\/wp-content\/uploads\/2021\/03\/Diana_Pancheva_300x300.jpg\" alt=\"\u0414\u0438\u044f\u043d\u0430 \u041f\u0430\u043d\u0447\u0435\u0432\u0430\" width=\"300\" height=\"300\" srcset=\"https:\/\/www.cemis.bg\/wp-content\/uploads\/2021\/03\/Diana_Pancheva_300x300.jpg 300w, https:\/\/www.cemis.bg\/wp-content\/uploads\/2021\/03\/Diana_Pancheva_300x300-150x150.jpg 150w, https:\/\/www.cemis.bg\/wp-content\/uploads\/2021\/03\/Diana_Pancheva_300x300-12x12.jpg 12w\" sizes=\"auto, (max-width: 300px) 100vw, 300px\" \/>\n<div style=\"position: absolute; top: 100px; left: 315px;\">\n<p style=\"font-size: 15px; font-weight: 900; text-align: left;\">DIANA PANCHEVA<\/p>\n<p style=\"line-height: 30px; font-family: Verdana; font-size: 15px; font-weight: 400;\">Gestion des d\u00e9chets municipaux<br clear=\"none\" \/>MAGISTERIUM Ltd<\/p>\n\n<\/div>\t\t\t\t\t<\/div>\n\t\t\t\t\t\t<\/div>\n\t\t\t\t<\/div>\n\t\t\t\t<div class=\"elementor-element elementor-element-af013a6 elementor-widget elementor-widget-spacer\" data-id=\"af013a6\" data-element_type=\"widget\" data-widget_type=\"spacer.default\">\n\t\t\t\t<div class=\"elementor-widget-container\">\n\t\t\t\t\t<div class=\"elementor-spacer\">\n\t\t\t<div class=\"elementor-spacer-inner\"><\/div>\n\t\t<\/div>\n\t\t\t\t<\/div>\n\t\t\t\t<\/div>\n\t\t\t\t\t\t<\/div>\n\t\t\t\t\t<\/div>\n\t\t<\/div>\n\t\t\t\t\t\t\t\t<\/div>\n\t\t\t\t\t<\/div>\n\t\t<\/section>\n\t\t\t\t<div class=\"elementor-element elementor-element-907e699 elementor-widget elementor-widget-text-editor\" data-id=\"907e699\" data-element_type=\"widget\" data-widget_type=\"text-editor.default\">\n\t\t\t\t<div class=\"elementor-widget-container\">\n\t\t\t\t\t\t\t\t<div class=\"elementor-text-editor elementor-clearfix\">\n\t\t\t\t<p style=\"line-height: 30px; font-family: Verdana; font-size: 15px; font-weight: 400; text-align: justify;\">Diana Pancheva est titulaire d'un master en comptabilit\u00e9 de l'Acad\u00e9mie d'\u00e9conomie \"D. A. Tsenov\"- Svishtov. Elle a obtenu un dipl\u00f4me de troisi\u00e8me cycle en gestion financi\u00e8re au Bulgarian-American Center for Management. Elle a suivi avec succ\u00e8s des cours de gestion organis\u00e9s par BADEN WURTTEMBERG, \u00e0 Reutligen, en Allemagne, et des cours \u00e0 Tel Aviv, en Isra\u00ebl.<br clear=\"none\" \/>Elle \u00e9tait responsable de l'organisation comptable de l'association \u00e0 but non lucratif dans le cadre du projet JOBS du PNUD.<br clear=\"none\" \/>Elle a plus de 36 ans d'exp\u00e9rience professionnelle pratique. Elle a acquis de l'exp\u00e9rience dans les programmes op\u00e9rationnels \"Environnement\", \"Bonne gouvernance\" et \"Capacit\u00e9 administrative\", entre autres.<\/p>\t\t\t\t\t<\/div>\n\t\t\t\t\t\t<\/div>\n\t\t\t\t<\/div>\n\t\t\t\t\t\t<\/div>\n\t\t\t\t\t<\/div>\n\t\t<\/div>\n\t\t\t\t\t\t\t\t<\/div>\n\t\t\t\t\t<\/div>\n\t\t<\/section>\n\t\t\t\t\t\t\t\t\t<\/div>\n\t\t\t<\/div>\n\t\t\t\t\t<\/div>","protected":false},"excerpt":{"rendered":"<p>DIANA PANCHEVA Gestion des d\u00e9chets municipauxMAGISTERIUM Ltd Diana Pancheva est titulaire d'un master en comptabilit\u00e9 de l'Acad\u00e9mie d'\u00e9conomie \"D. A. Tsenov\"- Svishtov. Elle a obtenu un dipl\u00f4me de troisi\u00e8me cycle en gestion financi\u00e8re au Centre bulgaro-am\u00e9ricain de gestion. Elle a suivi avec succ\u00e8s des cours de gestion organis\u00e9s par BADEN WURTTEMBERG, Reutligen, Allemagne et des cours \u00e0 Tel Aviv, Isra\u00ebl.<\/p>","protected":false},"author":1,"featured_media":0,"parent":154,"menu_order":0,"comment_status":"closed","ping_status":"closed","template":"","meta":{"_mi_skip_tracking":false,"_monsterinsights_sitenote_active":false,"_monsterinsights_sitenote_note":"","_monsterinsights_sitenote_category":0,"footnotes":""},"class_list":["post-748","page","type-page","status-publish","hentry","entry"],"yoast_head":"<!-- This site is optimized with the Yoast SEO plugin v20.10 - https:\/\/yoast.com\/wordpress\/plugins\/seo\/ -->\n<title>\u0414\u0438\u044f\u043d\u0430 \u041f\u0430\u043d\u0447\u0435\u0432\u0430 - CEMIS<\/title>\n<meta name=\"robots\" content=\"index, follow, max-snippet:-1, max-image-preview:large, max-video-preview:-1\" \/>\n<link rel=\"canonical\" href=\"https:\/\/www.cemis.bg\/fr\/aboutus\/diana-pancheva\/\" \/>\n<meta property=\"og:locale\" content=\"fr_FR\" \/>\n<meta property=\"og:type\" content=\"article\" \/>\n<meta property=\"og:title\" content=\"\u0414\u0438\u044f\u043d\u0430 \u041f\u0430\u043d\u0447\u0435\u0432\u0430 - CEMIS\" \/>\n<meta property=\"og:description\" content=\"DIANA PANCHEVA Municipal waste managementMAGISTERIUM Ltd Diana Pancheva is a Master Accountant from the Academy of Economics \u201cD. A. Tsenov \u201d- Svishtov. She has acquired a postgraduate qualification in Financial Management at \u200bthe Bulgarian-American Center for Management. Sh\u0435 has successfully completed management courses organized by BADEN WURTTEMBERG, Reutligen, Germany and course in Tel Aviv, Israel.She [&hellip;]\" \/>\n<meta property=\"og:url\" content=\"https:\/\/www.cemis.bg\/fr\/aboutus\/diana-pancheva\/\" \/>\n<meta property=\"og:site_name\" content=\"CEMIS\" \/>\n<meta property=\"article:modified_time\" content=\"2021-07-28T11:31:28+00:00\" \/>\n<meta property=\"og:image\" content=\"https:\/\/www.cemis.bg\/wp-content\/uploads\/2021\/03\/Diana_Pancheva_300x300.jpg\" \/>\n<meta name=\"twitter:card\" content=\"summary_large_image\" \/>\n<script type=\"application\/ld+json\" class=\"yoast-schema-graph\">{\"@context\":\"https:\/\/schema.org\",\"@graph\":[{\"@type\":\"WebPage\",\"@id\":\"https:\/\/www.cemis.bg\/aboutus\/diana-pancheva\/\",\"url\":\"https:\/\/www.cemis.bg\/aboutus\/diana-pancheva\/\",\"name\":\"\u0414\u0438\u044f\u043d\u0430 \u041f\u0430\u043d\u0447\u0435\u0432\u0430 - CEMIS\",\"isPartOf\":{\"@id\":\"https:\/\/www.cemis.bg\/en\/#website\"},\"datePublished\":\"2021-03-17T10:12:17+00:00\",\"dateModified\":\"2021-07-28T11:31:28+00:00\",\"breadcrumb\":{\"@id\":\"https:\/\/www.cemis.bg\/aboutus\/diana-pancheva\/#breadcrumb\"},\"inLanguage\":\"fr-FR\",\"potentialAction\":[{\"@type\":\"ReadAction\",\"target\":[\"https:\/\/www.cemis.bg\/aboutus\/diana-pancheva\/\"]}]},{\"@type\":\"BreadcrumbList\",\"@id\":\"https:\/\/www.cemis.bg\/aboutus\/diana-pancheva\/#breadcrumb\",\"itemListElement\":[{\"@type\":\"ListItem\",\"position\":1,\"name\":\"Home\",\"item\":\"https:\/\/www.cemis.bg\/\"},{\"@type\":\"ListItem\",\"position\":2,\"name\":\"\u0417\u0430 CEMIS\",\"item\":\"https:\/\/www.cemis.bg\/aboutus\/\"},{\"@type\":\"ListItem\",\"position\":3,\"name\":\"\u0414\u0438\u044f\u043d\u0430 \u041f\u0430\u043d\u0447\u0435\u0432\u0430\"}]},{\"@type\":\"WebSite\",\"@id\":\"https:\/\/www.cemis.bg\/en\/#website\",\"url\":\"https:\/\/www.cemis.bg\/en\/\",\"name\":\"CEMIS\",\"description\":\"Circular Economy Management Information System\",\"publisher\":{\"@id\":\"https:\/\/www.cemis.bg\/en\/#organization\"},\"potentialAction\":[{\"@type\":\"SearchAction\",\"target\":{\"@type\":\"EntryPoint\",\"urlTemplate\":\"https:\/\/www.cemis.bg\/en\/?s={search_term_string}\"},\"query-input\":\"required name=search_term_string\"}],\"inLanguage\":\"fr-FR\"},{\"@type\":\"Organization\",\"@id\":\"https:\/\/www.cemis.bg\/en\/#organization\",\"name\":\"CEMIS\",\"url\":\"https:\/\/www.cemis.bg\/en\/\",\"logo\":{\"@type\":\"ImageObject\",\"inLanguage\":\"fr-FR\",\"@id\":\"https:\/\/www.cemis.bg\/en\/#\/schema\/logo\/image\/\",\"url\":\"https:\/\/www.cemis.bg\/wp-content\/uploads\/2021\/10\/CEMIS-Logo-White1-2048x757-1.gif\",\"contentUrl\":\"https:\/\/www.cemis.bg\/wp-content\/uploads\/2021\/10\/CEMIS-Logo-White1-2048x757-1.gif\",\"width\":2048,\"height\":757,\"caption\":\"CEMIS\"},\"image\":{\"@id\":\"https:\/\/www.cemis.bg\/en\/#\/schema\/logo\/image\/\"}}]}<\/script>\n<!-- \/ Yoast SEO plugin. -->","yoast_head_json":{"title":"\u0414\u0438\u044f\u043d\u0430 \u041f\u0430\u043d\u0447\u0435\u0432\u0430 - CEMIS","robots":{"index":"index","follow":"follow","max-snippet":"max-snippet:-1","max-image-preview":"max-image-preview:large","max-video-preview":"max-video-preview:-1"},"canonical":"https:\/\/www.cemis.bg\/fr\/aboutus\/diana-pancheva\/","og_locale":"fr_FR","og_type":"article","og_title":"\u0414\u0438\u044f\u043d\u0430 \u041f\u0430\u043d\u0447\u0435\u0432\u0430 - CEMIS","og_description":"DIANA PANCHEVA Municipal waste managementMAGISTERIUM Ltd Diana Pancheva is a Master Accountant from the Academy of Economics \u201cD. A. Tsenov \u201d- Svishtov. She has acquired a postgraduate qualification in Financial Management at \u200bthe Bulgarian-American Center for Management. Sh\u0435 has successfully completed management courses organized by BADEN WURTTEMBERG, Reutligen, Germany and course in Tel Aviv, Israel.She [&hellip;]","og_url":"https:\/\/www.cemis.bg\/fr\/aboutus\/diana-pancheva\/","og_site_name":"CEMIS","article_modified_time":"2021-07-28T11:31:28+00:00","og_image":[{"url":"https:\/\/www.cemis.bg\/wp-content\/uploads\/2021\/03\/Diana_Pancheva_300x300.jpg"}],"twitter_card":"summary_large_image","schema":{"@context":"https:\/\/schema.org","@graph":[{"@type":"WebPage","@id":"https:\/\/www.cemis.bg\/aboutus\/diana-pancheva\/","url":"https:\/\/www.cemis.bg\/aboutus\/diana-pancheva\/","name":"\u0414\u0438\u044f\u043d\u0430 \u041f\u0430\u043d\u0447\u0435\u0432\u0430 - CEMIS","isPartOf":{"@id":"https:\/\/www.cemis.bg\/en\/#website"},"datePublished":"2021-03-17T10:12:17+00:00","dateModified":"2021-07-28T11:31:28+00:00","breadcrumb":{"@id":"https:\/\/www.cemis.bg\/aboutus\/diana-pancheva\/#breadcrumb"},"inLanguage":"fr-FR","potentialAction":[{"@type":"ReadAction","target":["https:\/\/www.cemis.bg\/aboutus\/diana-pancheva\/"]}]},{"@type":"BreadcrumbList","@id":"https:\/\/www.cemis.bg\/aboutus\/diana-pancheva\/#breadcrumb","itemListElement":[{"@type":"ListItem","position":1,"name":"Home","item":"https:\/\/www.cemis.bg\/"},{"@type":"ListItem","position":2,"name":"\u0417\u0430 CEMIS","item":"https:\/\/www.cemis.bg\/aboutus\/"},{"@type":"ListItem","position":3,"name":"\u0414\u0438\u044f\u043d\u0430 \u041f\u0430\u043d\u0447\u0435\u0432\u0430"}]},{"@type":"WebSite","@id":"https:\/\/www.cemis.bg\/en\/#website","url":"https:\/\/www.cemis.bg\/en\/","name":"CEMIS","description":"Circular Economy Management Information System","publisher":{"@id":"https:\/\/www.cemis.bg\/en\/#organization"},"potentialAction":[{"@type":"SearchAction","target":{"@type":"EntryPoint","urlTemplate":"https:\/\/www.cemis.bg\/en\/?s={search_term_string}"},"query-input":"required name=search_term_string"}],"inLanguage":"fr-FR"},{"@type":"Organization","@id":"https:\/\/www.cemis.bg\/en\/#organization","name":"CEMIS","url":"https:\/\/www.cemis.bg\/en\/","logo":{"@type":"ImageObject","inLanguage":"fr-FR","@id":"https:\/\/www.cemis.bg\/en\/#\/schema\/logo\/image\/","url":"https:\/\/www.cemis.bg\/wp-content\/uploads\/2021\/10\/CEMIS-Logo-White1-2048x757-1.gif","contentUrl":"https:\/\/www.cemis.bg\/wp-content\/uploads\/2021\/10\/CEMIS-Logo-White1-2048x757-1.gif","width":2048,"height":757,"caption":"CEMIS"},"image":{"@id":"https:\/\/www.cemis.bg\/en\/#\/schema\/logo\/image\/"}}]}},"_links":{"self":[{"href":"https:\/\/www.cemis.bg\/fr\/wp-json\/wp\/v2\/pages\/748","targetHints":{"allow":["GET"]}}],"collection":[{"href":"https:\/\/www.cemis.bg\/fr\/wp-json\/wp\/v2\/pages"}],"about":[{"href":"https:\/\/www.cemis.bg\/fr\/wp-json\/wp\/v2\/types\/page"}],"author":[{"embeddable":true,"href":"https:\/\/www.cemis.bg\/fr\/wp-json\/wp\/v2\/users\/1"}],"replies":[{"embeddable":true,"href":"https:\/\/www.cemis.bg\/fr\/wp-json\/wp\/v2\/comments?post=748"}],"version-history":[{"count":39,"href":"https:\/\/www.cemis.bg\/fr\/wp-json\/wp\/v2\/pages\/748\/revisions"}],"predecessor-version":[{"id":11000,"href":"https:\/\/www.cemis.bg\/fr\/wp-json\/wp\/v2\/pages\/748\/revisions\/11000"}],"up":[{"embeddable":true,"href":"https:\/\/www.cemis.bg\/fr\/wp-json\/wp\/v2\/pages\/154"}],"wp:attachment":[{"href":"https:\/\/www.cemis.bg\/fr\/wp-json\/wp\/v2\/media?parent=748"}],"curies":[{"name":"wp","href":"https:\/\/api.w.org\/{rel}","templated":true}]}}