{"id":820,"date":"2021-03-17T13:08:29","date_gmt":"2021-03-17T11:08:29","guid":{"rendered":"http:\/\/www.cemis.bg\/?page_id=820"},"modified":"2021-11-29T21:49:44","modified_gmt":"2021-11-29T19:49:44","slug":"svetlana-bojkova","status":"publish","type":"page","link":"https:\/\/www.cemis.bg\/fr\/aboutus\/svetlana-bojkova\/","title":{"rendered":"\u0421\u0432\u0435\u0442\u043b\u0430\u043d\u0430 \u0411\u043e\u0436\u043a\u043e\u0432\u0430"},"content":{"rendered":"<div data-elementor-type=\"wp-page\" data-elementor-id=\"820\" class=\"elementor elementor-820\">\n\t\t\t\t\t\t<div class=\"elementor-inner\">\n\t\t\t\t<div class=\"elementor-section-wrap\">\n\t\t\t\t\t\t\t\t\t<section class=\"elementor-section elementor-top-section elementor-element elementor-element-7e39f95 elementor-section-full_width elementor-section-stretched elementor-section-height-default elementor-section-height-default\" data-id=\"7e39f95\" data-element_type=\"section\" data-settings=\"{&quot;stretch_section&quot;:&quot;section-stretched&quot;}\">\n\t\t\t\t\t\t<div class=\"elementor-container elementor-column-gap-default\">\n\t\t\t\t\t\t\t<div class=\"elementor-row\">\n\t\t\t\t\t<div class=\"elementor-column elementor-col-100 elementor-top-column elementor-element elementor-element-dd017ae\" data-id=\"dd017ae\" data-element_type=\"column\" data-settings=\"{&quot;background_background&quot;:&quot;classic&quot;}\">\n\t\t\t<div class=\"elementor-column-wrap elementor-element-populated\">\n\t\t\t\t\t<div class=\"elementor-background-overlay\"><\/div>\n\t\t\t\t\t\t\t<div class=\"elementor-widget-wrap\">\n\t\t\t\t\t\t<section class=\"elementor-section elementor-inner-section elementor-element elementor-element-44c13dc elementor-section-full_width elementor-section-height-default elementor-section-height-default\" data-id=\"44c13dc\" data-element_type=\"section\">\n\t\t\t\t\t\t<div class=\"elementor-container elementor-column-gap-no\">\n\t\t\t\t\t\t\t<div class=\"elementor-row\">\n\t\t\t\t\t<div class=\"elementor-column elementor-col-100 elementor-inner-column elementor-element elementor-element-0c7e192\" data-id=\"0c7e192\" data-element_type=\"column\">\n\t\t\t<div class=\"elementor-column-wrap elementor-element-populated\">\n\t\t\t\t\t\t\t<div class=\"elementor-widget-wrap\">\n\t\t\t\t\t\t<div class=\"elementor-element elementor-element-11af10b elementor-widget elementor-widget-text-editor\" data-id=\"11af10b\" data-element_type=\"widget\" data-widget_type=\"text-editor.default\">\n\t\t\t\t<div class=\"elementor-widget-container\">\n\t\t\t\t\t\t\t\t<div class=\"elementor-text-editor elementor-clearfix\">\n\t\t\t\t<img loading=\"lazy\" decoding=\"async\" class=\"size-full wp-image-824 alignleft\" src=\"https:\/\/www.cemis.bg\/wp-content\/uploads\/2021\/03\/Svetlana_Bojkova_300x300.jpg\" alt=\"\u0421\u0432\u0435\u0442\u043b\u0430\u043d\u0430 \u0411\u043e\u0436\u043a\u043e\u0432\u0430\" width=\"300\" height=\"300\" srcset=\"https:\/\/www.cemis.bg\/wp-content\/uploads\/2021\/03\/Svetlana_Bojkova_300x300.jpg 300w, https:\/\/www.cemis.bg\/wp-content\/uploads\/2021\/03\/Svetlana_Bojkova_300x300-150x150.jpg 150w, https:\/\/www.cemis.bg\/wp-content\/uploads\/2021\/03\/Svetlana_Bojkova_300x300-12x12.jpg 12w\" sizes=\"auto, (max-width: 300px) 100vw, 300px\" \/>\n<div style=\"position: absolute; top: 100px; left: 315px;\">\n<p style=\"font-size: 15px; font-weight: 900; text-align: left;\">SVETLANA BOJKOVA<\/p>\n<p style=\"line-height: 30px; font-family: Verdana; font-size: 15px; font-weight: 400;\">Gestion des d\u00e9chets<br clear=\"none\" \/>MAGISTERIUM Ltd<\/p>\n<\/div>\t\t\t\t\t<\/div>\n\t\t\t\t\t\t<\/div>\n\t\t\t\t<\/div>\n\t\t\t\t<div class=\"elementor-element elementor-element-62d57af elementor-widget elementor-widget-spacer\" data-id=\"62d57af\" data-element_type=\"widget\" data-widget_type=\"spacer.default\">\n\t\t\t\t<div class=\"elementor-widget-container\">\n\t\t\t\t\t<div class=\"elementor-spacer\">\n\t\t\t<div class=\"elementor-spacer-inner\"><\/div>\n\t\t<\/div>\n\t\t\t\t<\/div>\n\t\t\t\t<\/div>\n\t\t\t\t\t\t<\/div>\n\t\t\t\t\t<\/div>\n\t\t<\/div>\n\t\t\t\t\t\t\t\t<\/div>\n\t\t\t\t\t<\/div>\n\t\t<\/section>\n\t\t\t\t<div class=\"elementor-element elementor-element-de08ab5 elementor-widget elementor-widget-text-editor\" data-id=\"de08ab5\" data-element_type=\"widget\" data-widget_type=\"text-editor.default\">\n\t\t\t\t<div class=\"elementor-widget-container\">\n\t\t\t\t\t\t\t\t<div class=\"elementor-text-editor elementor-clearfix\">\n\t\t\t\t<p style=\"line-height: 30px; font-family: Verdana; font-size: 15px; font-weight: 400; text-align: justify;\">Svetlana Bozhkova est titulaire d'une ma\u00eetrise de chimiste de l'universit\u00e9 de technologie chimique et de m\u00e9tallurgie. Elle a suivi avec succ\u00e8s de nombreux cours et sp\u00e9cialisations pour am\u00e9liorer sa qualification en tant qu'experte en gestion des d\u00e9chets.<br clear=\"none\" \/>Elle a \u00e9t\u00e9 chef du d\u00e9partement des d\u00e9chets municipaux, biod\u00e9gradables et de construction, direction de la gestion des d\u00e9chets et de la protection des sols, minist\u00e8re de l'environnement et de l'eau. Elle \u00e9tait responsable de la planification, de l'organisation et de la gestion des activit\u00e9s du d\u00e9partement pour la mise en \u0153uvre des politiques nationales et europ\u00e9ennes dans le domaine de la gestion des d\u00e9chets.<br clear=\"none\" \/>Elle a coordonn\u00e9 et particip\u00e9 \u00e0 l'\u00e9laboration et \u00e0 la coordination de documents \u00e0 caract\u00e8re normatif ou m\u00e9thodologique, aux activit\u00e9s li\u00e9es aux engagements pris dans le cadre de la Convention des Nations unies sur la lutte contre la d\u00e9sertification (UNCCD) et aux relations avec d'autres agences. Il a \u00e9galement coordonn\u00e9 la gestion administrative, financi\u00e8re et technique des projets ISPA\/Fonds de coh\u00e9sion dans le cadre du r\u00e8glement (CE) 1164\/94 du Conseil du 16 mai 1994 instituant le Fonds de coh\u00e9sion (OB, L 130, 25.05). 1994), ayant particip\u00e9 \u00e0 des groupes de travail d\u00e9partementaux et interd\u00e9partementaux, ainsi qu'\u00e0 des conseils d'experts pour l'examen et l'adoption de projets et de programmes, notamment le Conseil sup\u00e9rieur d'experts en \u00e9cologie et le Conseil interd\u00e9partemental d'experts en \u00e9cologie.<br clear=\"none\" \/>Elle a plus de 18 ans d'exp\u00e9rience pratique dans le domaine de la gestion des d\u00e9chets. Elle a de l'exp\u00e9rience dans le programme op\u00e9rationnel \"Environnement\", le programme de coop\u00e9ration bulgaro-suisse, ISPA \/ Fonds de coh\u00e9sion et autres.<\/p>\t\t\t\t\t<\/div>\n\t\t\t\t\t\t<\/div>\n\t\t\t\t<\/div>\n\t\t\t\t\t\t<\/div>\n\t\t\t\t\t<\/div>\n\t\t<\/div>\n\t\t\t\t\t\t\t\t<\/div>\n\t\t\t\t\t<\/div>\n\t\t<\/section>\n\t\t\t\t\t\t\t\t\t<\/div>\n\t\t\t<\/div>\n\t\t\t\t\t<\/div>","protected":false},"excerpt":{"rendered":"<p>SVETLANA BOJKOVA Gestion des d\u00e9chetsMAGISTERIUM Ltd Svetlana Bozhkova est titulaire d'une ma\u00eetrise de chimie de l'universit\u00e9 de technologie chimique et de m\u00e9tallurgie. Elle a suivi avec succ\u00e8s de nombreux cours et sp\u00e9cialisations afin d'am\u00e9liorer sa qualification en tant qu'experte de la gestion des d\u00e9chets.<\/p>","protected":false},"author":1,"featured_media":0,"parent":154,"menu_order":0,"comment_status":"closed","ping_status":"closed","template":"","meta":{"_mi_skip_tracking":false,"_monsterinsights_sitenote_active":false,"_monsterinsights_sitenote_note":"","_monsterinsights_sitenote_category":0,"footnotes":""},"class_list":["post-820","page","type-page","status-publish","hentry","entry"],"yoast_head":"<!-- This site is optimized with the Yoast SEO plugin v20.10 - https:\/\/yoast.com\/wordpress\/plugins\/seo\/ -->\n<title>\u0421\u0432\u0435\u0442\u043b\u0430\u043d\u0430 \u0411\u043e\u0436\u043a\u043e\u0432\u0430 - CEMIS<\/title>\n<meta name=\"robots\" content=\"index, follow, max-snippet:-1, max-image-preview:large, max-video-preview:-1\" \/>\n<link rel=\"canonical\" href=\"https:\/\/www.cemis.bg\/fr\/aboutus\/svetlana-bojkova\/\" \/>\n<meta property=\"og:locale\" content=\"fr_FR\" \/>\n<meta property=\"og:type\" content=\"article\" \/>\n<meta property=\"og:title\" content=\"\u0421\u0432\u0435\u0442\u043b\u0430\u043d\u0430 \u0411\u043e\u0436\u043a\u043e\u0432\u0430 - CEMIS\" \/>\n<meta property=\"og:description\" content=\"SVETLANA BOJKOVA Waste managementMAGISTERIUM Ltd Svetlana Bozhkova is a Master of Chemist from the University of Chemical Technology and Metallurgy. She has successfully completed numerous courses and specializations to improve her qualification as a waste management expert.She was a Head of the Department of Municipal, Biodegradable and Construction Waste, Waste Management and Soil Protection Directorate, [&hellip;]\" \/>\n<meta property=\"og:url\" content=\"https:\/\/www.cemis.bg\/fr\/aboutus\/svetlana-bojkova\/\" \/>\n<meta property=\"og:site_name\" content=\"CEMIS\" \/>\n<meta property=\"article:modified_time\" content=\"2021-11-29T19:49:44+00:00\" \/>\n<meta property=\"og:image\" content=\"https:\/\/www.cemis.bg\/wp-content\/uploads\/2021\/03\/Svetlana_Bojkova_300x300.jpg\" \/>\n<meta name=\"twitter:card\" content=\"summary_large_image\" \/>\n<meta name=\"twitter:label1\" content=\"Dur\u00e9e de lecture estim\u00e9e\" \/>\n\t<meta name=\"twitter:data1\" content=\"2 minutes\" \/>\n<script type=\"application\/ld+json\" class=\"yoast-schema-graph\">{\"@context\":\"https:\/\/schema.org\",\"@graph\":[{\"@type\":\"WebPage\",\"@id\":\"https:\/\/www.cemis.bg\/aboutus\/svetlana-bojkova\/\",\"url\":\"https:\/\/www.cemis.bg\/aboutus\/svetlana-bojkova\/\",\"name\":\"\u0421\u0432\u0435\u0442\u043b\u0430\u043d\u0430 \u0411\u043e\u0436\u043a\u043e\u0432\u0430 - CEMIS\",\"isPartOf\":{\"@id\":\"https:\/\/www.cemis.bg\/en\/#website\"},\"datePublished\":\"2021-03-17T11:08:29+00:00\",\"dateModified\":\"2021-11-29T19:49:44+00:00\",\"breadcrumb\":{\"@id\":\"https:\/\/www.cemis.bg\/aboutus\/svetlana-bojkova\/#breadcrumb\"},\"inLanguage\":\"fr-FR\",\"potentialAction\":[{\"@type\":\"ReadAction\",\"target\":[\"https:\/\/www.cemis.bg\/aboutus\/svetlana-bojkova\/\"]}]},{\"@type\":\"BreadcrumbList\",\"@id\":\"https:\/\/www.cemis.bg\/aboutus\/svetlana-bojkova\/#breadcrumb\",\"itemListElement\":[{\"@type\":\"ListItem\",\"position\":1,\"name\":\"Home\",\"item\":\"https:\/\/www.cemis.bg\/\"},{\"@type\":\"ListItem\",\"position\":2,\"name\":\"\u0417\u0430 CEMIS\",\"item\":\"https:\/\/www.cemis.bg\/aboutus\/\"},{\"@type\":\"ListItem\",\"position\":3,\"name\":\"\u0421\u0432\u0435\u0442\u043b\u0430\u043d\u0430 \u0411\u043e\u0436\u043a\u043e\u0432\u0430\"}]},{\"@type\":\"WebSite\",\"@id\":\"https:\/\/www.cemis.bg\/en\/#website\",\"url\":\"https:\/\/www.cemis.bg\/en\/\",\"name\":\"CEMIS\",\"description\":\"Circular Economy Management Information System\",\"publisher\":{\"@id\":\"https:\/\/www.cemis.bg\/en\/#organization\"},\"potentialAction\":[{\"@type\":\"SearchAction\",\"target\":{\"@type\":\"EntryPoint\",\"urlTemplate\":\"https:\/\/www.cemis.bg\/en\/?s={search_term_string}\"},\"query-input\":\"required name=search_term_string\"}],\"inLanguage\":\"fr-FR\"},{\"@type\":\"Organization\",\"@id\":\"https:\/\/www.cemis.bg\/en\/#organization\",\"name\":\"CEMIS\",\"url\":\"https:\/\/www.cemis.bg\/en\/\",\"logo\":{\"@type\":\"ImageObject\",\"inLanguage\":\"fr-FR\",\"@id\":\"https:\/\/www.cemis.bg\/en\/#\/schema\/logo\/image\/\",\"url\":\"https:\/\/www.cemis.bg\/wp-content\/uploads\/2021\/10\/CEMIS-Logo-White1-2048x757-1.gif\",\"contentUrl\":\"https:\/\/www.cemis.bg\/wp-content\/uploads\/2021\/10\/CEMIS-Logo-White1-2048x757-1.gif\",\"width\":2048,\"height\":757,\"caption\":\"CEMIS\"},\"image\":{\"@id\":\"https:\/\/www.cemis.bg\/en\/#\/schema\/logo\/image\/\"}}]}<\/script>\n<!-- \/ Yoast SEO plugin. -->","yoast_head_json":{"title":"\u0421\u0432\u0435\u0442\u043b\u0430\u043d\u0430 \u0411\u043e\u0436\u043a\u043e\u0432\u0430 - CEMIS","robots":{"index":"index","follow":"follow","max-snippet":"max-snippet:-1","max-image-preview":"max-image-preview:large","max-video-preview":"max-video-preview:-1"},"canonical":"https:\/\/www.cemis.bg\/fr\/aboutus\/svetlana-bojkova\/","og_locale":"fr_FR","og_type":"article","og_title":"\u0421\u0432\u0435\u0442\u043b\u0430\u043d\u0430 \u0411\u043e\u0436\u043a\u043e\u0432\u0430 - CEMIS","og_description":"SVETLANA BOJKOVA Waste managementMAGISTERIUM Ltd Svetlana Bozhkova is a Master of Chemist from the University of Chemical Technology and Metallurgy. She has successfully completed numerous courses and specializations to improve her qualification as a waste management expert.She was a Head of the Department of Municipal, Biodegradable and Construction Waste, Waste Management and Soil Protection Directorate, [&hellip;]","og_url":"https:\/\/www.cemis.bg\/fr\/aboutus\/svetlana-bojkova\/","og_site_name":"CEMIS","article_modified_time":"2021-11-29T19:49:44+00:00","og_image":[{"url":"https:\/\/www.cemis.bg\/wp-content\/uploads\/2021\/03\/Svetlana_Bojkova_300x300.jpg"}],"twitter_card":"summary_large_image","twitter_misc":{"Dur\u00e9e de lecture estim\u00e9e":"2 minutes"},"schema":{"@context":"https:\/\/schema.org","@graph":[{"@type":"WebPage","@id":"https:\/\/www.cemis.bg\/aboutus\/svetlana-bojkova\/","url":"https:\/\/www.cemis.bg\/aboutus\/svetlana-bojkova\/","name":"\u0421\u0432\u0435\u0442\u043b\u0430\u043d\u0430 \u0411\u043e\u0436\u043a\u043e\u0432\u0430 - CEMIS","isPartOf":{"@id":"https:\/\/www.cemis.bg\/en\/#website"},"datePublished":"2021-03-17T11:08:29+00:00","dateModified":"2021-11-29T19:49:44+00:00","breadcrumb":{"@id":"https:\/\/www.cemis.bg\/aboutus\/svetlana-bojkova\/#breadcrumb"},"inLanguage":"fr-FR","potentialAction":[{"@type":"ReadAction","target":["https:\/\/www.cemis.bg\/aboutus\/svetlana-bojkova\/"]}]},{"@type":"BreadcrumbList","@id":"https:\/\/www.cemis.bg\/aboutus\/svetlana-bojkova\/#breadcrumb","itemListElement":[{"@type":"ListItem","position":1,"name":"Home","item":"https:\/\/www.cemis.bg\/"},{"@type":"ListItem","position":2,"name":"\u0417\u0430 CEMIS","item":"https:\/\/www.cemis.bg\/aboutus\/"},{"@type":"ListItem","position":3,"name":"\u0421\u0432\u0435\u0442\u043b\u0430\u043d\u0430 \u0411\u043e\u0436\u043a\u043e\u0432\u0430"}]},{"@type":"WebSite","@id":"https:\/\/www.cemis.bg\/en\/#website","url":"https:\/\/www.cemis.bg\/en\/","name":"CEMIS","description":"Circular Economy Management Information System","publisher":{"@id":"https:\/\/www.cemis.bg\/en\/#organization"},"potentialAction":[{"@type":"SearchAction","target":{"@type":"EntryPoint","urlTemplate":"https:\/\/www.cemis.bg\/en\/?s={search_term_string}"},"query-input":"required name=search_term_string"}],"inLanguage":"fr-FR"},{"@type":"Organization","@id":"https:\/\/www.cemis.bg\/en\/#organization","name":"CEMIS","url":"https:\/\/www.cemis.bg\/en\/","logo":{"@type":"ImageObject","inLanguage":"fr-FR","@id":"https:\/\/www.cemis.bg\/en\/#\/schema\/logo\/image\/","url":"https:\/\/www.cemis.bg\/wp-content\/uploads\/2021\/10\/CEMIS-Logo-White1-2048x757-1.gif","contentUrl":"https:\/\/www.cemis.bg\/wp-content\/uploads\/2021\/10\/CEMIS-Logo-White1-2048x757-1.gif","width":2048,"height":757,"caption":"CEMIS"},"image":{"@id":"https:\/\/www.cemis.bg\/en\/#\/schema\/logo\/image\/"}}]}},"_links":{"self":[{"href":"https:\/\/www.cemis.bg\/fr\/wp-json\/wp\/v2\/pages\/820","targetHints":{"allow":["GET"]}}],"collection":[{"href":"https:\/\/www.cemis.bg\/fr\/wp-json\/wp\/v2\/pages"}],"about":[{"href":"https:\/\/www.cemis.bg\/fr\/wp-json\/wp\/v2\/types\/page"}],"author":[{"embeddable":true,"href":"https:\/\/www.cemis.bg\/fr\/wp-json\/wp\/v2\/users\/1"}],"replies":[{"embeddable":true,"href":"https:\/\/www.cemis.bg\/fr\/wp-json\/wp\/v2\/comments?post=820"}],"version-history":[{"count":35,"href":"https:\/\/www.cemis.bg\/fr\/wp-json\/wp\/v2\/pages\/820\/revisions"}],"predecessor-version":[{"id":16765,"href":"https:\/\/www.cemis.bg\/fr\/wp-json\/wp\/v2\/pages\/820\/revisions\/16765"}],"up":[{"embeddable":true,"href":"https:\/\/www.cemis.bg\/fr\/wp-json\/wp\/v2\/pages\/154"}],"wp:attachment":[{"href":"https:\/\/www.cemis.bg\/fr\/wp-json\/wp\/v2\/media?parent=820"}],"curies":[{"name":"wp","href":"https:\/\/api.w.org\/{rel}","templated":true}]}}