{"id":834,"date":"2021-03-17T13:29:30","date_gmt":"2021-03-17T11:29:30","guid":{"rendered":"http:\/\/www.cemis.bg\/?page_id=834"},"modified":"2021-09-09T18:08:20","modified_gmt":"2021-09-09T16:08:20","slug":"victoria-belokonska","status":"publish","type":"page","link":"https:\/\/www.cemis.bg\/fr\/aboutus\/victoria-belokonska\/","title":{"rendered":"Il n'y a pas d'autre choix que d'aller \u00e0 l'\u00e9cole."},"content":{"rendered":"<div data-elementor-type=\"wp-page\" data-elementor-id=\"834\" class=\"elementor elementor-834\">\n\t\t\t\t\t\t<div class=\"elementor-inner\">\n\t\t\t\t<div class=\"elementor-section-wrap\">\n\t\t\t\t\t\t\t\t\t<section class=\"elementor-section elementor-top-section elementor-element elementor-element-b4ec184 elementor-section-full_width elementor-section-stretched elementor-section-height-default elementor-section-height-default\" data-id=\"b4ec184\" data-element_type=\"section\" data-settings=\"{&quot;stretch_section&quot;:&quot;section-stretched&quot;}\">\n\t\t\t\t\t\t<div class=\"elementor-container elementor-column-gap-default\">\n\t\t\t\t\t\t\t<div class=\"elementor-row\">\n\t\t\t\t\t<div class=\"elementor-column elementor-col-100 elementor-top-column elementor-element elementor-element-2c87299\" data-id=\"2c87299\" data-element_type=\"column\" data-settings=\"{&quot;background_background&quot;:&quot;classic&quot;}\">\n\t\t\t<div class=\"elementor-column-wrap elementor-element-populated\">\n\t\t\t\t\t<div class=\"elementor-background-overlay\"><\/div>\n\t\t\t\t\t\t\t<div class=\"elementor-widget-wrap\">\n\t\t\t\t\t\t<section class=\"elementor-section elementor-inner-section elementor-element elementor-element-9951560 elementor-section-full_width elementor-section-height-default elementor-section-height-default\" data-id=\"9951560\" data-element_type=\"section\">\n\t\t\t\t\t\t<div class=\"elementor-container elementor-column-gap-no\">\n\t\t\t\t\t\t\t<div class=\"elementor-row\">\n\t\t\t\t\t<div class=\"elementor-column elementor-col-100 elementor-inner-column elementor-element elementor-element-aecf163\" data-id=\"aecf163\" data-element_type=\"column\">\n\t\t\t<div class=\"elementor-column-wrap elementor-element-populated\">\n\t\t\t\t\t\t\t<div class=\"elementor-widget-wrap\">\n\t\t\t\t\t\t<div class=\"elementor-element elementor-element-e027d5a elementor-widget elementor-widget-text-editor\" data-id=\"e027d5a\" data-element_type=\"widget\" data-widget_type=\"text-editor.default\">\n\t\t\t\t<div class=\"elementor-widget-container\">\n\t\t\t\t\t\t\t\t<div class=\"elementor-text-editor elementor-clearfix\">\n\t\t\t\t<img loading=\"lazy\" decoding=\"async\" class=\"size-full wp-image-838 alignleft\" src=\"https:\/\/www.cemis.bg\/wp-content\/uploads\/2021\/03\/Victoria_Belokonska_300x300.jpg\" alt=\"\u0412\u0438\u043a\u0442\u043e\u0440\u0438\u044f \u0411\u0435\u043b\u043e\u043a\u043e\u043d\u0441\u043a\u0430\" width=\"300\" height=\"300\" srcset=\"https:\/\/www.cemis.bg\/wp-content\/uploads\/2021\/03\/Victoria_Belokonska_300x300.jpg 300w, https:\/\/www.cemis.bg\/wp-content\/uploads\/2021\/03\/Victoria_Belokonska_300x300-150x150.jpg 150w, https:\/\/www.cemis.bg\/wp-content\/uploads\/2021\/03\/Victoria_Belokonska_300x300-12x12.jpg 12w\" sizes=\"auto, (max-width: 300px) 100vw, 300px\" \/>\n<div style=\"position: absolute; top: 100px; left: 315px;\">\n<p style=\"font-size: 15px; font-weight: 900; text-align: left;\">VICTORIA BELOKONSKA<\/p>\n<p style=\"line-height: 30px; font-family: Verdana; font-size: 15px; font-weight: 400;\">Collecte et traitement des d\u00e9chets<br clear=\"none\" \/>MAGISTERIUM Ltd<\/p>\n\n<\/div>\t\t\t\t\t<\/div>\n\t\t\t\t\t\t<\/div>\n\t\t\t\t<\/div>\n\t\t\t\t<div class=\"elementor-element elementor-element-56f4563 elementor-widget elementor-widget-spacer\" data-id=\"56f4563\" data-element_type=\"widget\" data-widget_type=\"spacer.default\">\n\t\t\t\t<div class=\"elementor-widget-container\">\n\t\t\t\t\t<div class=\"elementor-spacer\">\n\t\t\t<div class=\"elementor-spacer-inner\"><\/div>\n\t\t<\/div>\n\t\t\t\t<\/div>\n\t\t\t\t<\/div>\n\t\t\t\t\t\t<\/div>\n\t\t\t\t\t<\/div>\n\t\t<\/div>\n\t\t\t\t\t\t\t\t<\/div>\n\t\t\t\t\t<\/div>\n\t\t<\/section>\n\t\t\t\t<div class=\"elementor-element elementor-element-8a6a167 elementor-widget elementor-widget-text-editor\" data-id=\"8a6a167\" data-element_type=\"widget\" data-widget_type=\"text-editor.default\">\n\t\t\t\t<div class=\"elementor-widget-container\">\n\t\t\t\t\t\t\t\t<div class=\"elementor-text-editor elementor-clearfix\">\n\t\t\t\t<p style=\"line-height: 30px; font-family: Verdana; font-size: 15px; font-weight: 400; text-align: justify;\">Victoria Belokonska est titulaire d'un master en protection de l'environnement et d\u00e9veloppement durable obtenu \u00e0 l'universit\u00e9 de technologie chimique et de m\u00e9tallurgie de Sofia, ainsi qu'aupr\u00e8s d'universit\u00e9s du Royaume-Uni, de France et de Belgique. Ma\u00eetre chimiste, professeur de chimie avec une seconde sp\u00e9cialit\u00e9 en physique, acquise \u00e0 l'universit\u00e9 de Plovdiv \"Paisii Hilendarski\". Elle a suivi avec succ\u00e8s de nombreux cours et sp\u00e9cialisations pour am\u00e9liorer sa qualification en tant qu'experte dans les secteurs de la gestion des d\u00e9chets et de la gestion de projets.<br clear=\"none\" \/>Elle est actuellement experte chez MAGISTERIUM Ltd. Elle a \u00e9t\u00e9 la coordinatrice de projets : \" Mod\u00e8les pilotes pour une collecte et un stockage temporaire respectueux de l'environnement des d\u00e9chets m\u00e9nagers dangereux \" et \" \u00c9limination respectueuse de l'environnement des pesticides obsol\u00e8tes et autres produits phytosanitaires dont la date d'expiration est d\u00e9pass\u00e9e \", financ\u00e9s par le programme bulgaro-suisse de coop\u00e9ration visant \u00e0 r\u00e9duire les disparit\u00e9s \u00e9conomiques et sociales au sein de l'Union europ\u00e9enne \u00e9largie. Elle a occup\u00e9 des postes d'expert \u00e0 la direction de la gestion des d\u00e9chets et de la protection des sols, au minist\u00e8re de l'environnement et de l'eau.<br clear=\"none\" \/>Elle a plus de 14 ans d'exp\u00e9rience professionnelle pratique dans le domaine de la gestion des d\u00e9chets. Elle a particip\u00e9 au programme de coop\u00e9ration bulgaro-suisse, \u00e0 TAIEX - un outil d'assistance technique et d'\u00e9change d'informations de la Commission europ\u00e9enne, \u00e0 la participation aux GTE - Convention de B\u00e2le sur le contr\u00f4le des mouvements transfrontaliers de d\u00e9chets dangereux et de leur \u00e9limination, au nom de l'Europe centrale et orientale, en tant qu'observateur de la Convention, aux projets IMPEL, \u00e0 la participation au groupe de travail sur l'environnement - Conseil de l'Union europ\u00e9enne, etc.<\/p>\t\t\t\t\t<\/div>\n\t\t\t\t\t\t<\/div>\n\t\t\t\t<\/div>\n\t\t\t\t\t\t<\/div>\n\t\t\t\t\t<\/div>\n\t\t<\/div>\n\t\t\t\t\t\t\t\t<\/div>\n\t\t\t\t\t<\/div>\n\t\t<\/section>\n\t\t\t\t\t\t\t\t\t<\/div>\n\t\t\t<\/div>\n\t\t\t\t\t<\/div>","protected":false},"excerpt":{"rendered":"<p>VICTORIA BELOKONSKA Collecte et traitement des d\u00e9chetsMAGISTERIUM Ltd Victoria Belokonska est titulaire d'un master en protection de l'environnement et d\u00e9veloppement durable de l'Universit\u00e9 de technologie chimique et de m\u00e9tallurgie de Sofia, ainsi que d'universit\u00e9s du Royaume-Uni, de France et de Belgique. Ma\u00eetre chimiste, professeur de chimie avec une seconde sp\u00e9cialit\u00e9 en physique, acquise \u00e0 l'Universit\u00e9 de Plovdiv \"Paisii Hilendarski\". Elle [...]<\/p>","protected":false},"author":1,"featured_media":0,"parent":154,"menu_order":0,"comment_status":"closed","ping_status":"closed","template":"","meta":{"_mi_skip_tracking":false,"_monsterinsights_sitenote_active":false,"_monsterinsights_sitenote_note":"","_monsterinsights_sitenote_category":0,"footnotes":""},"class_list":["post-834","page","type-page","status-publish","hentry","entry"],"yoast_head":"<!-- This site is optimized with the Yoast SEO plugin v20.10 - https:\/\/yoast.com\/wordpress\/plugins\/seo\/ -->\n<title>\u0412\u0438\u043a\u0442\u043e\u0440\u0438\u044f \u0411\u0435\u043b\u043e\u043a\u043e\u043d\u0441\u043a\u0430 - CEMIS<\/title>\n<meta name=\"robots\" content=\"index, follow, max-snippet:-1, max-image-preview:large, max-video-preview:-1\" \/>\n<link rel=\"canonical\" href=\"https:\/\/www.cemis.bg\/fr\/aboutus\/victoria-belokonska\/\" \/>\n<meta property=\"og:locale\" content=\"fr_FR\" \/>\n<meta property=\"og:type\" content=\"article\" \/>\n<meta property=\"og:title\" content=\"\u0412\u0438\u043a\u0442\u043e\u0440\u0438\u044f \u0411\u0435\u043b\u043e\u043a\u043e\u043d\u0441\u043a\u0430 - CEMIS\" \/>\n<meta property=\"og:description\" content=\"VICTORIA BELOKONSKA Waste collection and treatmentMAGISTERIUM Ltd Victoria Belokonska holds a Master\u2019s degree in Environmental Protection and Sustainable Development from the University of Chemical Technology and Metallurgy, Sofia, together with universities from the United Kingdom, France and Belgium. Master Chemist, chemistry teacher with a second specialty in physics, acquired at Plovdiv University \u201cPaisii Hilendarski\u201d. She [&hellip;]\" \/>\n<meta property=\"og:url\" content=\"https:\/\/www.cemis.bg\/fr\/aboutus\/victoria-belokonska\/\" \/>\n<meta property=\"og:site_name\" content=\"CEMIS\" \/>\n<meta property=\"article:modified_time\" content=\"2021-09-09T16:08:20+00:00\" \/>\n<meta property=\"og:image\" content=\"https:\/\/www.cemis.bg\/wp-content\/uploads\/2021\/03\/Victoria_Belokonska_300x300.jpg\" \/>\n<meta name=\"twitter:card\" content=\"summary_large_image\" \/>\n<meta name=\"twitter:label1\" content=\"Dur\u00e9e de lecture estim\u00e9e\" \/>\n\t<meta name=\"twitter:data1\" content=\"1 minute\" \/>\n<script type=\"application\/ld+json\" class=\"yoast-schema-graph\">{\"@context\":\"https:\/\/schema.org\",\"@graph\":[{\"@type\":\"WebPage\",\"@id\":\"https:\/\/www.cemis.bg\/aboutus\/victoria-belokonska\/\",\"url\":\"https:\/\/www.cemis.bg\/aboutus\/victoria-belokonska\/\",\"name\":\"\u0412\u0438\u043a\u0442\u043e\u0440\u0438\u044f \u0411\u0435\u043b\u043e\u043a\u043e\u043d\u0441\u043a\u0430 - CEMIS\",\"isPartOf\":{\"@id\":\"https:\/\/www.cemis.bg\/en\/#website\"},\"datePublished\":\"2021-03-17T11:29:30+00:00\",\"dateModified\":\"2021-09-09T16:08:20+00:00\",\"breadcrumb\":{\"@id\":\"https:\/\/www.cemis.bg\/aboutus\/victoria-belokonska\/#breadcrumb\"},\"inLanguage\":\"fr-FR\",\"potentialAction\":[{\"@type\":\"ReadAction\",\"target\":[\"https:\/\/www.cemis.bg\/aboutus\/victoria-belokonska\/\"]}]},{\"@type\":\"BreadcrumbList\",\"@id\":\"https:\/\/www.cemis.bg\/aboutus\/victoria-belokonska\/#breadcrumb\",\"itemListElement\":[{\"@type\":\"ListItem\",\"position\":1,\"name\":\"Home\",\"item\":\"https:\/\/www.cemis.bg\/\"},{\"@type\":\"ListItem\",\"position\":2,\"name\":\"\u0417\u0430 CEMIS\",\"item\":\"https:\/\/www.cemis.bg\/aboutus\/\"},{\"@type\":\"ListItem\",\"position\":3,\"name\":\"\u0412\u0438\u043a\u0442\u043e\u0440\u0438\u044f \u0411\u0435\u043b\u043e\u043a\u043e\u043d\u0441\u043a\u0430\"}]},{\"@type\":\"WebSite\",\"@id\":\"https:\/\/www.cemis.bg\/en\/#website\",\"url\":\"https:\/\/www.cemis.bg\/en\/\",\"name\":\"CEMIS\",\"description\":\"Circular Economy Management Information System\",\"publisher\":{\"@id\":\"https:\/\/www.cemis.bg\/en\/#organization\"},\"potentialAction\":[{\"@type\":\"SearchAction\",\"target\":{\"@type\":\"EntryPoint\",\"urlTemplate\":\"https:\/\/www.cemis.bg\/en\/?s={search_term_string}\"},\"query-input\":\"required name=search_term_string\"}],\"inLanguage\":\"fr-FR\"},{\"@type\":\"Organization\",\"@id\":\"https:\/\/www.cemis.bg\/en\/#organization\",\"name\":\"CEMIS\",\"url\":\"https:\/\/www.cemis.bg\/en\/\",\"logo\":{\"@type\":\"ImageObject\",\"inLanguage\":\"fr-FR\",\"@id\":\"https:\/\/www.cemis.bg\/en\/#\/schema\/logo\/image\/\",\"url\":\"https:\/\/www.cemis.bg\/wp-content\/uploads\/2021\/10\/CEMIS-Logo-White1-2048x757-1.gif\",\"contentUrl\":\"https:\/\/www.cemis.bg\/wp-content\/uploads\/2021\/10\/CEMIS-Logo-White1-2048x757-1.gif\",\"width\":2048,\"height\":757,\"caption\":\"CEMIS\"},\"image\":{\"@id\":\"https:\/\/www.cemis.bg\/en\/#\/schema\/logo\/image\/\"}}]}<\/script>\n<!-- \/ Yoast SEO plugin. -->","yoast_head_json":{"title":"\u0412\u0438\u043a\u0442\u043e\u0440\u0438\u044f \u0411\u0435\u043b\u043e\u043a\u043e\u043d\u0441\u043a\u0430 - CEMIS","robots":{"index":"index","follow":"follow","max-snippet":"max-snippet:-1","max-image-preview":"max-image-preview:large","max-video-preview":"max-video-preview:-1"},"canonical":"https:\/\/www.cemis.bg\/fr\/aboutus\/victoria-belokonska\/","og_locale":"fr_FR","og_type":"article","og_title":"\u0412\u0438\u043a\u0442\u043e\u0440\u0438\u044f \u0411\u0435\u043b\u043e\u043a\u043e\u043d\u0441\u043a\u0430 - CEMIS","og_description":"VICTORIA BELOKONSKA Waste collection and treatmentMAGISTERIUM Ltd Victoria Belokonska holds a Master\u2019s degree in Environmental Protection and Sustainable Development from the University of Chemical Technology and Metallurgy, Sofia, together with universities from the United Kingdom, France and Belgium. Master Chemist, chemistry teacher with a second specialty in physics, acquired at Plovdiv University \u201cPaisii Hilendarski\u201d. She [&hellip;]","og_url":"https:\/\/www.cemis.bg\/fr\/aboutus\/victoria-belokonska\/","og_site_name":"CEMIS","article_modified_time":"2021-09-09T16:08:20+00:00","og_image":[{"url":"https:\/\/www.cemis.bg\/wp-content\/uploads\/2021\/03\/Victoria_Belokonska_300x300.jpg"}],"twitter_card":"summary_large_image","twitter_misc":{"Dur\u00e9e de lecture estim\u00e9e":"1 minute"},"schema":{"@context":"https:\/\/schema.org","@graph":[{"@type":"WebPage","@id":"https:\/\/www.cemis.bg\/aboutus\/victoria-belokonska\/","url":"https:\/\/www.cemis.bg\/aboutus\/victoria-belokonska\/","name":"\u0412\u0438\u043a\u0442\u043e\u0440\u0438\u044f \u0411\u0435\u043b\u043e\u043a\u043e\u043d\u0441\u043a\u0430 - CEMIS","isPartOf":{"@id":"https:\/\/www.cemis.bg\/en\/#website"},"datePublished":"2021-03-17T11:29:30+00:00","dateModified":"2021-09-09T16:08:20+00:00","breadcrumb":{"@id":"https:\/\/www.cemis.bg\/aboutus\/victoria-belokonska\/#breadcrumb"},"inLanguage":"fr-FR","potentialAction":[{"@type":"ReadAction","target":["https:\/\/www.cemis.bg\/aboutus\/victoria-belokonska\/"]}]},{"@type":"BreadcrumbList","@id":"https:\/\/www.cemis.bg\/aboutus\/victoria-belokonska\/#breadcrumb","itemListElement":[{"@type":"ListItem","position":1,"name":"Home","item":"https:\/\/www.cemis.bg\/"},{"@type":"ListItem","position":2,"name":"\u0417\u0430 CEMIS","item":"https:\/\/www.cemis.bg\/aboutus\/"},{"@type":"ListItem","position":3,"name":"\u0412\u0438\u043a\u0442\u043e\u0440\u0438\u044f \u0411\u0435\u043b\u043e\u043a\u043e\u043d\u0441\u043a\u0430"}]},{"@type":"WebSite","@id":"https:\/\/www.cemis.bg\/en\/#website","url":"https:\/\/www.cemis.bg\/en\/","name":"CEMIS","description":"Circular Economy Management Information System","publisher":{"@id":"https:\/\/www.cemis.bg\/en\/#organization"},"potentialAction":[{"@type":"SearchAction","target":{"@type":"EntryPoint","urlTemplate":"https:\/\/www.cemis.bg\/en\/?s={search_term_string}"},"query-input":"required name=search_term_string"}],"inLanguage":"fr-FR"},{"@type":"Organization","@id":"https:\/\/www.cemis.bg\/en\/#organization","name":"CEMIS","url":"https:\/\/www.cemis.bg\/en\/","logo":{"@type":"ImageObject","inLanguage":"fr-FR","@id":"https:\/\/www.cemis.bg\/en\/#\/schema\/logo\/image\/","url":"https:\/\/www.cemis.bg\/wp-content\/uploads\/2021\/10\/CEMIS-Logo-White1-2048x757-1.gif","contentUrl":"https:\/\/www.cemis.bg\/wp-content\/uploads\/2021\/10\/CEMIS-Logo-White1-2048x757-1.gif","width":2048,"height":757,"caption":"CEMIS"},"image":{"@id":"https:\/\/www.cemis.bg\/en\/#\/schema\/logo\/image\/"}}]}},"_links":{"self":[{"href":"https:\/\/www.cemis.bg\/fr\/wp-json\/wp\/v2\/pages\/834","targetHints":{"allow":["GET"]}}],"collection":[{"href":"https:\/\/www.cemis.bg\/fr\/wp-json\/wp\/v2\/pages"}],"about":[{"href":"https:\/\/www.cemis.bg\/fr\/wp-json\/wp\/v2\/types\/page"}],"author":[{"embeddable":true,"href":"https:\/\/www.cemis.bg\/fr\/wp-json\/wp\/v2\/users\/1"}],"replies":[{"embeddable":true,"href":"https:\/\/www.cemis.bg\/fr\/wp-json\/wp\/v2\/comments?post=834"}],"version-history":[{"count":35,"href":"https:\/\/www.cemis.bg\/fr\/wp-json\/wp\/v2\/pages\/834\/revisions"}],"predecessor-version":[{"id":10997,"href":"https:\/\/www.cemis.bg\/fr\/wp-json\/wp\/v2\/pages\/834\/revisions\/10997"}],"up":[{"embeddable":true,"href":"https:\/\/www.cemis.bg\/fr\/wp-json\/wp\/v2\/pages\/154"}],"wp:attachment":[{"href":"https:\/\/www.cemis.bg\/fr\/wp-json\/wp\/v2\/media?parent=834"}],"curies":[{"name":"wp","href":"https:\/\/api.w.org\/{rel}","templated":true}]}}