{"id":848,"date":"2021-03-17T13:37:00","date_gmt":"2021-03-17T11:37:00","guid":{"rendered":"http:\/\/www.cemis.bg\/?page_id=848"},"modified":"2021-11-29T21:51:31","modified_gmt":"2021-11-29T19:51:31","slug":"dobrina-ignatova","status":"publish","type":"page","link":"https:\/\/www.cemis.bg\/fr\/aboutus\/dobrina-ignatova\/","title":{"rendered":"Il n'y a pas d'autre choix que de le faire."},"content":{"rendered":"<div data-elementor-type=\"wp-page\" data-elementor-id=\"848\" class=\"elementor elementor-848\">\n\t\t\t\t\t\t<div class=\"elementor-inner\">\n\t\t\t\t<div class=\"elementor-section-wrap\">\n\t\t\t\t\t\t\t\t\t<section class=\"elementor-section elementor-top-section elementor-element elementor-element-0b66b12 elementor-section-full_width elementor-section-stretched elementor-section-height-default elementor-section-height-default\" data-id=\"0b66b12\" data-element_type=\"section\" data-settings=\"{&quot;stretch_section&quot;:&quot;section-stretched&quot;}\">\n\t\t\t\t\t\t<div class=\"elementor-container elementor-column-gap-default\">\n\t\t\t\t\t\t\t<div class=\"elementor-row\">\n\t\t\t\t\t<div class=\"elementor-column elementor-col-100 elementor-top-column elementor-element elementor-element-b249cdf\" data-id=\"b249cdf\" data-element_type=\"column\" data-settings=\"{&quot;background_background&quot;:&quot;classic&quot;}\">\n\t\t\t<div class=\"elementor-column-wrap elementor-element-populated\">\n\t\t\t\t\t<div class=\"elementor-background-overlay\"><\/div>\n\t\t\t\t\t\t\t<div class=\"elementor-widget-wrap\">\n\t\t\t\t\t\t<section class=\"elementor-section elementor-inner-section elementor-element elementor-element-673f85b elementor-section-full_width elementor-section-height-default elementor-section-height-default\" data-id=\"673f85b\" data-element_type=\"section\">\n\t\t\t\t\t\t<div class=\"elementor-container elementor-column-gap-no\">\n\t\t\t\t\t\t\t<div class=\"elementor-row\">\n\t\t\t\t\t<div class=\"elementor-column elementor-col-100 elementor-inner-column elementor-element elementor-element-1ae2e79\" data-id=\"1ae2e79\" data-element_type=\"column\">\n\t\t\t<div class=\"elementor-column-wrap elementor-element-populated\">\n\t\t\t\t\t\t\t<div class=\"elementor-widget-wrap\">\n\t\t\t\t\t\t<div class=\"elementor-element elementor-element-557fd25 elementor-widget elementor-widget-text-editor\" data-id=\"557fd25\" data-element_type=\"widget\" data-widget_type=\"text-editor.default\">\n\t\t\t\t<div class=\"elementor-widget-container\">\n\t\t\t\t\t\t\t\t<div class=\"elementor-text-editor elementor-clearfix\">\n\t\t\t\t<img loading=\"lazy\" decoding=\"async\" class=\"size-full wp-image-852 alignleft\" src=\"https:\/\/www.cemis.bg\/wp-content\/uploads\/2021\/03\/Dobrina_Ignatova_300x300.jpg\" alt=\"\u0414\u043e\u0431\u0440\u0438\u043d\u0430 \u0418\u0433\u043d\u0430\u0442\u043e\u0432\u0430\" width=\"300\" height=\"300\" srcset=\"https:\/\/www.cemis.bg\/wp-content\/uploads\/2021\/03\/Dobrina_Ignatova_300x300.jpg 300w, https:\/\/www.cemis.bg\/wp-content\/uploads\/2021\/03\/Dobrina_Ignatova_300x300-150x150.jpg 150w, https:\/\/www.cemis.bg\/wp-content\/uploads\/2021\/03\/Dobrina_Ignatova_300x300-12x12.jpg 12w\" sizes=\"auto, (max-width: 300px) 100vw, 300px\" \/>\n<div style=\"position: absolute; top: 100px; left: 315px;\">\n<p style=\"font-size: 15px; font-weight: 900; text-align: left;\">DOBRINA IGNATOVA<\/p>\n<p style=\"line-height: 30px; font-family: Verdana; font-size: 15px; font-weight: 400;\">Administration du bureau et projets d'infrastructure<br clear=\"none\" \/>MAGISTERIUM Ltd<\/p>\n\n<\/div>\t\t\t\t\t<\/div>\n\t\t\t\t\t\t<\/div>\n\t\t\t\t<\/div>\n\t\t\t\t<div class=\"elementor-element elementor-element-20d226d elementor-widget elementor-widget-spacer\" data-id=\"20d226d\" data-element_type=\"widget\" data-widget_type=\"spacer.default\">\n\t\t\t\t<div class=\"elementor-widget-container\">\n\t\t\t\t\t<div class=\"elementor-spacer\">\n\t\t\t<div class=\"elementor-spacer-inner\"><\/div>\n\t\t<\/div>\n\t\t\t\t<\/div>\n\t\t\t\t<\/div>\n\t\t\t\t\t\t<\/div>\n\t\t\t\t\t<\/div>\n\t\t<\/div>\n\t\t\t\t\t\t\t\t<\/div>\n\t\t\t\t\t<\/div>\n\t\t<\/section>\n\t\t\t\t<div class=\"elementor-element elementor-element-3965649 elementor-widget elementor-widget-text-editor\" data-id=\"3965649\" data-element_type=\"widget\" data-widget_type=\"text-editor.default\">\n\t\t\t\t<div class=\"elementor-widget-container\">\n\t\t\t\t\t\t\t\t<div class=\"elementor-text-editor elementor-clearfix\">\n\t\t\t\t<p style=\"line-height: 30px; font-family: Verdana; font-size: 15px; font-weight: 400; text-align: justify;\">Dobrina Ignatova est ing\u00e9nieur civil en approvisionnement en eau et assainissement - r\u00e9seaux et installations, acquise \u00e0 l'Institut sup\u00e9rieur d'architecture et de construction. Elle a suivi avec succ\u00e8s de nombreux cours et sp\u00e9cialisations pour am\u00e9liorer ses qualifications en tant que concepteur et sp\u00e9cialiste dans le domaine de l'environnement et des projets d'infrastructure.<br clear=\"none\" \/>Elle a occup\u00e9 le poste d'associ\u00e9e en chef pour la gestion des projets et programmes europ\u00e9ens, au D\u00e9partement de l'\u00e9valuation des projets et des contrats, Direction g\u00e9n\u00e9rale \"Programme op\u00e9rationnel Environnement\", Minist\u00e8re de l'environnement et de l'eau. Elle a occup\u00e9 des postes d'expert dans le d\u00e9partement des appels d'offres et de l'\u00e9valuation, Direction des fonds environnementaux de l'UE, Minist\u00e8re de l'environnement et de l'eau. Tout au long de sa carri\u00e8re professionnelle, elle a particip\u00e9 \u00e0 la conception de r\u00e9seaux ext\u00e9rieurs de plomberie et d'\u00e9gouts, d'installations internes d'eau et d'assainissement, d'installations hydro\u00e9lectriques, de stations d'\u00e9puration, etc. Elle poss\u00e8de une exp\u00e9rience pratique significative en tant qu'\u00e9valuatrice de propositions de projets, tant en ce qui concerne les dispositions du d\u00e9cret \u2116 162 du Conseil des ministres que les propositions de projets d'infrastructure dans le cadre du PO \"Environnement\".<br clear=\"none\" \/>Elle a plus de 41 ans d'exp\u00e9rience professionnelle pratique. Elle a de l'exp\u00e9rience dans le programme op\u00e9rationnel \"Environnement\", le programme op\u00e9rationnel \"D\u00e9veloppement des ressources humaines\", le programme op\u00e9rationnel \"Bonne gouvernance\" et autres.<\/p>\t\t\t\t\t<\/div>\n\t\t\t\t\t\t<\/div>\n\t\t\t\t<\/div>\n\t\t\t\t\t\t<\/div>\n\t\t\t\t\t<\/div>\n\t\t<\/div>\n\t\t\t\t\t\t\t\t<\/div>\n\t\t\t\t\t<\/div>\n\t\t<\/section>\n\t\t\t\t\t\t\t\t\t<\/div>\n\t\t\t<\/div>\n\t\t\t\t\t<\/div>","protected":false},"excerpt":{"rendered":"<p>DOBRINA IGNATOVA Administration du bureau et projets d'infrastructureMAGISTERIUM Ltd Dobrina Ignatova est un ing\u00e9nieur civil en approvisionnement en eau et assainissement - r\u00e9seaux et installations, acquis \u00e0 l'Institut sup\u00e9rieur d'architecture et de construction. Elle a suivi avec succ\u00e8s de nombreux cours et sp\u00e9cialisations pour am\u00e9liorer ses qualifications en tant que concepteur et sp\u00e9cialiste dans le domaine de l'environnement et [...].<\/p>","protected":false},"author":1,"featured_media":0,"parent":154,"menu_order":0,"comment_status":"closed","ping_status":"closed","template":"","meta":{"_mi_skip_tracking":false,"_monsterinsights_sitenote_active":false,"_monsterinsights_sitenote_note":"","_monsterinsights_sitenote_category":0,"footnotes":""},"class_list":["post-848","page","type-page","status-publish","hentry","entry"],"yoast_head":"<!-- This site is optimized with the Yoast SEO plugin v20.10 - https:\/\/yoast.com\/wordpress\/plugins\/seo\/ -->\n<title>\u0414\u043e\u0431\u0440\u0438\u043d\u0430 \u0418\u0433\u043d\u0430\u0442\u043e\u0432\u0430 - CEMIS<\/title>\n<meta name=\"robots\" content=\"index, follow, max-snippet:-1, max-image-preview:large, max-video-preview:-1\" \/>\n<link rel=\"canonical\" href=\"https:\/\/www.cemis.bg\/fr\/aboutus\/dobrina-ignatova\/\" \/>\n<meta property=\"og:locale\" content=\"fr_FR\" \/>\n<meta property=\"og:type\" content=\"article\" \/>\n<meta property=\"og:title\" content=\"\u0414\u043e\u0431\u0440\u0438\u043d\u0430 \u0418\u0433\u043d\u0430\u0442\u043e\u0432\u0430 - CEMIS\" \/>\n<meta property=\"og:description\" content=\"DOBRINA IGNATOVA Office administration and infrastructure projectsMAGISTERIUM Ltd Dobrina Ignatova is a Civil Engineer in water supply and sewerage \u2013 networks and facilities, acquired at the Higher Institute of Architecture and Construction. She has successfully completed numerous courses and specializations to improve her qualifications as a designer and specialist in the field of environment and [&hellip;]\" \/>\n<meta property=\"og:url\" content=\"https:\/\/www.cemis.bg\/fr\/aboutus\/dobrina-ignatova\/\" \/>\n<meta property=\"og:site_name\" content=\"CEMIS\" \/>\n<meta property=\"article:modified_time\" content=\"2021-11-29T19:51:31+00:00\" \/>\n<meta property=\"og:image\" content=\"https:\/\/www.cemis.bg\/wp-content\/uploads\/2021\/03\/Dobrina_Ignatova_300x300.jpg\" \/>\n<meta name=\"twitter:card\" content=\"summary_large_image\" \/>\n<meta name=\"twitter:label1\" content=\"Dur\u00e9e de lecture estim\u00e9e\" \/>\n\t<meta name=\"twitter:data1\" content=\"2 minutes\" \/>\n<script type=\"application\/ld+json\" class=\"yoast-schema-graph\">{\"@context\":\"https:\/\/schema.org\",\"@graph\":[{\"@type\":\"WebPage\",\"@id\":\"https:\/\/www.cemis.bg\/aboutus\/dobrina-ignatova\/\",\"url\":\"https:\/\/www.cemis.bg\/aboutus\/dobrina-ignatova\/\",\"name\":\"\u0414\u043e\u0431\u0440\u0438\u043d\u0430 \u0418\u0433\u043d\u0430\u0442\u043e\u0432\u0430 - CEMIS\",\"isPartOf\":{\"@id\":\"https:\/\/www.cemis.bg\/en\/#website\"},\"datePublished\":\"2021-03-17T11:37:00+00:00\",\"dateModified\":\"2021-11-29T19:51:31+00:00\",\"breadcrumb\":{\"@id\":\"https:\/\/www.cemis.bg\/aboutus\/dobrina-ignatova\/#breadcrumb\"},\"inLanguage\":\"fr-FR\",\"potentialAction\":[{\"@type\":\"ReadAction\",\"target\":[\"https:\/\/www.cemis.bg\/aboutus\/dobrina-ignatova\/\"]}]},{\"@type\":\"BreadcrumbList\",\"@id\":\"https:\/\/www.cemis.bg\/aboutus\/dobrina-ignatova\/#breadcrumb\",\"itemListElement\":[{\"@type\":\"ListItem\",\"position\":1,\"name\":\"Home\",\"item\":\"https:\/\/www.cemis.bg\/\"},{\"@type\":\"ListItem\",\"position\":2,\"name\":\"\u0417\u0430 CEMIS\",\"item\":\"https:\/\/www.cemis.bg\/aboutus\/\"},{\"@type\":\"ListItem\",\"position\":3,\"name\":\"\u0414\u043e\u0431\u0440\u0438\u043d\u0430 \u0418\u0433\u043d\u0430\u0442\u043e\u0432\u0430\"}]},{\"@type\":\"WebSite\",\"@id\":\"https:\/\/www.cemis.bg\/en\/#website\",\"url\":\"https:\/\/www.cemis.bg\/en\/\",\"name\":\"CEMIS\",\"description\":\"Circular Economy Management Information System\",\"publisher\":{\"@id\":\"https:\/\/www.cemis.bg\/en\/#organization\"},\"potentialAction\":[{\"@type\":\"SearchAction\",\"target\":{\"@type\":\"EntryPoint\",\"urlTemplate\":\"https:\/\/www.cemis.bg\/en\/?s={search_term_string}\"},\"query-input\":\"required name=search_term_string\"}],\"inLanguage\":\"fr-FR\"},{\"@type\":\"Organization\",\"@id\":\"https:\/\/www.cemis.bg\/en\/#organization\",\"name\":\"CEMIS\",\"url\":\"https:\/\/www.cemis.bg\/en\/\",\"logo\":{\"@type\":\"ImageObject\",\"inLanguage\":\"fr-FR\",\"@id\":\"https:\/\/www.cemis.bg\/en\/#\/schema\/logo\/image\/\",\"url\":\"https:\/\/www.cemis.bg\/wp-content\/uploads\/2021\/10\/CEMIS-Logo-White1-2048x757-1.gif\",\"contentUrl\":\"https:\/\/www.cemis.bg\/wp-content\/uploads\/2021\/10\/CEMIS-Logo-White1-2048x757-1.gif\",\"width\":2048,\"height\":757,\"caption\":\"CEMIS\"},\"image\":{\"@id\":\"https:\/\/www.cemis.bg\/en\/#\/schema\/logo\/image\/\"}}]}<\/script>\n<!-- \/ Yoast SEO plugin. -->","yoast_head_json":{"title":"\u0414\u043e\u0431\u0440\u0438\u043d\u0430 \u0418\u0433\u043d\u0430\u0442\u043e\u0432\u0430 - CEMIS","robots":{"index":"index","follow":"follow","max-snippet":"max-snippet:-1","max-image-preview":"max-image-preview:large","max-video-preview":"max-video-preview:-1"},"canonical":"https:\/\/www.cemis.bg\/fr\/aboutus\/dobrina-ignatova\/","og_locale":"fr_FR","og_type":"article","og_title":"\u0414\u043e\u0431\u0440\u0438\u043d\u0430 \u0418\u0433\u043d\u0430\u0442\u043e\u0432\u0430 - CEMIS","og_description":"DOBRINA IGNATOVA Office administration and infrastructure projectsMAGISTERIUM Ltd Dobrina Ignatova is a Civil Engineer in water supply and sewerage \u2013 networks and facilities, acquired at the Higher Institute of Architecture and Construction. She has successfully completed numerous courses and specializations to improve her qualifications as a designer and specialist in the field of environment and [&hellip;]","og_url":"https:\/\/www.cemis.bg\/fr\/aboutus\/dobrina-ignatova\/","og_site_name":"CEMIS","article_modified_time":"2021-11-29T19:51:31+00:00","og_image":[{"url":"https:\/\/www.cemis.bg\/wp-content\/uploads\/2021\/03\/Dobrina_Ignatova_300x300.jpg"}],"twitter_card":"summary_large_image","twitter_misc":{"Dur\u00e9e de lecture estim\u00e9e":"2 minutes"},"schema":{"@context":"https:\/\/schema.org","@graph":[{"@type":"WebPage","@id":"https:\/\/www.cemis.bg\/aboutus\/dobrina-ignatova\/","url":"https:\/\/www.cemis.bg\/aboutus\/dobrina-ignatova\/","name":"\u0414\u043e\u0431\u0440\u0438\u043d\u0430 \u0418\u0433\u043d\u0430\u0442\u043e\u0432\u0430 - CEMIS","isPartOf":{"@id":"https:\/\/www.cemis.bg\/en\/#website"},"datePublished":"2021-03-17T11:37:00+00:00","dateModified":"2021-11-29T19:51:31+00:00","breadcrumb":{"@id":"https:\/\/www.cemis.bg\/aboutus\/dobrina-ignatova\/#breadcrumb"},"inLanguage":"fr-FR","potentialAction":[{"@type":"ReadAction","target":["https:\/\/www.cemis.bg\/aboutus\/dobrina-ignatova\/"]}]},{"@type":"BreadcrumbList","@id":"https:\/\/www.cemis.bg\/aboutus\/dobrina-ignatova\/#breadcrumb","itemListElement":[{"@type":"ListItem","position":1,"name":"Home","item":"https:\/\/www.cemis.bg\/"},{"@type":"ListItem","position":2,"name":"\u0417\u0430 CEMIS","item":"https:\/\/www.cemis.bg\/aboutus\/"},{"@type":"ListItem","position":3,"name":"\u0414\u043e\u0431\u0440\u0438\u043d\u0430 \u0418\u0433\u043d\u0430\u0442\u043e\u0432\u0430"}]},{"@type":"WebSite","@id":"https:\/\/www.cemis.bg\/en\/#website","url":"https:\/\/www.cemis.bg\/en\/","name":"CEMIS","description":"Circular Economy Management Information System","publisher":{"@id":"https:\/\/www.cemis.bg\/en\/#organization"},"potentialAction":[{"@type":"SearchAction","target":{"@type":"EntryPoint","urlTemplate":"https:\/\/www.cemis.bg\/en\/?s={search_term_string}"},"query-input":"required name=search_term_string"}],"inLanguage":"fr-FR"},{"@type":"Organization","@id":"https:\/\/www.cemis.bg\/en\/#organization","name":"CEMIS","url":"https:\/\/www.cemis.bg\/en\/","logo":{"@type":"ImageObject","inLanguage":"fr-FR","@id":"https:\/\/www.cemis.bg\/en\/#\/schema\/logo\/image\/","url":"https:\/\/www.cemis.bg\/wp-content\/uploads\/2021\/10\/CEMIS-Logo-White1-2048x757-1.gif","contentUrl":"https:\/\/www.cemis.bg\/wp-content\/uploads\/2021\/10\/CEMIS-Logo-White1-2048x757-1.gif","width":2048,"height":757,"caption":"CEMIS"},"image":{"@id":"https:\/\/www.cemis.bg\/en\/#\/schema\/logo\/image\/"}}]}},"_links":{"self":[{"href":"https:\/\/www.cemis.bg\/fr\/wp-json\/wp\/v2\/pages\/848","targetHints":{"allow":["GET"]}}],"collection":[{"href":"https:\/\/www.cemis.bg\/fr\/wp-json\/wp\/v2\/pages"}],"about":[{"href":"https:\/\/www.cemis.bg\/fr\/wp-json\/wp\/v2\/types\/page"}],"author":[{"embeddable":true,"href":"https:\/\/www.cemis.bg\/fr\/wp-json\/wp\/v2\/users\/1"}],"replies":[{"embeddable":true,"href":"https:\/\/www.cemis.bg\/fr\/wp-json\/wp\/v2\/comments?post=848"}],"version-history":[{"count":38,"href":"https:\/\/www.cemis.bg\/fr\/wp-json\/wp\/v2\/pages\/848\/revisions"}],"predecessor-version":[{"id":16768,"href":"https:\/\/www.cemis.bg\/fr\/wp-json\/wp\/v2\/pages\/848\/revisions\/16768"}],"up":[{"embeddable":true,"href":"https:\/\/www.cemis.bg\/fr\/wp-json\/wp\/v2\/pages\/154"}],"wp:attachment":[{"href":"https:\/\/www.cemis.bg\/fr\/wp-json\/wp\/v2\/media?parent=848"}],"curies":[{"name":"wp","href":"https:\/\/api.w.org\/{rel}","templated":true}]}}